{"id":1155,"date":"2024-03-19T09:50:34","date_gmt":"2024-03-19T08:50:34","guid":{"rendered":"https:\/\/www.joblev.de\/?page_id=1155"},"modified":"2024-03-19T09:52:10","modified_gmt":"2024-03-19T08:52:10","slug":"aktuelles","status":"publish","type":"page","link":"https:\/\/www.joblev.de\/en\/aktuelles\/","title":{"rendered":"Aktuelles"},"content":{"rendered":"<div id=\"intro\"  data-column-margin=\"default\" data-midnight=\"dark\" data-top-percent=\"5%\" data-bottom-percent=\"0%\"  class=\"wpb_row vc_row-fluid vc_row full-width-content vc_row-o-equal-height vc_row-flex vc_row-o-content-middle  right_padding_27vw left_padding_27vw bottom_padding_tablet_12pct right_padding_tablet_20vw right_padding_phone_7vw left_padding_tablet_20vw left_padding_phone_7vw\"  style=\"padding-top: calc(100vw * 0.05); padding-bottom: calc(100vw * 0.00); \"><div class=\"row-bg-wrap\" data-bg-animation=\"none\" data-bg-animation-delay=\"\" data-bg-overlay=\"false\"><div class=\"inner-wrap row-bg-layer\" ><div class=\"row-bg viewport-desktop using-bg-color\"  style=\"background-color: #ffffff; \"><\/div><\/div><\/div><div class=\"row_col_wrap_12 col span_12 dark left\">\n\t<div  class=\"vc_col-sm-12 wpb_column column_container vc_column_container col centered-text column_position_static el_spacing_0px\"  data-overlay-color=\"true\" data-padding-pos=\"all\" data-has-bg-color=\"false\" data-bg-color=\"\" data-bg-opacity=\"1\" data-animation=\"\" data-delay=\"0\" >\n\t\t<div class=\"vc_column-inner\" ><div class=\"column-bg-overlay-wrap column-bg-layer\" data-bg-animation=\"none\"><div class=\"column-bg-overlay\"><\/div><div class=\"column-overlay-layer\" style=\"\"><\/div><\/div>\n\t\t\t<div class=\"wpb_wrapper\">\n\t\t\t\t<div class=\"nectar-highlighted-text font_size_3vw font_size_tablet_4vw font_size_phone_5vw font_line_height_1-4\" data-style=\"scribble\" data-exp=\"default\" data-id=\"circle-highlight2\" data-using-custom-color=\"false\" data-animation-delay=\"false\" data-color=\"\" data-color-gradient=\"\" style=\"\">\n<h2>Aktuelles<\/h2>\n<\/div>\n\t\t\t<\/div> \n\t\t<\/div>\n\t<\/div> \n<\/div><\/div>\r\n\t\t<div id=\"fws_6a03053bcdfc8\"  data-column-margin=\"default\" data-midnight=\"dark\"  class=\"wpb_row vc_row-fluid vc_row full-width-content vc_row-o-equal-height vc_row-flex vc_row-o-content-top\"  style=\"padding-top: 0px; padding-bottom: 0px; \"><div class=\"row-bg-wrap\" data-bg-animation=\"none\" data-bg-animation-delay=\"\" data-bg-overlay=\"false\"><div class=\"inner-wrap row-bg-layer\" ><div class=\"row-bg viewport-desktop using-bg-color\"  style=\"background-color: #ffffff; \"><\/div><\/div><\/div><div class=\"row_col_wrap_12 col span_12 dark left\">\n\t<div  class=\"vc_col-sm-12 wpb_column column_container vc_column_container col no-extra-padding el_spacing_0px inherit_tablet inherit_phone border_bottom_desktop_1px border_color_919ec6 border_style_solid\"  data-padding-pos=\"all\" data-has-bg-color=\"false\" data-bg-color=\"\" data-bg-opacity=\"1\" data-animation=\"\" data-delay=\"0\" >\n\t\t<div class=\"vc_column-inner\" >\n\t\t\t<div class=\"wpb_wrapper\">\n\t\t\t\t<div id=\"fws_6a03053bce446\" data-midnight=\"\" data-column-margin=\"none\" class=\"wpb_row vc_row-fluid vc_row inner_row vc_row-o-equal-height vc_row-flex\"  style=\"\"><div class=\"row-bg-wrap\"> <div class=\"row-bg\" ><\/div> <\/div><div class=\"row_col_wrap_12_inner col span_12  left\">\n\t<div  class=\"vc_col-sm-12 wpb_column column_container vc_column_container col child_column has-animation padding-5-percent inherit_tablet inherit_phone\"   data-padding-pos=\"all\" data-has-bg-color=\"false\" data-bg-color=\"\" data-bg-opacity=\"1\" data-animation=\"fade-in\" data-delay=\"0\" >\n\t\t<div class=\"vc_column-inner\" >\n\t\t<div class=\"wpb_wrapper\">\n\t\t\t\r\n<div class=\"row\">\r\n\r\n <div class=\"post-area col standard-minimal full-width-content span_12 col_last\" data-ams=\"\" data-remove-post-date=\"\" data-remove-post-author=\"1\" data-remove-post-comment-number=\"1\" data-remove-post-nectar-love=\"1\"> <div class=\"posts-container\" data-load-animation=\"none\">     \r\n     \r\n<article id=\"post-3204\" class=\"post-3204 post type-post status-publish format-standard category-allgemein\">  \r\n  <div class=\"inner-wrap animated\">\r\n    <div class=\"post-content\">\r\n      \r\n<div class=\"post-author\">\r\n  <div class=\"grav-wrap\"><a href=\"https:\/\/www.joblev.de\/en\/author\/bernhard-ibold\/\"><img alt='ibold' src='https:\/\/secure.gravatar.com\/avatar\/a0694d26097dbff182999895f499a7d4fbb90c75e8f2eff05075728f9dd0d84c?s=90&#038;d=mm&#038;r=g' srcset='https:\/\/secure.gravatar.com\/avatar\/a0694d26097dbff182999895f499a7d4fbb90c75e8f2eff05075728f9dd0d84c?s=180&#038;d=mm&#038;r=g 2x' class='avatar avatar-90 photo' height='90' width='90' \/><\/a><\/div>  <span class=\"meta-author\"> <a href=\"https:\/\/www.joblev.de\/en\/author\/bernhard-ibold\/\" title=\"Posts by ibold\" rel=\"author\">ibold<\/a><\/span>\r\n  \r\n  <span class=\"meta-category\"><span class=\"in\">In <\/span><a class=\"allgemein\" href=\"https:\/\/www.joblev.de\/en\/category\/allgemein\/\">Allgemein<\/a><\/span><\/div>      <div class=\"content-inner\">\r\n        <div class=\"article-content-wrap\">\r\n          <div class=\"post-header\">\r\n            <h2 class=\"title\"><a href=\"https:\/\/www.joblev.de\/en\/jsl-unterstuetzt-infoboerse-2026\/\"> JSL unterst\u00fctzt Infob\u00f6rse 2026<\/a><\/h2>\r\n          <\/div>\r\n          \r\n          <div class=\"excerpt\"><p>Infob\u00f6rse 2026 des Leverkusener Arbeitskreises Jugend &amp; Arbeit: Heute haben sich \u00fcber 200 Jugendliche im Rheindorfer Jugendhaus \u00fcber die vielf\u00e4ltigen Angeboten in unserer Stadt zum \u00dcbergang von der Schule in&#8230;<\/p>\n<\/div><a class=\"more-link\" href=\"https:\/\/www.joblev.de\/en\/jsl-unterstuetzt-infoboerse-2026\/\"><span class=\"continue-reading\">Read More<\/span><\/a>          \r\n        <\/div>\r\n      <\/div>\r\n    <\/div>\r\n  <\/div>\r\n<\/article>     \r\n     \r\n<article id=\"post-3188\" class=\"post-3188 post type-post status-publish format-standard category-allgemein\">  \r\n  <div class=\"inner-wrap animated\">\r\n    <div class=\"post-content\">\r\n      \r\n<div class=\"post-author\">\r\n  <div class=\"grav-wrap\"><a href=\"https:\/\/www.joblev.de\/en\/author\/bernhard-ibold\/\"><img alt='ibold' src='https:\/\/secure.gravatar.com\/avatar\/a0694d26097dbff182999895f499a7d4fbb90c75e8f2eff05075728f9dd0d84c?s=90&#038;d=mm&#038;r=g' srcset='https:\/\/secure.gravatar.com\/avatar\/a0694d26097dbff182999895f499a7d4fbb90c75e8f2eff05075728f9dd0d84c?s=180&#038;d=mm&#038;r=g 2x' class='avatar avatar-90 photo' height='90' width='90' \/><\/a><\/div>  <span class=\"meta-author\"> <a href=\"https:\/\/www.joblev.de\/en\/author\/bernhard-ibold\/\" title=\"Posts by ibold\" rel=\"author\">ibold<\/a><\/span>\r\n  \r\n  <span class=\"meta-category\"><span class=\"in\">In <\/span><a class=\"allgemein\" href=\"https:\/\/www.joblev.de\/en\/category\/allgemein\/\">Allgemein<\/a><\/span><\/div>      <div class=\"content-inner\">\r\n        <div class=\"article-content-wrap\">\r\n          <div class=\"post-header\">\r\n            <h2 class=\"title\"><a href=\"https:\/\/www.joblev.de\/en\/jsl-entsorgt-180-tonnen-wilder-muell-in-2025\/\"> JSL entsorgt 180 Tonnen &#8218;wilder M\u00fcll&#8216; in 2025<\/a><\/h2>\r\n          <\/div>\r\n          \r\n          <div class=\"excerpt\"><p>Immer wieder erschlie\u00dft die JOB Service Besch\u00e4ftigungsf\u00f6rderung (JSL) im Auftrag der st\u00e4dtischen Politik und Verwaltung neue Einsatz- und Qualifizierungsfelder f\u00fcr Menschen, die zuvor seit Jahren keine Arbeitsstelle finden konnten. Dazu&#8230;<\/p>\n<\/div><a class=\"more-link\" href=\"https:\/\/www.joblev.de\/en\/jsl-entsorgt-180-tonnen-wilder-muell-in-2025\/\"><span class=\"continue-reading\">Read More<\/span><\/a>          \r\n        <\/div>\r\n      <\/div>\r\n    <\/div>\r\n  <\/div>\r\n<\/article>     \r\n     \r\n<article id=\"post-3178\" class=\"post-3178 post type-post status-publish format-standard category-allgemein\">  \r\n  <div class=\"inner-wrap animated\">\r\n    <div class=\"post-content\">\r\n      \r\n<div class=\"post-author\">\r\n  <div class=\"grav-wrap\"><a href=\"https:\/\/www.joblev.de\/en\/author\/bernhard-ibold\/\"><img alt='ibold' src='https:\/\/secure.gravatar.com\/avatar\/a0694d26097dbff182999895f499a7d4fbb90c75e8f2eff05075728f9dd0d84c?s=90&#038;d=mm&#038;r=g' srcset='https:\/\/secure.gravatar.com\/avatar\/a0694d26097dbff182999895f499a7d4fbb90c75e8f2eff05075728f9dd0d84c?s=180&#038;d=mm&#038;r=g 2x' class='avatar avatar-90 photo' height='90' width='90' \/><\/a><\/div>  <span class=\"meta-author\"> <a href=\"https:\/\/www.joblev.de\/en\/author\/bernhard-ibold\/\" title=\"Posts by ibold\" rel=\"author\">ibold<\/a><\/span>\r\n  \r\n  <span class=\"meta-category\"><span class=\"in\">In <\/span><a class=\"allgemein\" href=\"https:\/\/www.joblev.de\/en\/category\/allgemein\/\">Allgemein<\/a><\/span><\/div>      <div class=\"content-inner\">\r\n        <div class=\"article-content-wrap\">\r\n          <div class=\"post-header\">\r\n            <h2 class=\"title\"><a href=\"https:\/\/www.joblev.de\/en\/bilanz-2025-30-000-menschen-in-kontakt-mit-jsl-hilfezentrum\/\"> Bilanz 2025: 30.000 Menschen in Kontakt mit JSL-Hilfezentrum<\/a><\/h2>\r\n          <\/div>\r\n          \r\n          <div class=\"excerpt\"><p>Beachtliche Zahlen: \u00dcber 10.000 Spender und weitere knapp 20.000 Empf\u00e4nger standen im Jahr 2025 in direktem Kontakt mit dem &#8222;Kommunalen Hilfezentrum &#8211; Tafel der Dinge&#8220;. Damit hat sich die von&#8230;<\/p>\n<\/div><a class=\"more-link\" href=\"https:\/\/www.joblev.de\/en\/bilanz-2025-30-000-menschen-in-kontakt-mit-jsl-hilfezentrum\/\"><span class=\"continue-reading\">Read More<\/span><\/a>          \r\n        <\/div>\r\n      <\/div>\r\n    <\/div>\r\n  <\/div>\r\n<\/article>     \r\n     \r\n<article id=\"post-3149\" class=\"post-3149 post type-post status-publish format-standard category-allgemein\">  \r\n  <div class=\"inner-wrap animated\">\r\n    <div class=\"post-content\">\r\n      \r\n<div class=\"post-author\">\r\n  <div class=\"grav-wrap\"><a href=\"https:\/\/www.joblev.de\/en\/author\/bernhard-ibold\/\"><img alt='ibold' src='https:\/\/secure.gravatar.com\/avatar\/a0694d26097dbff182999895f499a7d4fbb90c75e8f2eff05075728f9dd0d84c?s=90&#038;d=mm&#038;r=g' srcset='https:\/\/secure.gravatar.com\/avatar\/a0694d26097dbff182999895f499a7d4fbb90c75e8f2eff05075728f9dd0d84c?s=180&#038;d=mm&#038;r=g 2x' class='avatar avatar-90 photo' height='90' width='90' \/><\/a><\/div>  <span class=\"meta-author\"> <a href=\"https:\/\/www.joblev.de\/en\/author\/bernhard-ibold\/\" title=\"Posts by ibold\" rel=\"author\">ibold<\/a><\/span>\r\n  \r\n  <span class=\"meta-category\"><span class=\"in\">In <\/span><a class=\"allgemein\" href=\"https:\/\/www.joblev.de\/en\/category\/allgemein\/\">Allgemein<\/a><\/span><\/div>      <div class=\"content-inner\">\r\n        <div class=\"article-content-wrap\">\r\n          <div class=\"post-header\">\r\n            <h2 class=\"title\"><a href=\"https:\/\/www.joblev.de\/en\/aktuelle-jsl-stellenausschreibungen\/\"> Aktuelle JSL-Stellenausschreibungen<\/a><\/h2>\r\n          <\/div>\r\n          \r\n          <div class=\"excerpt\"><p>Bitte beachten Sie auch unsere aktuellen Stellenausschreibungen. Wir freuen uns darauf, Sie kennenzulernen.<\/p>\n<\/div><a class=\"more-link\" href=\"https:\/\/www.joblev.de\/en\/aktuelle-jsl-stellenausschreibungen\/\"><span class=\"continue-reading\">Read More<\/span><\/a>          \r\n        <\/div>\r\n      <\/div>\r\n    <\/div>\r\n  <\/div>\r\n<\/article>     \r\n     \r\n<article id=\"post-3048\" class=\"post-3048 post type-post status-publish format-standard category-allgemein\">  \r\n  <div class=\"inner-wrap animated\">\r\n    <div class=\"post-content\">\r\n      \r\n<div class=\"post-author\">\r\n  <div class=\"grav-wrap\"><a href=\"https:\/\/www.joblev.de\/en\/author\/bernhard-ibold\/\"><img alt='ibold' src='https:\/\/secure.gravatar.com\/avatar\/a0694d26097dbff182999895f499a7d4fbb90c75e8f2eff05075728f9dd0d84c?s=90&#038;d=mm&#038;r=g' srcset='https:\/\/secure.gravatar.com\/avatar\/a0694d26097dbff182999895f499a7d4fbb90c75e8f2eff05075728f9dd0d84c?s=180&#038;d=mm&#038;r=g 2x' class='avatar avatar-90 photo' height='90' width='90' \/><\/a><\/div>  <span class=\"meta-author\"> <a href=\"https:\/\/www.joblev.de\/en\/author\/bernhard-ibold\/\" title=\"Posts by ibold\" rel=\"author\">ibold<\/a><\/span>\r\n  \r\n  <span class=\"meta-category\"><span class=\"in\">In <\/span><a class=\"allgemein\" href=\"https:\/\/www.joblev.de\/en\/category\/allgemein\/\">Allgemein<\/a><\/span><\/div>      <div class=\"content-inner\">\r\n        <div class=\"article-content-wrap\">\r\n          <div class=\"post-header\">\r\n            <h2 class=\"title\"><a href=\"https:\/\/www.joblev.de\/en\/jsl-unterstuetzt-wir-fuer-unsere-stadt-2\/\"> JSL unterst\u00fctzt &#8218;Wir f\u00fcr unsere Stadt&#8216;<\/a><\/h2>\r\n          <\/div>\r\n          \r\n          <div class=\"excerpt\"><p>Auch 2026 beteiligt sich die JSL wieder gemeinsam mit der Stadt Leverkusen, der AVEA und dem Naturgut Ophoven an der Aktion &#8218;Wir f\u00fcr unsere Stadt&#8216; zur M\u00fcllbeseitigung im Stadtgebiet vom&#8230;<\/p>\n<\/div><a class=\"more-link\" href=\"https:\/\/www.joblev.de\/en\/jsl-unterstuetzt-wir-fuer-unsere-stadt-2\/\"><span class=\"continue-reading\">Read More<\/span><\/a>          \r\n        <\/div>\r\n      <\/div>\r\n    <\/div>\r\n  <\/div>\r\n<\/article>     \r\n     \r\n<article id=\"post-2951\" class=\"post-2951 post type-post status-publish format-standard category-allgemein\">  \r\n  <div class=\"inner-wrap animated\">\r\n    <div class=\"post-content\">\r\n      \r\n<div class=\"post-author\">\r\n  <div class=\"grav-wrap\"><a href=\"https:\/\/www.joblev.de\/en\/author\/bernhard-ibold\/\"><img alt='ibold' src='https:\/\/secure.gravatar.com\/avatar\/a0694d26097dbff182999895f499a7d4fbb90c75e8f2eff05075728f9dd0d84c?s=90&#038;d=mm&#038;r=g' srcset='https:\/\/secure.gravatar.com\/avatar\/a0694d26097dbff182999895f499a7d4fbb90c75e8f2eff05075728f9dd0d84c?s=180&#038;d=mm&#038;r=g 2x' class='avatar avatar-90 photo' height='90' width='90' \/><\/a><\/div>  <span class=\"meta-author\"> <a href=\"https:\/\/www.joblev.de\/en\/author\/bernhard-ibold\/\" title=\"Posts by ibold\" rel=\"author\">ibold<\/a><\/span>\r\n  \r\n  <span class=\"meta-category\"><span class=\"in\">In <\/span><a class=\"allgemein\" href=\"https:\/\/www.joblev.de\/en\/category\/allgemein\/\">Allgemein<\/a><\/span><\/div>      <div class=\"content-inner\">\r\n        <div class=\"article-content-wrap\">\r\n          <div class=\"post-header\">\r\n            <h2 class=\"title\"><a href=\"https:\/\/www.joblev.de\/en\/kooperation-tbl-und-jsl-neuer-supersauger-fuer-fussgaengerzone-wiesdorf\/\"> Kooperation TBL und JSL: Neuer Supersauger f\u00fcr Fu\u00dfg\u00e4ngerzone Wiesdorf<\/a><\/h2>\r\n          <\/div>\r\n          \r\n          <div class=\"excerpt\"><p>Neu ab 2026: Die TBL \u00fcbernehmen Anschaffung und Wartung des Ger\u00e4tes. Die JSL stellt im Rahmen eines Besch\u00e4ftigungs- und Qualifizierungsprojektes das notwendige Personal. Alle Infos dazu gleich hier.<\/p>\n<\/div><a class=\"more-link\" href=\"https:\/\/www.joblev.de\/en\/kooperation-tbl-und-jsl-neuer-supersauger-fuer-fussgaengerzone-wiesdorf\/\"><span class=\"continue-reading\">Read More<\/span><\/a>          \r\n        <\/div>\r\n      <\/div>\r\n    <\/div>\r\n  <\/div>\r\n<\/article>     \r\n     \r\n<article id=\"post-2892\" class=\"post-2892 post type-post status-publish format-standard category-allgemein\">  \r\n  <div class=\"inner-wrap animated\">\r\n    <div class=\"post-content\">\r\n      \r\n<div class=\"post-author\">\r\n  <div class=\"grav-wrap\"><a href=\"https:\/\/www.joblev.de\/en\/author\/bernhard-ibold\/\"><img alt='ibold' src='https:\/\/secure.gravatar.com\/avatar\/a0694d26097dbff182999895f499a7d4fbb90c75e8f2eff05075728f9dd0d84c?s=90&#038;d=mm&#038;r=g' srcset='https:\/\/secure.gravatar.com\/avatar\/a0694d26097dbff182999895f499a7d4fbb90c75e8f2eff05075728f9dd0d84c?s=180&#038;d=mm&#038;r=g 2x' class='avatar avatar-90 photo' height='90' width='90' \/><\/a><\/div>  <span class=\"meta-author\"> <a href=\"https:\/\/www.joblev.de\/en\/author\/bernhard-ibold\/\" title=\"Posts by ibold\" rel=\"author\">ibold<\/a><\/span>\r\n  \r\n  <span class=\"meta-category\"><span class=\"in\">In <\/span><a class=\"allgemein\" href=\"https:\/\/www.joblev.de\/en\/category\/allgemein\/\">Allgemein<\/a><\/span><\/div>      <div class=\"content-inner\">\r\n        <div class=\"article-content-wrap\">\r\n          <div class=\"post-header\">\r\n            <h2 class=\"title\"><a href=\"https:\/\/www.joblev.de\/en\/oeffnungszeiten-der-jsl-stadtteilbueros-zwischen-weihnachten-und-neujahr\/\"> \u00d6ffnungszeiten der JSL-Stadtteilb\u00fcros zwischen Weihnachten und Neujahr<\/a><\/h2>\r\n          <\/div>\r\n          \r\n          <div class=\"excerpt\"><p>Wir bitten um Beachtung, dass die JSL-Stadtteilb\u00fcros in Rheindorf, Wiesdorf und Steinb\u00fcchel ab 22. Dezember bis einschlie\u00dflich 02. Januar geschlossen sind. Bitte wenden Sie sich in dieser Zeit an das&#8230;<\/p>\n<\/div><a class=\"more-link\" href=\"https:\/\/www.joblev.de\/en\/oeffnungszeiten-der-jsl-stadtteilbueros-zwischen-weihnachten-und-neujahr\/\"><span class=\"continue-reading\">Read More<\/span><\/a>          \r\n        <\/div>\r\n      <\/div>\r\n    <\/div>\r\n  <\/div>\r\n<\/article>     \r\n     \r\n<article id=\"post-2735\" class=\"post-2735 post type-post status-publish format-standard category-allgemein\">  \r\n  <div class=\"inner-wrap animated\">\r\n    <div class=\"post-content\">\r\n      \r\n<div class=\"post-author\">\r\n  <div class=\"grav-wrap\"><a href=\"https:\/\/www.joblev.de\/en\/author\/bernhard-ibold\/\"><img alt='ibold' src='https:\/\/secure.gravatar.com\/avatar\/a0694d26097dbff182999895f499a7d4fbb90c75e8f2eff05075728f9dd0d84c?s=90&#038;d=mm&#038;r=g' srcset='https:\/\/secure.gravatar.com\/avatar\/a0694d26097dbff182999895f499a7d4fbb90c75e8f2eff05075728f9dd0d84c?s=180&#038;d=mm&#038;r=g 2x' class='avatar avatar-90 photo' height='90' width='90' \/><\/a><\/div>  <span class=\"meta-author\"> <a href=\"https:\/\/www.joblev.de\/en\/author\/bernhard-ibold\/\" title=\"Posts by ibold\" rel=\"author\">ibold<\/a><\/span>\r\n  \r\n  <span class=\"meta-category\"><span class=\"in\">In <\/span><a class=\"allgemein\" href=\"https:\/\/www.joblev.de\/en\/category\/allgemein\/\">Allgemein<\/a><\/span><\/div>      <div class=\"content-inner\">\r\n        <div class=\"article-content-wrap\">\r\n          <div class=\"post-header\">\r\n            <h2 class=\"title\"><a href=\"https:\/\/www.joblev.de\/en\/avea-und-jsl-eine-schatzkiste-fuer-alle\/\"> AVEA und JSL: Eine Schatzkiste f\u00fcr alle<\/a><\/h2>\r\n          <\/div>\r\n          \r\n          <div class=\"excerpt\"><p>Die AVEA und die JSL starten die &#8218;Schatzkiste f\u00fcr alle&#8216;. Alle weiteren Informationen finden Sie gleich hier: Stadtanzeiger, 17.09.25 Rheinische Post, 19.09.25<\/p>\n<\/div><a class=\"more-link\" href=\"https:\/\/www.joblev.de\/en\/avea-und-jsl-eine-schatzkiste-fuer-alle\/\"><span class=\"continue-reading\">Read More<\/span><\/a>          \r\n        <\/div>\r\n      <\/div>\r\n    <\/div>\r\n  <\/div>\r\n<\/article>     \r\n     \r\n<article id=\"post-2700\" class=\"post-2700 post type-post status-publish format-standard category-allgemein\">  \r\n  <div class=\"inner-wrap animated\">\r\n    <div class=\"post-content\">\r\n      \r\n<div class=\"post-author\">\r\n  <div class=\"grav-wrap\"><a href=\"https:\/\/www.joblev.de\/en\/author\/bernhard-ibold\/\"><img alt='ibold' src='https:\/\/secure.gravatar.com\/avatar\/a0694d26097dbff182999895f499a7d4fbb90c75e8f2eff05075728f9dd0d84c?s=90&#038;d=mm&#038;r=g' srcset='https:\/\/secure.gravatar.com\/avatar\/a0694d26097dbff182999895f499a7d4fbb90c75e8f2eff05075728f9dd0d84c?s=180&#038;d=mm&#038;r=g 2x' class='avatar avatar-90 photo' height='90' width='90' \/><\/a><\/div>  <span class=\"meta-author\"> <a href=\"https:\/\/www.joblev.de\/en\/author\/bernhard-ibold\/\" title=\"Posts by ibold\" rel=\"author\">ibold<\/a><\/span>\r\n  \r\n  <span class=\"meta-category\"><span class=\"in\">In <\/span><a class=\"allgemein\" href=\"https:\/\/www.joblev.de\/en\/category\/allgemein\/\">Allgemein<\/a><\/span><\/div>      <div class=\"content-inner\">\r\n        <div class=\"article-content-wrap\">\r\n          <div class=\"post-header\">\r\n            <h2 class=\"title\"><a href=\"https:\/\/www.joblev.de\/en\/xxx\/\"> &#8218;Tafel der Dinge&#8216; zum Welt\u00fcberlastungstag als nachhaltiges Projekt vorgestellt<\/a><\/h2>\r\n          <\/div>\r\n          \r\n          <div class=\"excerpt\"><p>Zum Welt\u00fcberlastungstag 2025 am 24. Juli hat das NaturGut Ophoven das von der JSL durchgef\u00fchrte Besch\u00e4ftigungs- und Qualifizierungsprojekt &#8218;Kommunales Hilfezentrum &#8211; Tafel der Dinge&#8216; als Projekt der Nachhaltigkeit in Leverkusen&#8230;<\/p>\n<\/div><a class=\"more-link\" href=\"https:\/\/www.joblev.de\/en\/xxx\/\"><span class=\"continue-reading\">Read More<\/span><\/a>          \r\n        <\/div>\r\n      <\/div>\r\n    <\/div>\r\n  <\/div>\r\n<\/article>     \r\n     \r\n<article id=\"post-2662\" class=\"post-2662 post type-post status-publish format-standard category-allgemein\">  \r\n  <div class=\"inner-wrap animated\">\r\n    <div class=\"post-content\">\r\n      \r\n<div class=\"post-author\">\r\n  <div class=\"grav-wrap\"><a href=\"https:\/\/www.joblev.de\/en\/author\/bernhard-ibold\/\"><img alt='ibold' src='https:\/\/secure.gravatar.com\/avatar\/a0694d26097dbff182999895f499a7d4fbb90c75e8f2eff05075728f9dd0d84c?s=90&#038;d=mm&#038;r=g' srcset='https:\/\/secure.gravatar.com\/avatar\/a0694d26097dbff182999895f499a7d4fbb90c75e8f2eff05075728f9dd0d84c?s=180&#038;d=mm&#038;r=g 2x' class='avatar avatar-90 photo' height='90' width='90' \/><\/a><\/div>  <span class=\"meta-author\"> <a href=\"https:\/\/www.joblev.de\/en\/author\/bernhard-ibold\/\" title=\"Posts by ibold\" rel=\"author\">ibold<\/a><\/span>\r\n  \r\n  <span class=\"meta-category\"><span class=\"in\">In <\/span><a class=\"allgemein\" href=\"https:\/\/www.joblev.de\/en\/category\/allgemein\/\">Allgemein<\/a><\/span><\/div>      <div class=\"content-inner\">\r\n        <div class=\"article-content-wrap\">\r\n          <div class=\"post-header\">\r\n            <h2 class=\"title\"><a href=\"https:\/\/www.joblev.de\/en\/anmeldung-berufssprachkurs-deutsch-b2-ab-22-09-2025\/\"> Anmeldung zum neuen Berufssprachkurs Deutsch B2<\/a><\/h2>\r\n          <\/div>\r\n          \r\n          <div class=\"excerpt\"><p>Unser neuer Berufssprachkurs Deutsch mit dem Zielsprachniveau B2 startet am 22.09.2025. Informieren Sie sich \u00fcber das neue Angebot gleich hier.<\/p>\n<\/div><a class=\"more-link\" href=\"https:\/\/www.joblev.de\/en\/anmeldung-berufssprachkurs-deutsch-b2-ab-22-09-2025\/\"><span class=\"continue-reading\">Read More<\/span><\/a>          \r\n        <\/div>\r\n      <\/div>\r\n    <\/div>\r\n  <\/div>\r\n<\/article>    \r\n    <\/div><!--\/posts container-->\r\n    \r\n      \r\n<\/div><!--\/post area-->\r\n\r\n  \r\n\r\n<\/div>\r\n\r\n\n\t\t<\/div> \n\t<\/div>\n\t<\/div> \n<\/div><\/div>\n\t\t\t<\/div> \n\t\t<\/div>\n\t<\/div> \n<\/div><\/div>","protected":false},"excerpt":{"rendered":"Unser neuer Berufssprachkurs Deutsch mit dem Zielsprachniveau B2 startet am 22.09.2025. Informieren Sie sich \u00fcber das neue Angebot gleich hier.","protected":false},"author":1,"featured_media":0,"parent":0,"menu_order":0,"comment_status":"closed","ping_status":"closed","template":"","meta":{"footnotes":""},"class_list":["post-1155","page","type-page","status-publish"],"aioseo_notices":[],"_links":{"self":[{"href":"https:\/\/www.joblev.de\/en\/wp-json\/wp\/v2\/pages\/1155","targetHints":{"allow":["GET"]}}],"collection":[{"href":"https:\/\/www.joblev.de\/en\/wp-json\/wp\/v2\/pages"}],"about":[{"href":"https:\/\/www.joblev.de\/en\/wp-json\/wp\/v2\/types\/page"}],"author":[{"embeddable":true,"href":"https:\/\/www.joblev.de\/en\/wp-json\/wp\/v2\/users\/1"}],"replies":[{"embeddable":true,"href":"https:\/\/www.joblev.de\/en\/wp-json\/wp\/v2\/comments?post=1155"}],"version-history":[{"count":0,"href":"https:\/\/www.joblev.de\/en\/wp-json\/wp\/v2\/pages\/1155\/revisions"}],"wp:attachment":[{"href":"https:\/\/www.joblev.de\/en\/wp-json\/wp\/v2\/media?parent=1155"}],"curies":[{"name":"wp","href":"https:\/\/api.w.org\/{rel}","templated":true}]}}