{"id":1362,"date":"2024-05-24T13:48:07","date_gmt":"2024-05-24T11:48:07","guid":{"rendered":"https:\/\/www.joblev.de\/?page_id=1362"},"modified":"2025-02-10T15:04:21","modified_gmt":"2025-02-10T14:04:21","slug":"individuelle-eingliederung","status":"publish","type":"page","link":"https:\/\/www.joblev.de\/en\/die-jsl-im-quartier\/individuelle-eingliederung\/","title":{"rendered":"Individuelle Eingliederungsma\u00dfnahme"},"content":{"rendered":"<div id=\"fws_6a04a10d4108c\"  data-column-margin=\"90px\" data-midnight=\"dark\" data-top-percent=\"2%\" data-bottom-percent=\"8%\"  class=\"wpb_row vc_row-fluid vc_row full-width-section\"  style=\"padding-top: calc(100vw * 0.02); padding-bottom: calc(100vw * 0.08); \"><div class=\"row-bg-wrap\" data-bg-animation=\"none\" data-bg-animation-delay=\"\" data-bg-overlay=\"false\"><div class=\"inner-wrap row-bg-layer\" ><div class=\"row-bg viewport-desktop using-bg-color\"  style=\"background-color: #e8f0ff; \"><\/div><\/div><\/div><div class=\"row_col_wrap_12 col span_12 dark left\">\n\t<div  class=\"vc_col-sm-9 wpb_column column_container vc_column_container col has-animation padding-1-percent inherit_tablet inherit_phone\"  data-t-w-inherits=\"small_desktop\" data-padding-pos=\"top\" data-has-bg-color=\"false\" data-bg-color=\"\" data-bg-opacity=\"1\" data-animation=\"fade-in-from-bottom\" data-delay=\"0\" >\n\t\t<div class=\"vc_column-inner\" >\n\t\t\t<div class=\"wpb_wrapper\">\n\t\t\t\t\r\n<div class=\"wpb_text_column wpb_content_element\" >\r\n\t<div class=\"wpb_wrapper\">\r\n\t\t<h2>Individuelle Eingliederungsma\u00dfnahme<\/h2>\n\t<\/div>\r\n<\/div>\r\n\r\n\r\n\r\n<div id=\"fws_6a04a10d413d6\" data-midnight=\"\" data-column-margin=\"60px\" class=\"wpb_row vc_row-fluid vc_row inner_row\"  style=\"padding-top: 15px; \"><div class=\"row-bg-wrap\"> <div class=\"row-bg\" ><\/div> <\/div><div class=\"row_col_wrap_12_inner col span_12  left\">\n\t<div  class=\"vc_col-sm-12 wpb_column column_container vc_column_container col child_column no-extra-padding inherit_tablet inherit_phone\"   data-padding-pos=\"all\" data-has-bg-color=\"false\" data-bg-color=\"\" data-bg-opacity=\"1\" data-animation=\"\" data-delay=\"0\" >\n\t\t<div class=\"vc_column-inner\" >\n\t\t<div class=\"wpb_wrapper\">\n\t\t\t\r\n<div class=\"wpb_text_column wpb_content_element\" >\r\n\t<div class=\"wpb_wrapper\">\r\n\t\t\t<\/div>\r\n<\/div>\r\n\r\n\r\n\r\n\n\t\t<\/div> \n\t<\/div>\n\t<\/div> \n<\/div><\/div><div id=\"fws_6a04a10d41575\" data-midnight=\"\" data-column-margin=\"60px\" class=\"wpb_row vc_row-fluid vc_row inner_row  vc_custom_1706517158074\"  style=\"padding-top: 15px; \"><div class=\"row-bg-wrap\"> <div class=\"row-bg\" ><\/div> <\/div><div class=\"row_col_wrap_12_inner col span_12  left\">\n\t<div  class=\"vc_col-sm-6 wpb_column column_container vc_column_container col child_column padding-5-percent inherit_tablet inherit_phone\"   data-padding-pos=\"left\" data-has-bg-color=\"false\" data-bg-color=\"\" data-bg-opacity=\"1\" data-animation=\"\" data-delay=\"0\" >\n\t\t<div class=\"vc_column-inner\" >\n\t\t<div class=\"wpb_wrapper\">\n\t\t\t\r\n<div class=\"wpb_text_column wpb_content_element  vc_custom_1716813014898\" >\r\n\t<div class=\"wpb_wrapper\">\r\n\t\t<p><strong>Welche T\u00e4tigkeit wird ausgef\u00fchrt?<\/strong><\/p>\n<ul>\n<li>Beratung, Aktivierung, Qualifizierung, Berufliche Orientierung im Auftrag des Jobcenters Arbeit und Grundsicherung Leverkusen<\/li>\n<li>Zu Beginn findet ein pers\u00f6nliches Gespr\u00e4ch statt. Hier wird gekl\u00e4rt, welche Unterst\u00fctzungsbedarfe zur Arbeitsaufnahme bestehen.<\/li>\n<li>Danach nutzen Sie unsere Angebote in zehn Wochen an drei Pr\u00e4senztagen pro Woche.<\/li>\n<li>Zahlreiche Unterst\u00fctzungsangebote und Qualifizierungen k\u00f6nnen auch digital mit Hilfe von Videokonferenzen durchgef\u00fchrt werden.<\/li>\n<\/ul>\n<p><strong>Welche Kenntnisse und F\u00e4higkeiten werden vermittelt?<\/strong><\/p>\n<p><strong>\u2013 Orientierung und Beratung<\/strong><\/p>\n<ul>\n<li>Erfassung der Lebens- und Berufssituation<\/li>\n<li>Unterst\u00fctzung bei der Entwicklung Ihrer Potenziale<\/li>\n<\/ul>\n<p><strong>\u2013 Berufsperspektiven<\/strong><\/p>\n<ul>\n<li>Reflexion Ihres beruflichen Werdegangs<\/li>\n<li>Erschlie\u00dfung neuer Berufschancen<\/li>\n<li>Praktikumsm\u00f6glichkeiten<\/li>\n<\/ul>\n<p><strong>\u2013 Bewerbungsaktivit\u00e4ten<\/strong><\/p>\n<ul>\n<li>Unterst\u00fctzung bei der Stellensuche<\/li>\n<li>Bewerbungstraining<\/li>\n<li>Erstellung von Bewerbungsunterlagen<\/li>\n<\/ul>\n<p><strong>\u2013 Bewerbung digital<\/strong><\/p>\n<ul>\n<li>Einf\u00fchrung in die Arbeitswelt 4.0<\/li>\n<li>Vermittlung von IT-Grundkenntnissen<\/li>\n<li>Soziale Medien und Stellensuche<\/li>\n<li>Anlage Ihres digitalen Bewerbungsprofils<\/li>\n<li>Online-Angebote zur Arbeits- und Ausbildungssuche<\/li>\n<\/ul>\n<p><strong>\u2013 Vermittlung<\/strong><\/p>\n<ul>\n<li>Unterst\u00fctzung durch zahlreiche Unternehmenskontakte<\/li>\n<li>Vermittlung in den Arbeitsmarkt<\/li>\n<li>Coaching nach Vermittlung<\/li>\n<\/ul>\n\t<\/div>\r\n<\/div>\r\n\r\n\r\n\r\n\n\t\t<\/div> \n\t<\/div>\n\t<\/div> \n\n\t<div  class=\"vc_col-sm-6 wpb_column column_container vc_column_container col child_column padding-2-percent inherit_tablet padding-5-percent_phone\"   data-padding-pos=\"left\" data-has-bg-color=\"false\" data-bg-color=\"\" data-bg-opacity=\"1\" data-animation=\"\" data-delay=\"0\" >\n\t\t<div class=\"vc_column-inner\" >\n\t\t<div class=\"wpb_wrapper\">\n\t\t\t\r\n<div class=\"wpb_text_column wpb_content_element\" >\r\n\t<div class=\"wpb_wrapper\">\r\n\t\t<p><strong>Welche Voraussetzungen bestehen f\u00fcr eine Mitarbeit?<\/strong><\/p>\n<ul>\n<li>Interessierte werden \u00fcber das Jobcenter Arbeit und Grundsicherung zugewiesen.<\/li>\n<\/ul>\n<p><strong>Wann ist der Einstieg m\u00f6glich?<\/strong><\/p>\n<ul>\n<li>Jederzeit<\/li>\n<\/ul>\n<p><strong>Wie lange ist die Mitarbeit m\u00f6glich?<\/strong><\/p>\n<ul>\n<li>Individuelle F\u00f6rderdauer<\/li>\n<li>In der Regel bis zu zehn Wochen<\/li>\n<li>Auch ein Zugang \u00fcber die Beratung in unseren Stadtteilb\u00fcros ist m\u00f6glich.<\/li>\n<\/ul>\n<p><strong>Anmeldung<\/strong><\/p>\n<ul>\n<li>Bitte sprechen Sie eine Einstieg in das Angebot mit Ihrer Beratung im Jobcenter Arbeit und Grundsicherung Leverkusen ab.<\/li>\n<li>Auch ein Zugang \u00fcber die Beratung in unseren Stadtteilb\u00fcros ist m\u00f6glich.<\/li>\n<\/ul>\n<p><strong>Flyer<\/strong><\/p>\n<ul>\n<li>Laden Sie sich unseren Flyer zu dem Angebot <a href=\"https:\/\/www.joblev.de\/wp-content\/uploads\/2024\/05\/JSL-Flyer-Individuelle-Eingliederungsmassnahme.pdf\" target=\"_blank\" rel=\"noopener\">gleich hier<\/a> herunter.<\/li>\n<\/ul>\n<p><img loading=\"lazy\" decoding=\"async\" class=\"alignnone wp-image-1373\" src=\"https:\/\/www.joblev.de\/wp-content\/uploads\/2024\/05\/AZAV-Traegerzulassung-300x255.jpg\" alt=\"\" width=\"247\" height=\"210\" srcset=\"https:\/\/www.joblev.de\/wp-content\/uploads\/2024\/05\/AZAV-Traegerzulassung-300x255.jpg 300w, https:\/\/www.joblev.de\/wp-content\/uploads\/2024\/05\/AZAV-Traegerzulassung-14x12.jpg 14w, https:\/\/www.joblev.de\/wp-content\/uploads\/2024\/05\/AZAV-Traegerzulassung.jpg 628w\" sizes=\"auto, (max-width: 247px) 100vw, 247px\" \/><\/p>\n\t<\/div>\r\n<\/div>\r\n\r\n\r\n\r\n\n\t\t<\/div> \n\t<\/div>\n\t<\/div> \n<\/div><\/div>\n\t\t\t<\/div> \n\t\t<\/div>\n\t<\/div> \n\n\t<div style=\"z-index: 100; \" class=\"vc_col-sm-3 wpb_column column_container vc_column_container col has-animation padding-1-percent inherit_tablet inherit_phone\"  data-t-w-inherits=\"small_desktop\" data-padding-pos=\"top\" data-has-bg-color=\"false\" data-bg-color=\"\" data-bg-opacity=\"1\" data-animation=\"fade-in-from-bottom\" data-delay=\"100\" >\n\t\t<div class=\"vc_column-inner\" >\n\t\t\t<div class=\"wpb_wrapper\">\n\t\t\t\t<div id=\"fws_6a04a10d418fd\" data-midnight=\"\" data-column-margin=\"none\" class=\"wpb_row vc_row-fluid vc_row inner_row\"  style=\"padding-bottom: 20px; \"><div class=\"row-bg-wrap\"> <div class=\"row-bg\" ><\/div> <\/div><div class=\"row_col_wrap_12_inner col span_12  left\">\n\t<div  class=\"vc_col-sm-12 wpb_column column_container vc_column_container col child_column no-extra-padding inherit_tablet inherit_phone\"   data-padding-pos=\"all\" data-has-bg-color=\"false\" data-bg-color=\"\" data-bg-opacity=\"1\" data-animation=\"\" data-delay=\"0\" >\n\t\t<div class=\"vc_column-inner\" >\n\t\t<div class=\"wpb_wrapper\">\n\t\t\t<div class=\"img-with-aniamtion-wrap\" data-max-width=\"100%\" data-max-width-mobile=\"default\" data-shadow=\"none\" data-animation=\"none\" >\r\n      <div class=\"inner\">\r\n        <div class=\"hover-wrap\"> \r\n          <div class=\"hover-wrap-inner\">\r\n            <img loading=\"lazy\" decoding=\"async\" class=\"img-with-animation skip-lazy\" data-delay=\"0\" height=\"541\" width=\"749\" data-animation=\"none\" src=\"https:\/\/www.joblev.de\/wp-content\/uploads\/2024\/05\/Bildschirm.png\" alt=\"\" srcset=\"https:\/\/www.joblev.de\/wp-content\/uploads\/2024\/05\/Bildschirm.png 749w, https:\/\/www.joblev.de\/wp-content\/uploads\/2024\/05\/Bildschirm-300x217.png 300w, https:\/\/www.joblev.de\/wp-content\/uploads\/2024\/05\/Bildschirm-18x12.png 18w\" sizes=\"auto, (max-width: 749px) 100vw, 749px\" \/>\r\n          <\/div>\r\n        <\/div>\r\n      <\/div>\r\n    <\/div><div class=\"nectar-fancy-ul\" data-list-icon=\"dot\" data-animation=\"false\" data-animation-delay=\"0\" data-spacing=\"default\" data-alignment=\"left\"> Martin Fikenscher<br \/>\n<a href=\"tel:02171947435\">Telefon 0 21 71 \u2013 94 74 35<\/a> <\/div><div class=\"divider-wrap\" data-alignment=\"default\"><div style=\"height: 20px;\" class=\"divider\"><\/div><\/div><div class=\"img-with-aniamtion-wrap\" data-max-width=\"100%\" data-max-width-mobile=\"default\" data-shadow=\"none\" data-animation=\"none\" >\r\n      <div class=\"inner\">\r\n        <div class=\"hover-wrap\"> \r\n          <div class=\"hover-wrap-inner\">\r\n            <img loading=\"lazy\" decoding=\"async\" class=\"img-with-animation skip-lazy\" data-delay=\"0\" height=\"541\" width=\"749\" data-animation=\"none\" src=\"https:\/\/www.joblev.de\/wp-content\/uploads\/2024\/05\/Bildschirm.png\" alt=\"\" srcset=\"https:\/\/www.joblev.de\/wp-content\/uploads\/2024\/05\/Bildschirm.png 749w, https:\/\/www.joblev.de\/wp-content\/uploads\/2024\/05\/Bildschirm-300x217.png 300w, https:\/\/www.joblev.de\/wp-content\/uploads\/2024\/05\/Bildschirm-18x12.png 18w\" sizes=\"auto, (max-width: 749px) 100vw, 749px\" \/>\r\n          <\/div>\r\n        <\/div>\r\n      <\/div>\r\n    <\/div><div class=\"nectar-fancy-ul\" data-list-icon=\"dot\" data-animation=\"false\" data-animation-delay=\"0\" data-spacing=\"default\" data-alignment=\"left\"> Nicole Lucia<br \/>\n<a href=\"tel:02171947422\">Telefon: 0 21 71 \u2013 94 74 22<\/a> <\/div><div class=\"divider-wrap\" data-alignment=\"default\"><div style=\"height: 20px;\" class=\"divider\"><\/div><\/div>\n\t\t<\/div> \n\t<\/div>\n\t<\/div> \n<\/div><\/div>\n\t\t\t<\/div> \n\t\t<\/div>\n\t<\/div> \n<\/div><\/div>\r\n\t\t<div id=\"fws_6a04a10d420d0\"  data-column-margin=\"default\" data-midnight=\"dark\"  class=\"wpb_row vc_row-fluid vc_row\"  style=\"padding-top: 0px; padding-bottom: 0px; \"><div class=\"row-bg-wrap\" data-bg-animation=\"none\" data-bg-animation-delay=\"\" data-bg-overlay=\"false\"><div class=\"inner-wrap row-bg-layer\" ><div class=\"row-bg viewport-desktop\"  style=\"\"><\/div><\/div><\/div><div class=\"row_col_wrap_12 col span_12 dark left\">\n\t<div  class=\"vc_col-sm-12 wpb_column column_container vc_column_container col no-extra-padding inherit_tablet inherit_phone\"  data-padding-pos=\"all\" data-has-bg-color=\"false\" data-bg-color=\"\" data-bg-opacity=\"1\" data-animation=\"\" data-delay=\"0\" >\n\t\t<div class=\"vc_column-inner\" >\n\t\t\t<div class=\"wpb_wrapper\">\n\t\t\t\t\n\t<div class=\"wpb_gallery wpb_content_element clearfix\">\n\t\t<div class=\"wpb_wrapper\"><div class=\"wpb_gallery_slidesflickity_static_height_style\" data-onclick=\"link_image\" data-interval=\"5\"><style>.wpb_gallery_slidesflickity_static_height_style .nectar-flickity.instace-6a04a10d426bc:not(.masonry) .flickity-slider .cell img {\r\n      height: 500px;\r\n    }\r\n    @media only screen and (max-width: 1300px) {\r\n      .wpb_gallery_slidesflickity_static_height_style .nectar-flickity.instace-6a04a10d426bc:not(.masonry) .flickity-slider .cell img {\r\n        height: 400px;\r\n      }\r\n    }\r\n    @media only screen and (max-width: 1000px) {\r\n      .wpb_gallery_slidesflickity_static_height_style .nectar-flickity.instace-6a04a10d426bc:not(.masonry) .flickity-slider .cell img {\r\n        height: 350px;\r\n      }\r\n    }\r\n    @media only screen and (max-width: 690px) {\r\n      .wpb_gallery_slidesflickity_static_height_style .nectar-flickity.instace-6a04a10d426bc:not(.masonry) .flickity-slider .cell img {\r\n        height: 300px;\r\n      }\r\n    }<\/style><div class=\"nectar-flickity not-initialized instace-6a04a10d426bc\"  data-touch-icon-color=\"default\" data-drag-scale=\"\" data-overflow=\"visible\" data-wrap=\"no-wrap\" data-spacing=\"10px\" data-shadow=\"none\" data-autoplay=\"\" data-autoplay-dur=\"\" data-free-scroll=\"\" data-controls=\"touch_total\"><div class=\"flickity-viewport\"> <div class=\"flickity-slider\"><div class=\"cell\" data-lazy=\"true\"><img loading=\"lazy\" decoding=\"async\" width=\"1024\" height=\"683\"  src=\"data:image\/svg+xml;charset=utf-8,%3Csvg%20xmlns%3D'http%3A%2F%2Fwww.w3.org%2F2000%2Fsvg'%20viewBox%3D'0%200%201024%20683'%2F%3E\" data-nectar-img-src=\"https:\/\/www.joblev.de\/wp-content\/uploads\/2023\/12\/unbenannt-60929-1024x683.jpg\" class=\"skip-lazy nectar-lazy attachment-large\" alt=\"\" title=\"unbenannt-60929\"  data-nectar-img-srcset=\"https:\/\/www.joblev.de\/wp-content\/uploads\/2023\/12\/unbenannt-60929-1024x683.jpg 1024w, https:\/\/www.joblev.de\/wp-content\/uploads\/2023\/12\/unbenannt-60929-300x200.jpg 300w, https:\/\/www.joblev.de\/wp-content\/uploads\/2023\/12\/unbenannt-60929-768x512.jpg 768w, https:\/\/www.joblev.de\/wp-content\/uploads\/2023\/12\/unbenannt-60929-18x12.jpg 18w, https:\/\/www.joblev.de\/wp-content\/uploads\/2023\/12\/unbenannt-60929-900x600.jpg 900w, https:\/\/www.joblev.de\/wp-content\/uploads\/2023\/12\/unbenannt-60929.jpg 1200w\"><a class=\"entire-slide-link\"  href=\"https:\/\/www.joblev.de\/wp-content\/uploads\/2023\/12\/unbenannt-60929.jpg\"><\/a><\/div><div class=\"cell\" data-lazy=\"true\"><img loading=\"lazy\" decoding=\"async\" width=\"1024\" height=\"683\"  src=\"data:image\/svg+xml;charset=utf-8,%3Csvg%20xmlns%3D'http%3A%2F%2Fwww.w3.org%2F2000%2Fsvg'%20viewBox%3D'0%200%201024%20683'%2F%3E\" data-nectar-img-src=\"https:\/\/www.joblev.de\/wp-content\/uploads\/2024\/05\/Indiv_Einglied_2-1024x683.jpg\" class=\"skip-lazy nectar-lazy attachment-large\" alt=\"\" title=\"Indiv_Einglied_2\"  data-nectar-img-srcset=\"https:\/\/www.joblev.de\/wp-content\/uploads\/2024\/05\/Indiv_Einglied_2-1024x683.jpg 1024w, https:\/\/www.joblev.de\/wp-content\/uploads\/2024\/05\/Indiv_Einglied_2-300x200.jpg 300w, https:\/\/www.joblev.de\/wp-content\/uploads\/2024\/05\/Indiv_Einglied_2-768x512.jpg 768w, https:\/\/www.joblev.de\/wp-content\/uploads\/2024\/05\/Indiv_Einglied_2-18x12.jpg 18w, https:\/\/www.joblev.de\/wp-content\/uploads\/2024\/05\/Indiv_Einglied_2-900x600.jpg 900w, https:\/\/www.joblev.de\/wp-content\/uploads\/2024\/05\/Indiv_Einglied_2.jpg 1200w\"><a class=\"entire-slide-link\"  href=\"https:\/\/www.joblev.de\/wp-content\/uploads\/2024\/05\/Indiv_Einglied_2.jpg\"><\/a><\/div><div class=\"cell\" data-lazy=\"true\"><img loading=\"lazy\" decoding=\"async\" width=\"1024\" height=\"683\"  src=\"data:image\/svg+xml;charset=utf-8,%3Csvg%20xmlns%3D'http%3A%2F%2Fwww.w3.org%2F2000%2Fsvg'%20viewBox%3D'0%200%201024%20683'%2F%3E\" data-nectar-img-src=\"https:\/\/www.joblev.de\/wp-content\/uploads\/2024\/05\/Indiv_Einglied_1-1024x683.jpg\" class=\"skip-lazy nectar-lazy attachment-large\" alt=\"\" title=\"Indiv_Einglied_1\"  data-nectar-img-srcset=\"https:\/\/www.joblev.de\/wp-content\/uploads\/2024\/05\/Indiv_Einglied_1-1024x683.jpg 1024w, https:\/\/www.joblev.de\/wp-content\/uploads\/2024\/05\/Indiv_Einglied_1-300x200.jpg 300w, https:\/\/www.joblev.de\/wp-content\/uploads\/2024\/05\/Indiv_Einglied_1-768x512.jpg 768w, https:\/\/www.joblev.de\/wp-content\/uploads\/2024\/05\/Indiv_Einglied_1-18x12.jpg 18w, https:\/\/www.joblev.de\/wp-content\/uploads\/2024\/05\/Indiv_Einglied_1-900x600.jpg 900w, https:\/\/www.joblev.de\/wp-content\/uploads\/2024\/05\/Indiv_Einglied_1.jpg 1200w\"><a class=\"entire-slide-link\"  href=\"https:\/\/www.joblev.de\/wp-content\/uploads\/2024\/05\/Indiv_Einglied_1.jpg\"><\/a><\/div><\/div><\/div><\/div><\/div>\n\t\t<\/div> \n\t<\/div> \n\t\t\t<\/div> \n\t\t<\/div>\n\t<\/div> \n<\/div><\/div>","protected":false},"excerpt":{"rendered":"Individuelle Eingliederungsma\u00dfnahme Welche T\u00e4tigkeit wird ausgef\u00fchrt? Beratung, Aktivierung, Qualifizierung, Berufliche Orientierung im Auftrag des Jobcenters Arbeit und Grundsicherung Leverkusen Zu Beginn findet ein pers\u00f6nliches Gespr\u00e4ch statt. Hier wird gekl\u00e4rt, welche...","protected":false},"author":3,"featured_media":0,"parent":292,"menu_order":0,"comment_status":"closed","ping_status":"closed","template":"","meta":{"footnotes":""},"class_list":["post-1362","page","type-page","status-publish"],"aioseo_notices":[],"_links":{"self":[{"href":"https:\/\/www.joblev.de\/en\/wp-json\/wp\/v2\/pages\/1362","targetHints":{"allow":["GET"]}}],"collection":[{"href":"https:\/\/www.joblev.de\/en\/wp-json\/wp\/v2\/pages"}],"about":[{"href":"https:\/\/www.joblev.de\/en\/wp-json\/wp\/v2\/types\/page"}],"author":[{"embeddable":true,"href":"https:\/\/www.joblev.de\/en\/wp-json\/wp\/v2\/users\/3"}],"replies":[{"embeddable":true,"href":"https:\/\/www.joblev.de\/en\/wp-json\/wp\/v2\/comments?post=1362"}],"version-history":[{"count":29,"href":"https:\/\/www.joblev.de\/en\/wp-json\/wp\/v2\/pages\/1362\/revisions"}],"predecessor-version":[{"id":1364,"href":"https:\/\/www.joblev.de\/en\/wp-json\/wp\/v2\/pages\/1362\/revisions\/1364"}],"up":[{"embeddable":true,"href":"https:\/\/www.joblev.de\/en\/wp-json\/wp\/v2\/pages\/292"}],"wp:attachment":[{"href":"https:\/\/www.joblev.de\/en\/wp-json\/wp\/v2\/media?parent=1362"}],"curies":[{"name":"wp","href":"https:\/\/api.w.org\/{rel}","templated":true}]}}