{"id":1553,"date":"2024-05-31T10:01:58","date_gmt":"2024-05-31T08:01:58","guid":{"rendered":"https:\/\/www.joblev.de\/?page_id=1553"},"modified":"2026-03-02T16:18:53","modified_gmt":"2026-03-02T15:18:53","slug":"jobcoaching-und-vermittlung-in-arbeit","status":"publish","type":"page","link":"https:\/\/www.joblev.de\/en\/die-jsl-im-quartier\/jobcoaching-und-vermittlung-in-arbeit\/","title":{"rendered":"Jobcoaching und Vermittlung in Arbeit"},"content":{"rendered":"<div id=\"fws_6a049d25331ee\"  data-column-margin=\"90px\" data-midnight=\"dark\" data-top-percent=\"2%\" data-bottom-percent=\"8%\"  class=\"wpb_row vc_row-fluid vc_row full-width-section\"  style=\"padding-top: calc(100vw * 0.02); padding-bottom: calc(100vw * 0.08); \"><div class=\"row-bg-wrap\" data-bg-animation=\"none\" data-bg-animation-delay=\"\" data-bg-overlay=\"false\"><div class=\"inner-wrap row-bg-layer\" ><div class=\"row-bg viewport-desktop using-bg-color\"  style=\"background-color: #e8f0ff; \"><\/div><\/div><\/div><div class=\"row_col_wrap_12 col span_12 dark left\">\n\t<div  class=\"vc_col-sm-9 wpb_column column_container vc_column_container col has-animation padding-1-percent inherit_tablet inherit_phone\"  data-t-w-inherits=\"small_desktop\" data-padding-pos=\"top\" data-has-bg-color=\"false\" data-bg-color=\"\" data-bg-opacity=\"1\" data-animation=\"fade-in-from-bottom\" data-delay=\"0\" >\n\t\t<div class=\"vc_column-inner\" >\n\t\t\t<div class=\"wpb_wrapper\">\n\t\t\t\t\r\n<div class=\"wpb_text_column wpb_content_element\" >\r\n\t<div class=\"wpb_wrapper\">\r\n\t\t<h2>Jobcoaching und Vermittlung in Arbeit<\/h2>\n\t<\/div>\r\n<\/div>\r\n\r\n\r\n\r\n<div id=\"fws_6a049d25335fb\" data-midnight=\"\" data-column-margin=\"60px\" class=\"wpb_row vc_row-fluid vc_row inner_row\"  style=\"padding-top: 15px; \"><div class=\"row-bg-wrap\"> <div class=\"row-bg\" ><\/div> <\/div><div class=\"row_col_wrap_12_inner col span_12  left\">\n\t<div  class=\"vc_col-sm-12 wpb_column column_container vc_column_container col child_column no-extra-padding inherit_tablet inherit_phone\"   data-padding-pos=\"all\" data-has-bg-color=\"false\" data-bg-color=\"\" data-bg-opacity=\"1\" data-animation=\"\" data-delay=\"0\" >\n\t\t<div class=\"vc_column-inner\" >\n\t\t<div class=\"wpb_wrapper\">\n\t\t\t\r\n<div class=\"wpb_text_column wpb_content_element\" >\r\n\t<div class=\"wpb_wrapper\">\r\n\t\t<p>Nutzen Sie unser Angebote zum Jobcoaching und zur Vermittlung in sozialversicherungspflichtige Arbeitsstellen.<\/p>\n\t<\/div>\r\n<\/div>\r\n\r\n\r\n\r\n\n\t\t<\/div> \n\t<\/div>\n\t<\/div> \n<\/div><\/div><div id=\"fws_6a049d25337d1\" data-midnight=\"\" data-column-margin=\"60px\" class=\"wpb_row vc_row-fluid vc_row inner_row  vc_custom_1706517158074\"  style=\"padding-top: 15px; \"><div class=\"row-bg-wrap\"> <div class=\"row-bg\" ><\/div> <\/div><div class=\"row_col_wrap_12_inner col span_12  left\">\n\t<div  class=\"vc_col-sm-6 wpb_column column_container vc_column_container col child_column padding-5-percent inherit_tablet inherit_phone\"   data-padding-pos=\"left\" data-has-bg-color=\"false\" data-bg-color=\"\" data-bg-opacity=\"1\" data-animation=\"\" data-delay=\"0\" >\n\t\t<div class=\"vc_column-inner\" >\n\t\t<div class=\"wpb_wrapper\">\n\t\t\t\r\n<div class=\"wpb_text_column wpb_content_element  vc_custom_1717143590799\" >\r\n\t<div class=\"wpb_wrapper\">\r\n\t\t<p><strong>Welche T\u00e4tigkeit wird ausgef\u00fchrt? (Darstellung in Stichpunkten mit Aufz\u00e4hlung)<\/strong><\/p>\n<ul>\n<li>Feststellung\/Abgleich der Eignung und fachlichen Qualifikationen, Potenziale und Ressourcen<\/li>\n<li>Reflektion des Erreichten und Entwicklung realistischer zuk\u00fcnftiger Berufsperspektiven<\/li>\n<li>Sichtung, \u00dcberarbeitung, Anpassung, Erstellung von professioneller Bewerbungsunterlagen<\/li>\n<li>Stellenrecherche<\/li>\n<li>Im auf eine Vermittlung zielender Beratungsprozess erfolgt ein Abgleich des eigenen Profils mit aktuellen Stellenangeboten<\/li>\n<li>Klassische Bewerbungen; Initiativbewerbungen<\/li>\n<li>Vorstellungsgespr\u00e4ch-Simulation<\/li>\n<li>Individuelle, an der Biografie orientiertes Karriere-Coaching, Profiling<\/li>\n<li>Beratung zu den Themenfeldern Ausbildung, Qualifizierung, Umschulung<\/li>\n<li>Kontinuierliche Begleitung des Bewerbungsprozesses<\/li>\n<li>Entwickeln der Selbstpr\u00e4sentationsf\u00e4higkeit<\/li>\n<li>Kl\u00e4rung\/Entwicklung einer beruflichen \u201cRoadmap\u201c<\/li>\n<\/ul>\n<p>&nbsp;<\/p>\n<p><strong>Welche Kenntnisse und F\u00e4higkeiten werden vermittelt?<\/strong><\/p>\n<ul>\n<li>Tipps zur Stellenrecherche<\/li>\n<li>Interpretation von Stellenanzeigen<\/li>\n<li>Selbstvermarktungsstrategien<\/li>\n<li>Vorstellungsgespr\u00e4che<\/li>\n<\/ul>\n\t<\/div>\r\n<\/div>\r\n\r\n\r\n\r\n\n\t\t<\/div> \n\t<\/div>\n\t<\/div> \n\n\t<div  class=\"vc_col-sm-6 wpb_column column_container vc_column_container col child_column padding-2-percent inherit_tablet padding-5-percent_phone\"   data-padding-pos=\"left\" data-has-bg-color=\"false\" data-bg-color=\"\" data-bg-opacity=\"1\" data-animation=\"\" data-delay=\"0\" >\n\t\t<div class=\"vc_column-inner\" >\n\t\t<div class=\"wpb_wrapper\">\n\t\t\t\r\n<div class=\"wpb_text_column wpb_content_element\" >\r\n\t<div class=\"wpb_wrapper\">\r\n\t\t<p><strong>Welche Voraussetzungen bestehen f\u00fcr eine Mitarbeit?<\/strong><\/p>\n<ul>\n<li>Kundinnen und Kunden mit einem Aktivierungs- und Vermittlungsgutschein (AVGS) der Arbeitsagentur<\/li>\n<li>Ebenso sind Leistungen zur Teilhabe am Arbeitsleben (Jobcenter) bis zu 100 Prozent f\u00f6rderbar<\/li>\n<\/ul>\n<p>&nbsp;<\/p>\n<p><strong>Wann ist der Einstieg m\u00f6glich?<\/strong><strong>\u00a0<\/strong><\/p>\n<ul>\n<li>Nach Beantragung, Zusage bzw. Erhalt Ihres AVGS-Gutscheins<\/li>\n<\/ul>\n<p>&nbsp;<\/p>\n<p><strong>Wie lange ist die Mitarbeit m\u00f6glich?<\/strong><\/p>\n<ul>\n<li>Individuelle F\u00f6rderung, in der Regel 8-12 Wochen<\/li>\n<\/ul>\n<p><strong>\u00a0<\/strong><\/p>\n<p><strong>Anmeldung<\/strong><\/p>\n<ul>\n<li>Bitte sprechen Sie eine Mitarbeit bei uns mit Ihrer Beratung im Jobcenter ab.<\/li>\n<li>Auch ein Zugang \u00fcber die Beratung in unseren Stadtteilb\u00fcros ist m\u00f6glich.<\/li>\n<\/ul>\n<p>&nbsp;<\/p>\n<p><img loading=\"lazy\" decoding=\"async\" class=\"alignnone wp-image-1373\" src=\"https:\/\/www.joblev.de\/wp-content\/uploads\/2024\/05\/AZAV-Traegerzulassung-300x255.jpg\" alt=\"\" width=\"224\" height=\"190\" srcset=\"https:\/\/www.joblev.de\/wp-content\/uploads\/2024\/05\/AZAV-Traegerzulassung-300x255.jpg 300w, https:\/\/www.joblev.de\/wp-content\/uploads\/2024\/05\/AZAV-Traegerzulassung-14x12.jpg 14w, https:\/\/www.joblev.de\/wp-content\/uploads\/2024\/05\/AZAV-Traegerzulassung.jpg 628w\" sizes=\"auto, (max-width: 224px) 100vw, 224px\" \/><\/p>\n\t<\/div>\r\n<\/div>\r\n\r\n\r\n\r\n\n\t\t<\/div> \n\t<\/div>\n\t<\/div> \n<\/div><\/div>\n\t\t\t<\/div> \n\t\t<\/div>\n\t<\/div> \n\n\t<div style=\"z-index: 100; \" class=\"vc_col-sm-3 wpb_column column_container vc_column_container col has-animation padding-1-percent inherit_tablet inherit_phone\"  data-t-w-inherits=\"small_desktop\" data-padding-pos=\"top\" data-has-bg-color=\"false\" data-bg-color=\"\" data-bg-opacity=\"1\" data-animation=\"fade-in-from-bottom\" data-delay=\"100\" >\n\t\t<div class=\"vc_column-inner\" >\n\t\t\t<div class=\"wpb_wrapper\">\n\t\t\t\t<div id=\"fws_6a049d2533b10\" data-midnight=\"\" data-column-margin=\"none\" class=\"wpb_row vc_row-fluid vc_row inner_row\"  style=\"padding-bottom: 20px; \"><div class=\"row-bg-wrap\"> <div class=\"row-bg\" ><\/div> <\/div><div class=\"row_col_wrap_12_inner col span_12  left\">\n\t<div  class=\"vc_col-sm-12 wpb_column column_container vc_column_container col child_column no-extra-padding inherit_tablet inherit_phone\"   data-padding-pos=\"all\" data-has-bg-color=\"false\" data-bg-color=\"\" data-bg-opacity=\"1\" data-animation=\"\" data-delay=\"0\" >\n\t\t<div class=\"vc_column-inner\" >\n\t\t<div class=\"wpb_wrapper\">\n\t\t\t<div class=\"img-with-aniamtion-wrap\" data-max-width=\"100%\" data-max-width-mobile=\"default\" data-shadow=\"none\" data-animation=\"none\" >\r\n      <div class=\"inner\">\r\n        <div class=\"hover-wrap\"> \r\n          <div class=\"hover-wrap-inner\">\r\n            <img loading=\"lazy\" decoding=\"async\" class=\"img-with-animation skip-lazy\" data-delay=\"0\" height=\"541\" width=\"749\" data-animation=\"none\" src=\"https:\/\/www.joblev.de\/wp-content\/uploads\/2024\/05\/Bildschirm.png\" alt=\"\" srcset=\"https:\/\/www.joblev.de\/wp-content\/uploads\/2024\/05\/Bildschirm.png 749w, https:\/\/www.joblev.de\/wp-content\/uploads\/2024\/05\/Bildschirm-300x217.png 300w, https:\/\/www.joblev.de\/wp-content\/uploads\/2024\/05\/Bildschirm-18x12.png 18w\" sizes=\"auto, (max-width: 749px) 100vw, 749px\" \/>\r\n          <\/div>\r\n        <\/div>\r\n      <\/div>\r\n    <\/div><div class=\"nectar-fancy-ul\" data-list-icon=\"dot\" data-animation=\"false\" data-animation-delay=\"0\" data-spacing=\"default\" data-alignment=\"left\"> Mathias Kopp<br \/>\n<a href=\"tel:02171947454\">Telefon 0 21 71 \u2013 94 74 54<\/a><\/p>\n<p><a href=\"mailto:mathias.kopp@joblev.de\" target=\"_blank\" rel=\"noopener\">mathias.kopp@joblev.de<\/a> <\/div><div class=\"divider-wrap\" data-alignment=\"default\"><div style=\"height: 20px;\" class=\"divider\"><\/div><\/div>\n\t\t<\/div> \n\t<\/div>\n\t<\/div> \n<\/div><\/div>\n\t\t\t<\/div> \n\t\t<\/div>\n\t<\/div> \n\n\t<div  class=\"vc_col-sm-12 wpb_column column_container vc_column_container col no-extra-padding inherit_tablet inherit_phone\"  data-padding-pos=\"all\" data-has-bg-color=\"false\" data-bg-color=\"\" data-bg-opacity=\"1\" data-animation=\"\" data-delay=\"0\" >\n\t\t<div class=\"vc_column-inner\" >\n\t\t\t<div class=\"wpb_wrapper\">\n\t\t\t\t\n\t\t\t<\/div> \n\t\t<\/div>\n\t<\/div> \n<\/div><\/div>\r\n\t\t<div id=\"fws_6a049d253420e\"  data-column-margin=\"default\" data-midnight=\"dark\"  class=\"wpb_row vc_row-fluid vc_row\"  style=\"padding-top: 0px; padding-bottom: 0px; \"><div class=\"row-bg-wrap\" data-bg-animation=\"none\" data-bg-animation-delay=\"\" data-bg-overlay=\"false\"><div class=\"inner-wrap row-bg-layer\" ><div class=\"row-bg viewport-desktop\"  style=\"\"><\/div><\/div><\/div><div class=\"row_col_wrap_12 col span_12 dark left\">\n\t<div  class=\"vc_col-sm-12 wpb_column column_container vc_column_container col no-extra-padding inherit_tablet inherit_phone\"  data-padding-pos=\"all\" data-has-bg-color=\"false\" data-bg-color=\"\" data-bg-opacity=\"1\" data-animation=\"\" data-delay=\"0\" >\n\t\t<div class=\"vc_column-inner\" >\n\t\t\t<div class=\"wpb_wrapper\">\n\t\t\t\t\n\t<div class=\"wpb_gallery wpb_content_element clearfix\">\n\t\t<div class=\"wpb_wrapper\"><div class=\"wpb_gallery_slidesflickity_static_height_style\" data-onclick=\"link_image\" data-interval=\"5\"><style>.wpb_gallery_slidesflickity_static_height_style .nectar-flickity.instace-6a049d25348c1:not(.masonry) .flickity-slider .cell img {\r\n      height: 500px;\r\n    }\r\n    @media only screen and (max-width: 1300px) {\r\n      .wpb_gallery_slidesflickity_static_height_style .nectar-flickity.instace-6a049d25348c1:not(.masonry) .flickity-slider .cell img {\r\n        height: 400px;\r\n      }\r\n    }\r\n    @media only screen and (max-width: 1000px) {\r\n      .wpb_gallery_slidesflickity_static_height_style .nectar-flickity.instace-6a049d25348c1:not(.masonry) .flickity-slider .cell img {\r\n        height: 350px;\r\n      }\r\n    }\r\n    @media only screen and (max-width: 690px) {\r\n      .wpb_gallery_slidesflickity_static_height_style .nectar-flickity.instace-6a049d25348c1:not(.masonry) .flickity-slider .cell img {\r\n        height: 300px;\r\n      }\r\n    }<\/style><div class=\"nectar-flickity not-initialized instace-6a049d25348c1\"  data-touch-icon-color=\"default\" data-drag-scale=\"\" data-overflow=\"visible\" data-wrap=\"no-wrap\" data-spacing=\"10px\" data-shadow=\"none\" data-autoplay=\"\" data-autoplay-dur=\"\" data-free-scroll=\"\" data-controls=\"touch_total\"><div class=\"flickity-viewport\"> <div class=\"flickity-slider\"><div class=\"cell\" data-lazy=\"true\"><img loading=\"lazy\" decoding=\"async\" width=\"1024\" height=\"683\"  src=\"data:image\/svg+xml;charset=utf-8,%3Csvg%20xmlns%3D'http%3A%2F%2Fwww.w3.org%2F2000%2Fsvg'%20viewBox%3D'0%200%201024%20683'%2F%3E\" data-nectar-img-src=\"https:\/\/www.joblev.de\/wp-content\/uploads\/2023\/12\/unbenannt-60929-1024x683.jpg\" class=\"skip-lazy nectar-lazy attachment-large\" alt=\"\" title=\"unbenannt-60929\"  data-nectar-img-srcset=\"https:\/\/www.joblev.de\/wp-content\/uploads\/2023\/12\/unbenannt-60929-1024x683.jpg 1024w, https:\/\/www.joblev.de\/wp-content\/uploads\/2023\/12\/unbenannt-60929-300x200.jpg 300w, https:\/\/www.joblev.de\/wp-content\/uploads\/2023\/12\/unbenannt-60929-768x512.jpg 768w, https:\/\/www.joblev.de\/wp-content\/uploads\/2023\/12\/unbenannt-60929-18x12.jpg 18w, https:\/\/www.joblev.de\/wp-content\/uploads\/2023\/12\/unbenannt-60929-900x600.jpg 900w, https:\/\/www.joblev.de\/wp-content\/uploads\/2023\/12\/unbenannt-60929.jpg 1200w\"><a class=\"entire-slide-link\"  href=\"https:\/\/www.joblev.de\/wp-content\/uploads\/2023\/12\/unbenannt-60929.jpg\"><\/a><\/div><div class=\"cell\" data-lazy=\"true\"><img loading=\"lazy\" decoding=\"async\" width=\"683\" height=\"1024\"  src=\"data:image\/svg+xml;charset=utf-8,%3Csvg%20xmlns%3D'http%3A%2F%2Fwww.w3.org%2F2000%2Fsvg'%20viewBox%3D'0%200%20683%201024'%2F%3E\" data-nectar-img-src=\"https:\/\/www.joblev.de\/wp-content\/uploads\/2023\/12\/unbenannt-61507-683x1024.jpg\" class=\"skip-lazy nectar-lazy attachment-large\" alt=\"\" title=\"unbenannt-61507\"  data-nectar-img-srcset=\"https:\/\/www.joblev.de\/wp-content\/uploads\/2023\/12\/unbenannt-61507-683x1024.jpg 683w, https:\/\/www.joblev.de\/wp-content\/uploads\/2023\/12\/unbenannt-61507-200x300.jpg 200w, https:\/\/www.joblev.de\/wp-content\/uploads\/2023\/12\/unbenannt-61507-768x1152.jpg 768w, https:\/\/www.joblev.de\/wp-content\/uploads\/2023\/12\/unbenannt-61507-8x12.jpg 8w, https:\/\/www.joblev.de\/wp-content\/uploads\/2023\/12\/unbenannt-61507.jpg 800w\"><a class=\"entire-slide-link\"  href=\"https:\/\/www.joblev.de\/wp-content\/uploads\/2023\/12\/unbenannt-61507.jpg\"><\/a><\/div><div class=\"cell\" data-lazy=\"true\"><img loading=\"lazy\" decoding=\"async\" width=\"1024\" height=\"683\"  src=\"data:image\/svg+xml;charset=utf-8,%3Csvg%20xmlns%3D'http%3A%2F%2Fwww.w3.org%2F2000%2Fsvg'%20viewBox%3D'0%200%201024%20683'%2F%3E\" data-nectar-img-src=\"https:\/\/www.joblev.de\/wp-content\/uploads\/2023\/10\/2-Ebene_Individualcoaching-1024x683.jpg\" class=\"skip-lazy nectar-lazy attachment-large\" alt=\"\" title=\"2 Ebene_Individualcoaching\"  data-nectar-img-srcset=\"https:\/\/www.joblev.de\/wp-content\/uploads\/2023\/10\/2-Ebene_Individualcoaching-1024x683.jpg 1024w, https:\/\/www.joblev.de\/wp-content\/uploads\/2023\/10\/2-Ebene_Individualcoaching-300x200.jpg 300w, https:\/\/www.joblev.de\/wp-content\/uploads\/2023\/10\/2-Ebene_Individualcoaching-768x512.jpg 768w, https:\/\/www.joblev.de\/wp-content\/uploads\/2023\/10\/2-Ebene_Individualcoaching-1536x1024.jpg 1536w, https:\/\/www.joblev.de\/wp-content\/uploads\/2023\/10\/2-Ebene_Individualcoaching-18x12.jpg 18w, https:\/\/www.joblev.de\/wp-content\/uploads\/2023\/10\/2-Ebene_Individualcoaching-900x600.jpg 900w, https:\/\/www.joblev.de\/wp-content\/uploads\/2023\/10\/2-Ebene_Individualcoaching.jpg 1969w\"><a class=\"entire-slide-link\"  href=\"https:\/\/www.joblev.de\/wp-content\/uploads\/2023\/10\/2-Ebene_Individualcoaching.jpg\"><\/a><\/div><\/div><\/div><\/div><\/div>\n\t\t<\/div> \n\t<\/div> \n\t\t\t<\/div> \n\t\t<\/div>\n\t<\/div> \n<\/div><\/div>","protected":false},"excerpt":{"rendered":"Jobcoaching und Vermittlung in Arbeit Nutzen Sie unser Angebote zum Jobcoaching und zur Vermittlung in sozialversicherungspflichtige Arbeitsstellen. Welche T\u00e4tigkeit wird ausgef\u00fchrt? (Darstellung in Stichpunkten mit Aufz\u00e4hlung) Feststellung\/Abgleich der Eignung und...","protected":false},"author":3,"featured_media":0,"parent":292,"menu_order":0,"comment_status":"closed","ping_status":"closed","template":"","meta":{"footnotes":""},"class_list":["post-1553","page","type-page","status-publish"],"aioseo_notices":[],"_links":{"self":[{"href":"https:\/\/www.joblev.de\/en\/wp-json\/wp\/v2\/pages\/1553","targetHints":{"allow":["GET"]}}],"collection":[{"href":"https:\/\/www.joblev.de\/en\/wp-json\/wp\/v2\/pages"}],"about":[{"href":"https:\/\/www.joblev.de\/en\/wp-json\/wp\/v2\/types\/page"}],"author":[{"embeddable":true,"href":"https:\/\/www.joblev.de\/en\/wp-json\/wp\/v2\/users\/3"}],"replies":[{"embeddable":true,"href":"https:\/\/www.joblev.de\/en\/wp-json\/wp\/v2\/comments?post=1553"}],"version-history":[{"count":11,"href":"https:\/\/www.joblev.de\/en\/wp-json\/wp\/v2\/pages\/1553\/revisions"}],"predecessor-version":[{"id":3067,"href":"https:\/\/www.joblev.de\/en\/wp-json\/wp\/v2\/pages\/1553\/revisions\/3067"}],"up":[{"embeddable":true,"href":"https:\/\/www.joblev.de\/en\/wp-json\/wp\/v2\/pages\/292"}],"wp:attachment":[{"href":"https:\/\/www.joblev.de\/en\/wp-json\/wp\/v2\/media?parent=1553"}],"curies":[{"name":"wp","href":"https:\/\/api.w.org\/{rel}","templated":true}]}}