{"id":2871,"date":"2025-12-05T12:17:15","date_gmt":"2025-12-05T11:17:15","guid":{"rendered":"https:\/\/www.joblev.de\/?page_id=2871"},"modified":"2026-01-28T09:59:02","modified_gmt":"2026-01-28T08:59:02","slug":"aktivierung-bewegung-coaching","status":"publish","type":"page","link":"https:\/\/www.joblev.de\/en\/die-jsl-im-quartier\/aktivierung-bewegung-coaching\/","title":{"rendered":"ABC: Aktivierung, Bewegung, Coaching"},"content":{"rendered":"<div id=\"fws_69eb4449369c9\"  data-column-margin=\"90px\" data-midnight=\"dark\" data-top-percent=\"2%\" data-bottom-percent=\"8%\"  class=\"wpb_row vc_row-fluid vc_row full-width-section\"  style=\"padding-top: calc(100vw * 0.02); padding-bottom: calc(100vw * 0.08); \"><div class=\"row-bg-wrap\" data-bg-animation=\"none\" data-bg-animation-delay=\"\" data-bg-overlay=\"false\"><div class=\"inner-wrap row-bg-layer\" ><div class=\"row-bg viewport-desktop using-bg-color\"  style=\"background-color: #e8f0ff; \"><\/div><\/div><\/div><div class=\"row_col_wrap_12 col span_12 dark left\">\n\t<div  class=\"vc_col-sm-9 wpb_column column_container vc_column_container col has-animation padding-1-percent inherit_tablet inherit_phone\"  data-t-w-inherits=\"small_desktop\" data-padding-pos=\"top\" data-has-bg-color=\"false\" data-bg-color=\"\" data-bg-opacity=\"1\" data-animation=\"fade-in-from-bottom\" data-delay=\"0\" >\n\t\t<div class=\"vc_column-inner\" >\n\t\t\t<div class=\"wpb_wrapper\">\n\t\t\t\t\r\n<div class=\"wpb_text_column wpb_content_element\" >\r\n\t<div class=\"wpb_wrapper\">\r\n\t\t<h2>ABC: Aktivierung, Bewegung, Coaching<\/h2>\n\t<\/div>\r\n<\/div>\r\n\r\n\r\n\r\n<div id=\"fws_69eb4449372b5\" data-midnight=\"\" data-column-margin=\"60px\" class=\"wpb_row vc_row-fluid vc_row inner_row  vc_custom_1706519101863\"  style=\"padding-top: 15px; \"><div class=\"row-bg-wrap\"> <div class=\"row-bg\" ><\/div> <\/div><div class=\"row_col_wrap_12_inner col span_12  left\">\n\t<div  class=\"vc_col-sm-6 wpb_column column_container vc_column_container col child_column padding-5-percent inherit_tablet inherit_phone\"   data-padding-pos=\"left\" data-has-bg-color=\"false\" data-bg-color=\"\" data-bg-opacity=\"1\" data-animation=\"\" data-delay=\"0\" >\n\t\t<div class=\"vc_column-inner\" >\n\t\t<div class=\"wpb_wrapper\">\n\t\t\t\r\n<div class=\"wpb_text_column wpb_content_element  vc_custom_1764759469673\" >\r\n\t<div class=\"wpb_wrapper\">\r\n\t\t<p><strong>Welche Beratung wird angeboten?<\/strong><\/p>\n<p>Folgende Inhalte werden in jedem Einzelfall auf Ihre pers\u00f6nlichen Bed\u00fcrfnisse und Problemlage abgestimmt:<\/p>\n<ul>\n<li>Kl\u00e4rung der Lebenssituation\/Anamnese<\/li>\n<li>Kl\u00e4rung bestehender Hindernisse\/Problemen in Bereichen wie etwa Finanzen, Wohnsituation, Straff\u00e4lligkeit, Schwangerschaft, Sprache, Kinderbetreuung, Mobilit\u00e4t, Zeitmanagement, Termintreue. Die Kl\u00e4rung erfolgt auf Basis vorhandenen gesundheitlichen Ressourcen und daraus abzuleitenden Entwicklungspotenzialen.<\/li>\n<li>Unterst\u00fctzung bei der Bearbeitung von Formularen\/Antr\u00e4gen bei Krankenkassen und Beh\u00f6rden<\/li>\n<li>Analyse des beruflichen Werdegangs<\/li>\n<li>Analyse der beruflichen Situation im Umfeld der Vermittlungshemmnisse<\/li>\n<li>Entwicklung einer beruflichen Perspektive\/potenzielle Weiterbildung<\/li>\n<li>Einf\u00fchrung in die Stellensuche und die BA-Jobsuche<\/li>\n<li>Einf\u00fchrung in Jobsuche sowie weiterer Weiterbildungsb\u00f6rsen<\/li>\n<li>Assistierte Suche geeigneter Weiterbildungsoptionen<\/li>\n<li>F\u00f6rderung von arbeitsmarktintegrativen Aktivit\u00e4ten<\/li>\n<li>Angebote einer Ern\u00e4hrungsberatung<\/li>\n<li>Bewegungsangebote<\/li>\n<\/ul>\n<ul>\n<li style=\"list-style-type: none;\"><\/li>\n<\/ul>\n<p>&nbsp;<\/p>\n<p><strong>Welche Beratungszeiten werden angeboten?<\/strong><\/p>\n<ul>\n<li>Die Beratungsleistung besteht aus bis zu 42 Unterrichtsstunden zu je 45 Minuten (UE) der Beratung pro Person im Zeitraum von maximal zw\u00f6lf Wochen.<\/li>\n<li>Angebote der Ern\u00e4hrungsberatung mit eine UE pro Monat<\/li>\n<li>Optional 2 UE mit je 45 Minuten pro Woche im Bereich der aktiven sportlichen Bet\u00e4tigung<\/li>\n<\/ul>\n\t<\/div>\r\n<\/div>\r\n\r\n\r\n\r\n\n\t\t<\/div> \n\t<\/div>\n\t<\/div> \n\n\t<div  class=\"vc_col-sm-6 wpb_column column_container vc_column_container col child_column padding-2-percent inherit_tablet padding-5-percent_phone\"   data-padding-pos=\"left\" data-has-bg-color=\"false\" data-bg-color=\"\" data-bg-opacity=\"1\" data-animation=\"\" data-delay=\"0\" >\n\t\t<div class=\"vc_column-inner\" >\n\t\t<div class=\"wpb_wrapper\">\n\t\t\t\r\n<div class=\"wpb_text_column wpb_content_element\" >\r\n\t<div class=\"wpb_wrapper\">\r\n\t\t<p><strong>Wann ist der Einstieg m\u00f6glich?<\/strong><\/p>\n<ul>\n<li>Jederzeit nach Absprache<\/li>\n<\/ul>\n<p><strong>Wie lange ist die Beratung m\u00f6glich?<\/strong><\/p>\n<ul>\n<li>Bis zu 12 Wochen<\/li>\n<\/ul>\n<p><strong>Anmeldung<\/strong><\/p>\n<ul>\n<li>Das Jobcenter Arbeit und Grundsicherung pr\u00fcft die Voraussetzungen und stellt einen Gutschein aus.<\/li>\n<li>Bitte sprechen Sie mit Ihrer Integrationsfachkraft im Jobcenter.<\/li>\n<li>Melden Sie sich f\u00fcr einen unverbindlichen Ersttermin bei uns.<\/li>\n<\/ul>\n<p><strong>Zertifizierung<\/strong><\/p>\n<p>Die Ma\u00dfnahme ist f\u00fcr den Zeitraum vom 06.10.2025 bis 05.10.2028 qualit\u00e4tszertifiziert nach der <span class=\"mw-page-title-main\">Akkreditierungs- und Zulassungsverordnung Arbeitsf\u00f6rderung (AZAV).<\/span><\/p>\n<p><img loading=\"lazy\" decoding=\"async\" class=\"alignnone wp-image-232\" src=\"https:\/\/www.joblev.de\/wp-content\/uploads\/2023\/08\/AZAV_Massn_\u00a745-300x255.jpg\" alt=\"\" width=\"258\" height=\"219\" srcset=\"https:\/\/www.joblev.de\/wp-content\/uploads\/2023\/08\/AZAV_Massn_\u00a745-300x255.jpg 300w, https:\/\/www.joblev.de\/wp-content\/uploads\/2023\/08\/AZAV_Massn_\u00a745-14x12.jpg 14w, https:\/\/www.joblev.de\/wp-content\/uploads\/2023\/08\/AZAV_Massn_\u00a745.jpg 631w\" sizes=\"auto, (max-width: 258px) 100vw, 258px\" \/><\/p>\n\t<\/div>\r\n<\/div>\r\n\r\n\r\n\r\n\n\t\t<\/div> \n\t<\/div>\n\t<\/div> \n<\/div><\/div>\n\t\t\t<\/div> \n\t\t<\/div>\n\t<\/div> \n\n\t<div style=\"z-index: 100; \" class=\"vc_col-sm-3 wpb_column column_container vc_column_container col has-animation padding-1-percent inherit_tablet inherit_phone\"  data-t-w-inherits=\"small_desktop\" data-padding-pos=\"top\" data-has-bg-color=\"false\" data-bg-color=\"\" data-bg-opacity=\"1\" data-animation=\"fade-in-from-bottom\" data-delay=\"100\" >\n\t\t<div class=\"vc_column-inner\" >\n\t\t\t<div class=\"wpb_wrapper\">\n\t\t\t\t<div id=\"fws_69eb444937f03\" data-midnight=\"\" data-column-margin=\"none\" class=\"wpb_row vc_row-fluid vc_row inner_row\"  style=\"padding-bottom: 20px; \"><div class=\"row-bg-wrap\"> <div class=\"row-bg\" ><\/div> <\/div><div class=\"row_col_wrap_12_inner col span_12  left\">\n\t<div  class=\"vc_col-sm-12 wpb_column column_container vc_column_container col child_column no-extra-padding inherit_tablet inherit_phone\"   data-padding-pos=\"all\" data-has-bg-color=\"false\" data-bg-color=\"\" data-bg-opacity=\"1\" data-animation=\"\" data-delay=\"0\" >\n\t\t<div class=\"vc_column-inner\" >\n\t\t<div class=\"wpb_wrapper\">\n\t\t\t<div class=\"img-with-aniamtion-wrap\" data-max-width=\"100%\" data-max-width-mobile=\"default\" data-border-radius=\"20px\" data-shadow=\"small_depth\" data-animation=\"grow-in\" >\r\n      <div class=\"inner\">\r\n        <div class=\"hover-wrap\" data-hover-animation=\"zoom-crop\"> \r\n          <div class=\"hover-wrap-inner\">\r\n            <a href=\"https:\/\/www.joblev.de\/wp-content\/uploads\/2025\/04\/Gerichtsstrasse.jpg\" class=\"pp\">\r\n              <img loading=\"lazy\" decoding=\"async\" class=\"img-with-animation skip-lazy\" data-delay=\"0\" height=\"979\" width=\"1200\" data-animation=\"grow-in\" src=\"https:\/\/www.joblev.de\/wp-content\/uploads\/2025\/04\/Gerichtsstrasse.jpg\" alt=\"\" srcset=\"https:\/\/www.joblev.de\/wp-content\/uploads\/2025\/04\/Gerichtsstrasse.jpg 1200w, https:\/\/www.joblev.de\/wp-content\/uploads\/2025\/04\/Gerichtsstrasse-300x245.jpg 300w, https:\/\/www.joblev.de\/wp-content\/uploads\/2025\/04\/Gerichtsstrasse-1024x835.jpg 1024w, https:\/\/www.joblev.de\/wp-content\/uploads\/2025\/04\/Gerichtsstrasse-768x627.jpg 768w, https:\/\/www.joblev.de\/wp-content\/uploads\/2025\/04\/Gerichtsstrasse-15x12.jpg 15w\" sizes=\"auto, (max-width: 1200px) 100vw, 1200px\" \/>\r\n            <\/a>\r\n          <\/div>\r\n        <\/div>\r\n      <\/div>\r\n      <\/div><div class=\"nectar-fancy-ul\" data-list-icon=\"dot\" data-animation=\"false\" data-animation-delay=\"0\" data-spacing=\"default\" data-alignment=\"left\"> <strong>Stadtteilb\u00fcro Opladen<\/strong><br \/>\nGerichtsstra\u00dfe 8<br \/>\n51379 Leverkusen-Opladen<br \/>\nTelefon <a href=\"tel:02171947411\">0 21 71 \u2013 94 74 11<\/a><\/p>\n<p>&nbsp;<\/p>\n<p><strong>\u00d6ffnungszeiten<\/strong><\/p>\n<p>Montag von 09.00 bis 14.00 Uhr<br \/>\nDienstag von 09.00 bis 14.00 Uhr<br \/>\nMittwoch von 09.00 bis 14.00 Uhr<br \/>\nDonnerstag von 09.00 bis 12. 00 Uhr und von 13.00 bis 16.00 Uhr<br \/>\nFreitag von\u00a009.00 bis 14.00 Uhr <\/div><div class=\"divider-wrap\" data-alignment=\"default\"><div style=\"height: 20px;\" class=\"divider\"><\/div><\/div><div class=\"img-with-aniamtion-wrap\" data-max-width=\"100%\" data-max-width-mobile=\"default\" data-border-radius=\"20px\" data-shadow=\"small_depth\" data-animation=\"none\" >\r\n      <div class=\"inner\">\r\n        <div class=\"hover-wrap\" data-hover-animation=\"zoom-crop\"> \r\n          <div class=\"hover-wrap-inner\">\r\n            <a href=\"https:\/\/www.joblev.de\/wp-content\/uploads\/2025\/06\/Elbestr.jpg\" class=\"pp\">\r\n              <img loading=\"lazy\" decoding=\"async\" class=\"img-with-animation skip-lazy\" data-delay=\"0\" height=\"800\" width=\"1200\" data-animation=\"none\" src=\"https:\/\/www.joblev.de\/wp-content\/uploads\/2025\/06\/Elbestr.jpg\" alt=\"\" srcset=\"https:\/\/www.joblev.de\/wp-content\/uploads\/2025\/06\/Elbestr.jpg 1200w, https:\/\/www.joblev.de\/wp-content\/uploads\/2025\/06\/Elbestr-300x200.jpg 300w, https:\/\/www.joblev.de\/wp-content\/uploads\/2025\/06\/Elbestr-1024x683.jpg 1024w, https:\/\/www.joblev.de\/wp-content\/uploads\/2025\/06\/Elbestr-768x512.jpg 768w, https:\/\/www.joblev.de\/wp-content\/uploads\/2025\/06\/Elbestr-18x12.jpg 18w, https:\/\/www.joblev.de\/wp-content\/uploads\/2025\/06\/Elbestr-900x600.jpg 900w\" sizes=\"auto, (max-width: 1200px) 100vw, 1200px\" \/>\r\n            <\/a>\r\n          <\/div>\r\n        <\/div>\r\n      <\/div>\r\n      <\/div><div class=\"nectar-fancy-ul\" data-list-icon=\"dot\" data-animation=\"false\" data-animation-delay=\"0\" data-spacing=\"default\" data-alignment=\"left\"> <strong>Stadtteilb\u00fcro Rheindorf<\/strong><br \/>\nElbestra\u00dfe 23<br \/>\n51371 Leverkusen-Rheindorf<br \/>\nTelefon <a href=\"tel:021427075\">02 14 \u2013 2 70 75<\/a><\/p>\n<p>&nbsp;<\/p>\n<p><strong>\u00d6ffnungszeiten<\/strong><\/p>\n<p>Montag von 09.00 bis 14.00 Uhr<br \/>\nDienstag von 09.00 bis 14.00 Uhr<br \/>\nMittwoch von 09.00 bis 14.00 Uhr<br \/>\nDonnerstag von 09.00 bis 12. 00 Uhr und von 13.00 bis 16.00 Uhr<br \/>\nFreitag von 09.00 bis 14.00 Uhr <\/div><div class=\"divider-wrap\" data-alignment=\"default\"><div style=\"height: 20px;\" class=\"divider\"><\/div><\/div><div class=\"img-with-aniamtion-wrap\" data-max-width=\"100%\" data-max-width-mobile=\"default\" data-border-radius=\"20px\" data-shadow=\"small_depth\" data-animation=\"none\" >\r\n      <div class=\"inner\">\r\n        <div class=\"hover-wrap\" data-hover-animation=\"zoom-crop\"> \r\n          <div class=\"hover-wrap-inner\">\r\n            <a href=\"https:\/\/www.joblev.de\/wp-content\/uploads\/2025\/04\/Luminaden.jpg\" class=\"pp\">\r\n              <img loading=\"lazy\" decoding=\"async\" class=\"img-with-animation skip-lazy\" data-delay=\"0\" height=\"692\" width=\"1200\" data-animation=\"none\" src=\"https:\/\/www.joblev.de\/wp-content\/uploads\/2025\/04\/Luminaden.jpg\" alt=\"\" srcset=\"https:\/\/www.joblev.de\/wp-content\/uploads\/2025\/04\/Luminaden.jpg 1200w, https:\/\/www.joblev.de\/wp-content\/uploads\/2025\/04\/Luminaden-300x173.jpg 300w, https:\/\/www.joblev.de\/wp-content\/uploads\/2025\/04\/Luminaden-1024x591.jpg 1024w, https:\/\/www.joblev.de\/wp-content\/uploads\/2025\/04\/Luminaden-768x443.jpg 768w, https:\/\/www.joblev.de\/wp-content\/uploads\/2025\/04\/Luminaden-18x10.jpg 18w\" sizes=\"auto, (max-width: 1200px) 100vw, 1200px\" \/>\r\n            <\/a>\r\n          <\/div>\r\n        <\/div>\r\n      <\/div>\r\n      <\/div><div class=\"nectar-fancy-ul\" data-list-icon=\"dot\" data-animation=\"false\" data-animation-delay=\"0\" data-spacing=\"default\" data-alignment=\"left\"> <strong>Stadtteilb\u00fcro Wiesdorf im Service-Point Integration<\/strong><br \/>\nLuminaden-Passage in der Fu\u00dfg\u00e4ngerzone<br \/>\nWiedorfer Platz 34a<br \/>\n51373 Leverkusen-Wiesdorf<br \/>\nTelefon <a href=\"tel:021420616054\">02 14 \u2013 20 61 60 54<\/a><\/p>\n<p>&nbsp;<\/p>\n<p><strong>\u00d6ffnungszeiten<\/strong><br \/>\nDienstag und Donnerstag von 13.00 bis 16.30 Uhr<br \/>\nFreitag von 11.00 bis 13.00 Uhr <\/div><div class=\"divider-wrap\" data-alignment=\"default\"><div style=\"height: 20px;\" class=\"divider\"><\/div><\/div><div class=\"img-with-aniamtion-wrap\" data-max-width=\"100%\" data-max-width-mobile=\"default\" data-border-radius=\"20px\" data-shadow=\"small_depth\" data-animation=\"none\" >\r\n      <div class=\"inner\">\r\n        <div class=\"hover-wrap\" data-hover-animation=\"zoom-crop\"> \r\n          <div class=\"hover-wrap-inner\">\r\n            <a href=\"https:\/\/www.joblev.de\/wp-content\/uploads\/2024\/10\/nahammenschen1.jpg\" class=\"pp\">\r\n              <img loading=\"lazy\" decoding=\"async\" class=\"img-with-animation skip-lazy\" data-delay=\"0\" height=\"800\" width=\"1200\" data-animation=\"none\" src=\"https:\/\/www.joblev.de\/wp-content\/uploads\/2024\/10\/nahammenschen1.jpg\" alt=\"\" srcset=\"https:\/\/www.joblev.de\/wp-content\/uploads\/2024\/10\/nahammenschen1.jpg 1200w, https:\/\/www.joblev.de\/wp-content\/uploads\/2024\/10\/nahammenschen1-300x200.jpg 300w, https:\/\/www.joblev.de\/wp-content\/uploads\/2024\/10\/nahammenschen1-1024x683.jpg 1024w, https:\/\/www.joblev.de\/wp-content\/uploads\/2024\/10\/nahammenschen1-768x512.jpg 768w, https:\/\/www.joblev.de\/wp-content\/uploads\/2024\/10\/nahammenschen1-18x12.jpg 18w, https:\/\/www.joblev.de\/wp-content\/uploads\/2024\/10\/nahammenschen1-900x600.jpg 900w\" sizes=\"auto, (max-width: 1200px) 100vw, 1200px\" \/>\r\n            <\/a>\r\n          <\/div>\r\n        <\/div>\r\n      <\/div>\r\n      <\/div><div class=\"nectar-fancy-ul\" data-list-icon=\"dot\" data-animation=\"false\" data-animation-delay=\"0\" data-spacing=\"default\" data-alignment=\"left\"> <strong>Stadtteilb\u00fcro Steinb\u00fcchel<\/strong><br \/>\nK\u00e4the-Kollwitz-Stra\u00dfe 26<br \/>\n51377 Leverkusen-Steinb\u00fcchel<br \/>\nTelefon <a href=\"tel:02171947411\">0 21 71 \u2013 94 74 11<\/a><\/p>\n<p>&nbsp;<\/p>\n<p><strong>\u00d6ffnungszeiten<\/strong><br \/>\nMontag und Dienstag von 9.00 bis 13.00 Uhr<br \/>\nDonnerstag von 12.00 bis 15.00 Uhr <\/div>\n\t\t<\/div> \n\t<\/div>\n\t<\/div> \n<\/div><\/div>\n\t\t\t<\/div> \n\t\t<\/div>\n\t<\/div> \n<\/div><\/div>\r\n\t\t<div id=\"fws_69eb444939392\"  data-column-margin=\"default\" data-midnight=\"dark\"  class=\"wpb_row vc_row-fluid vc_row full-width-section\"  style=\"padding-top: 0px; padding-bottom: 0px; \"><div class=\"row-bg-wrap\" data-bg-animation=\"none\" data-bg-animation-delay=\"\" data-bg-overlay=\"false\"><div class=\"inner-wrap row-bg-layer\" ><div class=\"row-bg viewport-desktop using-bg-color\"  style=\"background-color: #e8f0ff; \"><\/div><\/div><\/div><div class=\"row_col_wrap_12 col span_12 dark left\">\n\t<div  class=\"vc_col-sm-12 wpb_column column_container vc_column_container col no-extra-padding inherit_tablet inherit_phone\"  data-padding-pos=\"all\" data-has-bg-color=\"false\" data-bg-color=\"\" data-bg-opacity=\"1\" data-animation=\"\" data-delay=\"0\" >\n\t\t<div class=\"vc_column-inner\" >\n\t\t\t<div class=\"wpb_wrapper\">\n\t\t\t\t\n\t<div class=\"wpb_gallery wpb_content_element clearfix\">\n\t\t<div class=\"wpb_wrapper\"><div class=\"wpb_gallery_slidesflickity_static_height_style\" data-onclick=\"link_image\" data-interval=\"5\"><style>.wpb_gallery_slidesflickity_static_height_style .nectar-flickity.instace-69eb44493a1a0:not(.masonry) .flickity-slider .cell img {\r\n      height: 500px;\r\n    }\r\n    @media only screen and (max-width: 1300px) {\r\n      .wpb_gallery_slidesflickity_static_height_style .nectar-flickity.instace-69eb44493a1a0:not(.masonry) .flickity-slider .cell img {\r\n        height: 400px;\r\n      }\r\n    }\r\n    @media only screen and (max-width: 1000px) {\r\n      .wpb_gallery_slidesflickity_static_height_style .nectar-flickity.instace-69eb44493a1a0:not(.masonry) .flickity-slider .cell img {\r\n        height: 350px;\r\n      }\r\n    }\r\n    @media only screen and (max-width: 690px) {\r\n      .wpb_gallery_slidesflickity_static_height_style .nectar-flickity.instace-69eb44493a1a0:not(.masonry) .flickity-slider .cell img {\r\n        height: 300px;\r\n      }\r\n    }<\/style><div class=\"nectar-flickity not-initialized instace-69eb44493a1a0\"  data-touch-icon-color=\"default\" data-drag-scale=\"\" data-overflow=\"visible\" data-wrap=\"no-wrap\" data-spacing=\"10px\" data-shadow=\"none\" data-autoplay=\"\" data-autoplay-dur=\"\" data-free-scroll=\"\" data-controls=\"touch_total\"><div class=\"flickity-viewport\"> <div class=\"flickity-slider\"><div class=\"cell\" data-lazy=\"true\"><img loading=\"lazy\" decoding=\"async\" width=\"1024\" height=\"683\"  src=\"data:image\/svg+xml;charset=utf-8,%3Csvg%20xmlns%3D'http%3A%2F%2Fwww.w3.org%2F2000%2Fsvg'%20viewBox%3D'0%200%201024%20683'%2F%3E\" data-nectar-img-src=\"https:\/\/www.joblev.de\/wp-content\/uploads\/2023\/12\/unbenannt-60945-1024x683.jpg\" class=\"skip-lazy nectar-lazy attachment-large\" alt=\"\" title=\"unbenannt-60945\"  data-nectar-img-srcset=\"https:\/\/www.joblev.de\/wp-content\/uploads\/2023\/12\/unbenannt-60945-1024x683.jpg 1024w, https:\/\/www.joblev.de\/wp-content\/uploads\/2023\/12\/unbenannt-60945-300x200.jpg 300w, https:\/\/www.joblev.de\/wp-content\/uploads\/2023\/12\/unbenannt-60945-768x512.jpg 768w, https:\/\/www.joblev.de\/wp-content\/uploads\/2023\/12\/unbenannt-60945-18x12.jpg 18w, https:\/\/www.joblev.de\/wp-content\/uploads\/2023\/12\/unbenannt-60945-900x600.jpg 900w, https:\/\/www.joblev.de\/wp-content\/uploads\/2023\/12\/unbenannt-60945.jpg 1200w\"><a class=\"entire-slide-link\"  href=\"https:\/\/www.joblev.de\/wp-content\/uploads\/2023\/12\/unbenannt-60945.jpg\"><\/a><\/div><div class=\"cell\" data-lazy=\"true\"><img loading=\"lazy\" decoding=\"async\" width=\"1024\" height=\"683\"  src=\"data:image\/svg+xml;charset=utf-8,%3Csvg%20xmlns%3D'http%3A%2F%2Fwww.w3.org%2F2000%2Fsvg'%20viewBox%3D'0%200%201024%20683'%2F%3E\" data-nectar-img-src=\"https:\/\/www.joblev.de\/wp-content\/uploads\/2023\/12\/unbenannt-60981-1024x683.jpg\" class=\"skip-lazy nectar-lazy attachment-large\" alt=\"\" title=\"unbenannt-60981\"  data-nectar-img-srcset=\"https:\/\/www.joblev.de\/wp-content\/uploads\/2023\/12\/unbenannt-60981-1024x683.jpg 1024w, https:\/\/www.joblev.de\/wp-content\/uploads\/2023\/12\/unbenannt-60981-300x200.jpg 300w, https:\/\/www.joblev.de\/wp-content\/uploads\/2023\/12\/unbenannt-60981-768x512.jpg 768w, https:\/\/www.joblev.de\/wp-content\/uploads\/2023\/12\/unbenannt-60981-18x12.jpg 18w, https:\/\/www.joblev.de\/wp-content\/uploads\/2023\/12\/unbenannt-60981-900x600.jpg 900w, https:\/\/www.joblev.de\/wp-content\/uploads\/2023\/12\/unbenannt-60981.jpg 1200w\"><a class=\"entire-slide-link\"  href=\"https:\/\/www.joblev.de\/wp-content\/uploads\/2023\/12\/unbenannt-60981.jpg\"><\/a><\/div><div class=\"cell\" data-lazy=\"true\"><img loading=\"lazy\" decoding=\"async\" width=\"1024\" height=\"683\"  src=\"data:image\/svg+xml;charset=utf-8,%3Csvg%20xmlns%3D'http%3A%2F%2Fwww.w3.org%2F2000%2Fsvg'%20viewBox%3D'0%200%201024%20683'%2F%3E\" data-nectar-img-src=\"https:\/\/www.joblev.de\/wp-content\/uploads\/2023\/12\/unbenannt-61125-1024x683.jpg\" class=\"skip-lazy nectar-lazy attachment-large\" alt=\"\" title=\"unbenannt-61125\"  data-nectar-img-srcset=\"https:\/\/www.joblev.de\/wp-content\/uploads\/2023\/12\/unbenannt-61125-1024x683.jpg 1024w, https:\/\/www.joblev.de\/wp-content\/uploads\/2023\/12\/unbenannt-61125-300x200.jpg 300w, https:\/\/www.joblev.de\/wp-content\/uploads\/2023\/12\/unbenannt-61125-768x512.jpg 768w, https:\/\/www.joblev.de\/wp-content\/uploads\/2023\/12\/unbenannt-61125-18x12.jpg 18w, https:\/\/www.joblev.de\/wp-content\/uploads\/2023\/12\/unbenannt-61125-900x600.jpg 900w, https:\/\/www.joblev.de\/wp-content\/uploads\/2023\/12\/unbenannt-61125.jpg 1200w\"><a class=\"entire-slide-link\"  href=\"https:\/\/www.joblev.de\/wp-content\/uploads\/2023\/12\/unbenannt-61125.jpg\"><\/a><\/div><\/div><\/div><\/div><\/div>\n\t\t<\/div> \n\t<\/div> \n\t\t\t<\/div> \n\t\t<\/div>\n\t<\/div> \n<\/div><\/div>","protected":false},"excerpt":{"rendered":"ABC: Aktivierung, Bewegung, Coaching Welche Beratung wird angeboten? Folgende Inhalte werden in jedem Einzelfall auf Ihre pers\u00f6nlichen Bed\u00fcrfnisse und Problemlage abgestimmt: Kl\u00e4rung der Lebenssituation\/Anamnese Kl\u00e4rung bestehender Hindernisse\/Problemen in Bereichen wie...","protected":false},"author":3,"featured_media":0,"parent":292,"menu_order":0,"comment_status":"closed","ping_status":"closed","template":"","meta":{"footnotes":""},"class_list":["post-2871","page","type-page","status-publish"],"aioseo_notices":[],"_links":{"self":[{"href":"https:\/\/www.joblev.de\/en\/wp-json\/wp\/v2\/pages\/2871","targetHints":{"allow":["GET"]}}],"collection":[{"href":"https:\/\/www.joblev.de\/en\/wp-json\/wp\/v2\/pages"}],"about":[{"href":"https:\/\/www.joblev.de\/en\/wp-json\/wp\/v2\/types\/page"}],"author":[{"embeddable":true,"href":"https:\/\/www.joblev.de\/en\/wp-json\/wp\/v2\/users\/3"}],"replies":[{"embeddable":true,"href":"https:\/\/www.joblev.de\/en\/wp-json\/wp\/v2\/comments?post=2871"}],"version-history":[{"count":8,"href":"https:\/\/www.joblev.de\/en\/wp-json\/wp\/v2\/pages\/2871\/revisions"}],"predecessor-version":[{"id":3009,"href":"https:\/\/www.joblev.de\/en\/wp-json\/wp\/v2\/pages\/2871\/revisions\/3009"}],"up":[{"embeddable":true,"href":"https:\/\/www.joblev.de\/en\/wp-json\/wp\/v2\/pages\/292"}],"wp:attachment":[{"href":"https:\/\/www.joblev.de\/en\/wp-json\/wp\/v2\/media?parent=2871"}],"curies":[{"name":"wp","href":"https:\/\/api.w.org\/{rel}","templated":true}]}}