{"id":3100,"date":"2026-03-05T15:49:37","date_gmt":"2026-03-05T14:49:37","guid":{"rendered":"https:\/\/www.joblev.de\/?page_id=3100"},"modified":"2026-03-10T13:36:56","modified_gmt":"2026-03-10T12:36:56","slug":"senorienbegegnungsstaette-doktorsburg","status":"publish","type":"page","link":"https:\/\/www.joblev.de\/en\/senorienbegegnungsstaette-doktorsburg\/","title":{"rendered":"Senorienbegegnungsst\u00e4tte Doktorsburg"},"content":{"rendered":"<div id=\"intro\"  data-column-margin=\"default\" data-midnight=\"dark\" data-top-percent=\"5%\" data-bottom-percent=\"5%\"  class=\"wpb_row vc_row-fluid vc_row full-width-content vc_row-o-equal-height vc_row-flex vc_row-o-content-middle  right_padding_27vw left_padding_27vw bottom_padding_tablet_12pct right_padding_tablet_20vw right_padding_phone_7vw left_padding_tablet_20vw left_padding_phone_7vw\"  style=\"padding-top: calc(100vw * 0.05); padding-bottom: calc(100vw * 0.05); \"><div class=\"row-bg-wrap\" data-bg-animation=\"none\" data-bg-animation-delay=\"\" data-bg-overlay=\"false\"><div class=\"inner-wrap row-bg-layer\" ><div class=\"row-bg viewport-desktop\"  style=\"\"><\/div><\/div><\/div><div class=\"row_col_wrap_12 col span_12 dark left\">\n\t<div  class=\"vc_col-sm-12 wpb_column column_container vc_column_container col column_position_static el_spacing_0px\"  data-overlay-color=\"true\" data-padding-pos=\"all\" data-has-bg-color=\"false\" data-bg-color=\"\" data-bg-opacity=\"1\" data-animation=\"\" data-delay=\"0\" >\n\t\t<div class=\"vc_column-inner\" ><div class=\"column-bg-overlay-wrap column-bg-layer\" data-bg-animation=\"none\"><div class=\"column-bg-overlay\"><\/div><div class=\"column-overlay-layer\" style=\"\"><\/div><\/div>\n\t\t\t<div class=\"wpb_wrapper\">\n\t\t\t\t\r\n<div class=\"wpb_text_column wpb_content_element\" >\r\n\t<div class=\"wpb_wrapper\">\r\n\t\t<h2 style=\"text-align: center;\">Besch\u00e4ftigungs- und Qualifizierungsprojekt<br \/>\n&#8218;Seniorenbegegnungsst\u00e4tte Doktorsburg&#8216;<\/h2>\n<p style=\"text-align: center;\"><span style=\"color: #ffffff;\">a<\/span><\/p>\n\t<\/div>\r\n<\/div>\r\n\r\n\r\n\r\n<div class=\"nectar-highlighted-text font_size_3vw font_size_tablet_4vw font_size_phone_5vw font_line_height_1-4\" data-style=\"scribble\" data-exp=\"default\" data-id=\"circle-highlight2\" data-using-custom-color=\"false\" data-animation-delay=\"false\" data-color=\"\" data-color-gradient=\"\" style=\"\">\n<h2><\/h2>\n<h2 style=\"text-align: center\"><em style=\"color: #0067f7;\"><strong>Mehr Raum f\u00fcr Ihr Angebot<\/strong><svg class=\"nectar-scribble circle\" role=\"presentation\" viewbox=\"0 0 800 350\" preserveaspectratio=\"none\"><path style=\"animation-duration: 1.8s;\" transform=\"matrix(0.9791300296783447,0,0,0.9791300296783447,400,179)\" stroke-linejoin=\"miter\" fill-opacity=\"0\" pathlength=\"1\" stroke-miterlimit=\"4\" stroke=\"#0067f7\" stroke-opacity=\"1\" stroke-width=\"14\" d=\" M253,-161 C253,-161 -284.78900146484375,-201.4600067138672 -376,-21 C-469,163 67.62300109863281,174.2100067138672 256,121 C564,34 250.82899475097656,-141.6929931640625 19.10700035095215,-116.93599700927734\"><\/path><\/svg><\/em><\/h2>\n<\/div>\n\t\t\t<\/div> \n\t\t<\/div>\n\t<\/div> \n<\/div><\/div>\r\n\t\t<div id=\"fws_69f31b0e9dbe1\"  data-column-margin=\"90px\" data-midnight=\"dark\" data-top-percent=\"8%\" data-bottom-percent=\"8%\"  class=\"wpb_row vc_row-fluid vc_row full-width-section\"  style=\"padding-top: calc(100vw * 0.08); padding-bottom: calc(100vw * 0.08); \"><div class=\"row-bg-wrap\" data-bg-animation=\"none\" data-bg-animation-delay=\"\" data-bg-overlay=\"false\"><div class=\"inner-wrap row-bg-layer\" ><div class=\"row-bg viewport-desktop\"  style=\"\"><\/div><\/div><\/div><div class=\"row_col_wrap_12 col span_12 dark left\">\n\t<div  class=\"vc_col-sm-9 wpb_column column_container vc_column_container col has-animation padding-1-percent inherit_tablet inherit_phone\"  data-t-w-inherits=\"small_desktop\" data-padding-pos=\"top\" data-has-bg-color=\"false\" data-bg-color=\"\" data-bg-opacity=\"1\" data-animation=\"fade-in-from-bottom\" data-delay=\"0\" >\n\t\t<div class=\"vc_column-inner\" >\n\t\t\t<div class=\"wpb_wrapper\">\n\t\t\t\t<div class=\"nectar-scrolling-text custom_color\" data-style=\"default\" data-s-dir=\"ltr\" data-spacing=\"false\" data-outline-thickness=\"thin\" data-s-speed=\"slower\" data-overflow=\"hidden\" ><div class=\"nectar-scrolling-text-inner\" style=\"color: #000000;\"><div class=\"nectar-scrolling-text-inner__text-chunk\">Herzlich willkommen in der st\u00e4dtischen Seniorenbegegnungsst\u00e4tte Doktorsburg in Leverkusen-Wiesdorf. Wir freuen uns \u00fcber Ihr Interesse.\u00a0\u00a0\u00a0\u00a0 +++\u00a0\u00a0\u00a0 <span style=\"color: #ffffff\">+<\/span><\/div><div class=\"nectar-scrolling-text-inner__text-chunk\">Herzlich willkommen in der st\u00e4dtischen Seniorenbegegnungsst\u00e4tte Doktorsburg in Leverkusen-Wiesdorf. Wir freuen uns \u00fcber Ihr Interesse.\u00a0\u00a0\u00a0\u00a0 +++\u00a0\u00a0\u00a0 <span style=\"color: #ffffff\">+<\/span><\/div><div class=\"nectar-scrolling-text-inner__text-chunk\">Herzlich willkommen in der st\u00e4dtischen Seniorenbegegnungsst\u00e4tte Doktorsburg in Leverkusen-Wiesdorf. Wir freuen uns \u00fcber Ihr Interesse.\u00a0\u00a0\u00a0\u00a0 +++\u00a0\u00a0\u00a0 <span style=\"color: #ffffff\">+<\/span><\/div><div class=\"nectar-scrolling-text-inner__text-chunk\">Herzlich willkommen in der st\u00e4dtischen Seniorenbegegnungsst\u00e4tte Doktorsburg in Leverkusen-Wiesdorf. Wir freuen uns \u00fcber Ihr Interesse.\u00a0\u00a0\u00a0\u00a0 +++\u00a0\u00a0\u00a0 <span style=\"color: #ffffff\">+<\/span><\/div><div class=\"nectar-scrolling-text-inner__text-chunk\">Herzlich willkommen in der st\u00e4dtischen Seniorenbegegnungsst\u00e4tte Doktorsburg in Leverkusen-Wiesdorf. Wir freuen uns \u00fcber Ihr Interesse.\u00a0\u00a0\u00a0\u00a0 +++\u00a0\u00a0\u00a0 <span style=\"color: #ffffff\">+<\/span><\/div><div class=\"nectar-scrolling-text-inner__text-chunk\">Herzlich willkommen in der st\u00e4dtischen Seniorenbegegnungsst\u00e4tte Doktorsburg in Leverkusen-Wiesdorf. Wir freuen uns \u00fcber Ihr Interesse.\u00a0\u00a0\u00a0\u00a0 +++\u00a0\u00a0\u00a0 <span style=\"color: #ffffff\">+<\/span><\/div><div class=\"nectar-scrolling-text-inner__text-chunk\">Herzlich willkommen in der st\u00e4dtischen Seniorenbegegnungsst\u00e4tte Doktorsburg in Leverkusen-Wiesdorf. Wir freuen uns \u00fcber Ihr Interesse.\u00a0\u00a0\u00a0\u00a0 +++\u00a0\u00a0\u00a0 <span style=\"color: #ffffff\">+<\/span><\/div><div class=\"nectar-scrolling-text-inner__text-chunk\">Herzlich willkommen in der st\u00e4dtischen Seniorenbegegnungsst\u00e4tte Doktorsburg in Leverkusen-Wiesdorf. Wir freuen uns \u00fcber Ihr Interesse.\u00a0\u00a0\u00a0\u00a0 +++\u00a0\u00a0\u00a0 <span style=\"color: #ffffff\">+<\/span><\/div><\/div><\/div><div id=\"fws_69f31b0e9df1c\" data-midnight=\"\" data-column-margin=\"60px\" class=\"wpb_row vc_row-fluid vc_row inner_row\"  style=\"padding-top: 15px; \"><div class=\"row-bg-wrap\"> <div class=\"row-bg\" ><\/div> <\/div><div class=\"row_col_wrap_12_inner col span_12  left\">\n\t<div  class=\"vc_col-sm-12 wpb_column column_container vc_column_container col child_column no-extra-padding inherit_tablet inherit_phone\"   data-padding-pos=\"all\" data-has-bg-color=\"false\" data-bg-color=\"\" data-bg-opacity=\"1\" data-animation=\"\" data-delay=\"0\" >\n\t\t<div class=\"vc_column-inner\" >\n\t\t<div class=\"wpb_wrapper\">\n\t\t\t\r\n<div class=\"wpb_text_column wpb_content_element\" >\r\n\t<div class=\"wpb_wrapper\">\r\n\t\t<p><strong>Sie suchen einen Raum f\u00fcr Veranstaltungen, Seminare, Gymnastik- oder Sportkurse?<\/strong><\/p>\n<p>Dann sind Sie bei uns genau richtig. Seit 2007 betreibt die JOB Service Besch\u00e4ftigungsf\u00f6rderung Leverkusen gGmbH (JSL) die st\u00e4dtische Seniorenbegegnungsst\u00e4tte Doktorsburg am Rande des Wiesdorfer Wilhelm-Dopatka-Stadtparks im Namen und auf Rechnung der Stadt Leverkusen als Besch\u00e4ftigungs- und Qualifizierungsprojekt.<\/p>\n<p>Die zentral gelegene Einrichtung\u00a0 ist in wenigen Gehminuten vom Busbahnhof und S-Bahnhof Leverkusen-Mitte erreichbar. Wer mit dem PKW kommt, kann einige Parkpl\u00e4tze in unmittelbarer N\u00e4he kostenfrei nutzen.<\/p>\n<p><strong>Wir bieten folgende Ausstattung:<\/strong><\/p>\n<ul>\n<li>Verschiedene Raumgr\u00f6\u00dfen je nach Ihrem Bedarf<\/li>\n<li>Gro\u00dfer Veranstaltungsraum im Erdgeschoss<\/li>\n<li>Veranstaltungsr\u00e4ume auf mehreren Etagen<\/li>\n<li>Tische und St\u00fchle<\/li>\n<li>K\u00fcche mit Sp\u00fclmaschine<\/li>\n<li>Toiletten<strong><em><br \/>\n<\/em><\/strong><\/li>\n<\/ul>\n<p><strong>Wir bieten folgende Mietzeiten:<\/strong><\/p>\n<ul>\n<li>xxx bis xxx von xx.00 Uhr bis xx.00 Uhr<\/li>\n<li>an Wochenenden von xx.xx Uhr bis xx.xx Uhr<\/li>\n<li>sowie nach Vereinbarung<\/li>\n<\/ul>\n<p><strong>Wir bieten folgende Mietkonditionen:<\/strong><\/p>\n<ul>\n<li>Grundlage des zu erstellenden Mietvertrages ist die Benutzerordnung der Stadt Leverkusen zur Anmietung st\u00e4dtischer R\u00e4umlichkeiten.<\/li>\n<li>G\u00fcltig ist die Preisliste der Stadt Leverkusen zur Anmietung st\u00e4dtischer R\u00e4umlichkeiten mit folgenden Konditionen:<\/li>\n<\/ul>\n<p>&nbsp;<\/p>\n<table style=\"height: 245px;\" width=\"702\">\n<tbody>\n<tr>\n<td width=\"121\"><strong>\u00a0<\/strong><\/td>\n<td colspan=\"2\" width=\"242\"><strong>Einmalig<\/strong><\/td>\n<td colspan=\"2\" width=\"242\"><strong>Dauernutzung (&gt; 6 Monate)<\/strong><\/td>\n<\/tr>\n<tr>\n<td width=\"121\"><\/td>\n<td width=\"121\">Gewerblich<\/td>\n<td width=\"121\">Privat \/ Verein<\/td>\n<td width=\"121\">Gewerblich<\/td>\n<td width=\"121\">Privat \/ Verein<\/td>\n<\/tr>\n<tr>\n<td rowspan=\"2\" width=\"121\"><strong>Raum pro Stunde<\/strong><\/td>\n<td width=\"121\">Tarif A<\/td>\n<td width=\"121\">Tarif B<\/td>\n<td width=\"121\">Tarif A<\/td>\n<td width=\"121\">Tarif B<\/td>\n<\/tr>\n<tr>\n<td width=\"121\">52,00 EUR<\/td>\n<td width=\"121\">29,00 EUR<\/td>\n<td width=\"121\">26,00 EUR<\/td>\n<td width=\"121\">14,50 EUR<\/td>\n<\/tr>\n<\/tbody>\n<\/table>\n<p>&nbsp;<\/p>\n<p><strong>Raum frei?<\/strong><\/p>\n<p>Ist der Raum zu dem von Ihnen ben\u00f6tigten Zeitraum verf\u00fcgbar?<\/p>\n<p>Bitte informieren Sie sich gleich hier \u00fcber unseren aktuellen <strong><a href=\"https:\/\/www.joblev.de\/wp-content\/uploads\/2026\/03\/Belegungsplan-Doktorsburg.pdf\" target=\"_blank\" rel=\"noopener\">Belegungsplan<\/a><\/strong>.<\/p>\n<p><strong>R\u00fcckfragen?<\/strong><\/p>\n<p>Sprechen Sie uns gerne \u00fcber die Kontaktdaten oben auf der rechten Seite an.<\/p>\n<p>Wir freuen uns auf Ihre Buchungen und unterst\u00fctzen Sie bei Ihren Veranstaltungsplanungen.<\/p>\n\t<\/div>\r\n<\/div>\r\n\r\n\r\n\r\n\n\t\t<\/div> \n\t<\/div>\n\t<\/div> \n<\/div><\/div>\n\t\t\t<\/div> \n\t\t<\/div>\n\t<\/div> \n\n\t<div style=\"z-index: 100; \" class=\"vc_col-sm-3 wpb_column column_container vc_column_container col has-animation padding-1-percent inherit_tablet inherit_phone\"  data-t-w-inherits=\"small_desktop\" data-padding-pos=\"top\" data-has-bg-color=\"false\" data-bg-color=\"\" data-bg-opacity=\"1\" data-animation=\"fade-in-from-bottom\" data-delay=\"100\" >\n\t\t<div class=\"vc_column-inner\" >\n\t\t\t<div class=\"wpb_wrapper\">\n\t\t\t\t<div id=\"fws_69f31b0e9e2db\" data-midnight=\"\" data-column-margin=\"none\" class=\"wpb_row vc_row-fluid vc_row inner_row\"  style=\"padding-bottom: 20px; \"><div class=\"row-bg-wrap\"> <div class=\"row-bg\" ><\/div> <\/div><div class=\"row_col_wrap_12_inner col span_12  left\">\n\t<div  class=\"vc_col-sm-12 wpb_column column_container vc_column_container col child_column no-extra-padding inherit_tablet inherit_phone\"   data-padding-pos=\"all\" data-has-bg-color=\"false\" data-bg-color=\"\" data-bg-opacity=\"1\" data-animation=\"\" data-delay=\"0\" >\n\t\t<div class=\"vc_column-inner\" >\n\t\t<div class=\"wpb_wrapper\">\n\t\t\t<div class=\"img-with-aniamtion-wrap\" data-max-width=\"100%\" data-max-width-mobile=\"default\" data-border-radius=\"20px\" data-shadow=\"small_depth\" data-animation=\"grow-in\" >\r\n      <div class=\"inner\">\r\n        <div class=\"hover-wrap\" data-hover-animation=\"zoom-crop\"> \r\n          <div class=\"hover-wrap-inner\">\r\n            <img loading=\"lazy\" decoding=\"async\" class=\"img-with-animation skip-lazy\" data-delay=\"0\" height=\"900\" width=\"1200\" data-animation=\"grow-in\" src=\"https:\/\/www.joblev.de\/wp-content\/uploads\/2026\/03\/Aussenansicht-1.jpg\" alt=\"\" srcset=\"https:\/\/www.joblev.de\/wp-content\/uploads\/2026\/03\/Aussenansicht-1.jpg 1200w, https:\/\/www.joblev.de\/wp-content\/uploads\/2026\/03\/Aussenansicht-1-300x225.jpg 300w, https:\/\/www.joblev.de\/wp-content\/uploads\/2026\/03\/Aussenansicht-1-1024x768.jpg 1024w, https:\/\/www.joblev.de\/wp-content\/uploads\/2026\/03\/Aussenansicht-1-768x576.jpg 768w, https:\/\/www.joblev.de\/wp-content\/uploads\/2026\/03\/Aussenansicht-1-16x12.jpg 16w\" sizes=\"auto, (max-width: 1200px) 100vw, 1200px\" \/>\r\n          <\/div>\r\n        <\/div>\r\n      <\/div>\r\n    <\/div><div class=\"nectar-fancy-ul\" data-list-icon=\"dot\" data-animation=\"false\" data-animation-delay=\"0\" data-spacing=\"default\" data-alignment=\"left\"> Seniorenbegegnungsst\u00e4tte<br \/>\nDoktorsburg<\/p>\n<p>&nbsp;<\/p>\n<p>Ihre Ansprechpartnerin:<br \/>\nPia Wimmershoff<br \/>\n<img alt=\"\" \/><br \/>\nRathenaustra\u00dfe 63<br \/>\n51373 Leverkusen<\/p>\n<p>Telefon 02 14 \/ 3 10 67 21<br \/>\n<a href=\"mailto:doktorsburg@stadt.leverkusen.de\" target=\"_blank\" rel=\"noopener\">doktorsburg@stadt-leverkusen.de<\/a> <\/div><div class=\"divider-wrap\" data-alignment=\"default\"><div style=\"height: 20px;\" class=\"divider\"><\/div><\/div>\n\t\t<\/div> \n\t<\/div>\n\t<\/div> \n<\/div><\/div>\n\t\t\t<\/div> \n\t\t<\/div>\n\t<\/div> \n<\/div><\/div>\r\n\t\t<div id=\"fws_69f31b0e9e9b0\"  data-column-margin=\"default\" data-midnight=\"dark\" data-bottom-percent=\"8%\"  class=\"wpb_row vc_row-fluid vc_row full-width-section\"  style=\"padding-top: 0px; padding-bottom: calc(100vw * 0.08); \"><div class=\"row-bg-wrap\" data-bg-animation=\"none\" data-bg-animation-delay=\"\" data-bg-overlay=\"false\"><div class=\"inner-wrap row-bg-layer\" ><div class=\"row-bg viewport-desktop\"  style=\"\"><\/div><\/div><\/div><div class=\"row_col_wrap_12 col span_12 dark left\">\n\t<div  class=\"vc_col-sm-12 wpb_column column_container vc_column_container col no-extra-padding inherit_tablet inherit_phone\"  data-padding-pos=\"all\" data-has-bg-color=\"false\" data-bg-color=\"\" data-bg-opacity=\"1\" data-animation=\"\" data-delay=\"0\" >\n\t\t<div class=\"vc_column-inner\" >\n\t\t\t<div class=\"wpb_wrapper\">\n\t\t\t\t\n\t<div class=\"wpb_gallery wpb_content_element clearfix\">\n\t\t<div class=\"wpb_wrapper\"><div class=\"wpb_gallery_slidesflickity_static_height_style\" data-onclick=\"link_image\" data-interval=\"5\"><style>.wpb_gallery_slidesflickity_static_height_style .nectar-flickity.instace-69f31b0e9ef60:not(.masonry) .flickity-slider .cell img {\r\n      height: 500px;\r\n    }\r\n    @media only screen and (max-width: 1300px) {\r\n      .wpb_gallery_slidesflickity_static_height_style .nectar-flickity.instace-69f31b0e9ef60:not(.masonry) .flickity-slider .cell img {\r\n        height: 400px;\r\n      }\r\n    }\r\n    @media only screen and (max-width: 1000px) {\r\n      .wpb_gallery_slidesflickity_static_height_style .nectar-flickity.instace-69f31b0e9ef60:not(.masonry) .flickity-slider .cell img {\r\n        height: 350px;\r\n      }\r\n    }\r\n    @media only screen and (max-width: 690px) {\r\n      .wpb_gallery_slidesflickity_static_height_style .nectar-flickity.instace-69f31b0e9ef60:not(.masonry) .flickity-slider .cell img {\r\n        height: 300px;\r\n      }\r\n    }<\/style><div class=\"nectar-flickity not-initialized instace-69f31b0e9ef60\"  data-touch-icon-color=\"default\" data-drag-scale=\"\" data-overflow=\"visible\" data-wrap=\"no-wrap\" data-spacing=\"10px\" data-shadow=\"none\" data-autoplay=\"\" data-autoplay-dur=\"\" data-free-scroll=\"\" data-controls=\"touch_total\"><div class=\"flickity-viewport\"> <div class=\"flickity-slider\"><div class=\"cell\" data-lazy=\"true\"><img loading=\"lazy\" decoding=\"async\" width=\"1024\" height=\"768\"  src=\"data:image\/svg+xml;charset=utf-8,%3Csvg%20xmlns%3D'http%3A%2F%2Fwww.w3.org%2F2000%2Fsvg'%20viewBox%3D'0%200%201024%20768'%2F%3E\" data-nectar-img-src=\"https:\/\/www.joblev.de\/wp-content\/uploads\/2026\/03\/Aussenansicht-1024x768.jpg\" class=\"skip-lazy nectar-lazy attachment-large\" alt=\"\" title=\"Au\u00dfenansicht\"  data-nectar-img-srcset=\"https:\/\/www.joblev.de\/wp-content\/uploads\/2026\/03\/Aussenansicht-1024x768.jpg 1024w, https:\/\/www.joblev.de\/wp-content\/uploads\/2026\/03\/Aussenansicht-300x225.jpg 300w, https:\/\/www.joblev.de\/wp-content\/uploads\/2026\/03\/Aussenansicht-768x576.jpg 768w, https:\/\/www.joblev.de\/wp-content\/uploads\/2026\/03\/Aussenansicht-16x12.jpg 16w, https:\/\/www.joblev.de\/wp-content\/uploads\/2026\/03\/Aussenansicht.jpg 1200w\"><a class=\"entire-slide-link\"  href=\"https:\/\/www.joblev.de\/wp-content\/uploads\/2026\/03\/Aussenansicht.jpg\"><\/a><\/div><div class=\"cell\" data-lazy=\"true\"><img loading=\"lazy\" decoding=\"async\" width=\"1024\" height=\"768\"  src=\"data:image\/svg+xml;charset=utf-8,%3Csvg%20xmlns%3D'http%3A%2F%2Fwww.w3.org%2F2000%2Fsvg'%20viewBox%3D'0%200%201024%20768'%2F%3E\" data-nectar-img-src=\"https:\/\/www.joblev.de\/wp-content\/uploads\/2026\/03\/Raum2-1024x768.jpg\" class=\"skip-lazy nectar-lazy attachment-large\" alt=\"\" title=\"Raum2\"  data-nectar-img-srcset=\"https:\/\/www.joblev.de\/wp-content\/uploads\/2026\/03\/Raum2-1024x768.jpg 1024w, https:\/\/www.joblev.de\/wp-content\/uploads\/2026\/03\/Raum2-300x225.jpg 300w, https:\/\/www.joblev.de\/wp-content\/uploads\/2026\/03\/Raum2-768x576.jpg 768w, https:\/\/www.joblev.de\/wp-content\/uploads\/2026\/03\/Raum2-16x12.jpg 16w, https:\/\/www.joblev.de\/wp-content\/uploads\/2026\/03\/Raum2.jpg 1200w\"><a class=\"entire-slide-link\"  href=\"https:\/\/www.joblev.de\/wp-content\/uploads\/2026\/03\/Raum2.jpg\"><\/a><\/div><div class=\"cell\" data-lazy=\"true\"><img loading=\"lazy\" decoding=\"async\" width=\"1024\" height=\"768\"  src=\"data:image\/svg+xml;charset=utf-8,%3Csvg%20xmlns%3D'http%3A%2F%2Fwww.w3.org%2F2000%2Fsvg'%20viewBox%3D'0%200%201024%20768'%2F%3E\" data-nectar-img-src=\"https:\/\/www.joblev.de\/wp-content\/uploads\/2026\/03\/Raum5-1024x768.jpg\" class=\"skip-lazy nectar-lazy attachment-large\" alt=\"\" title=\"Raum5\"  data-nectar-img-srcset=\"https:\/\/www.joblev.de\/wp-content\/uploads\/2026\/03\/Raum5-1024x768.jpg 1024w, https:\/\/www.joblev.de\/wp-content\/uploads\/2026\/03\/Raum5-300x225.jpg 300w, https:\/\/www.joblev.de\/wp-content\/uploads\/2026\/03\/Raum5-768x576.jpg 768w, https:\/\/www.joblev.de\/wp-content\/uploads\/2026\/03\/Raum5-16x12.jpg 16w, https:\/\/www.joblev.de\/wp-content\/uploads\/2026\/03\/Raum5.jpg 1200w\"><a class=\"entire-slide-link\"  href=\"https:\/\/www.joblev.de\/wp-content\/uploads\/2026\/03\/Raum5.jpg\"><\/a><\/div><div class=\"cell\" data-lazy=\"true\"><img loading=\"lazy\" decoding=\"async\" width=\"1024\" height=\"768\"  src=\"data:image\/svg+xml;charset=utf-8,%3Csvg%20xmlns%3D'http%3A%2F%2Fwww.w3.org%2F2000%2Fsvg'%20viewBox%3D'0%200%201024%20768'%2F%3E\" data-nectar-img-src=\"https:\/\/www.joblev.de\/wp-content\/uploads\/2026\/03\/Raum6-1024x768.jpg\" class=\"skip-lazy nectar-lazy attachment-large\" alt=\"\" title=\"Raum6\"  data-nectar-img-srcset=\"https:\/\/www.joblev.de\/wp-content\/uploads\/2026\/03\/Raum6-1024x768.jpg 1024w, https:\/\/www.joblev.de\/wp-content\/uploads\/2026\/03\/Raum6-300x225.jpg 300w, https:\/\/www.joblev.de\/wp-content\/uploads\/2026\/03\/Raum6-768x576.jpg 768w, https:\/\/www.joblev.de\/wp-content\/uploads\/2026\/03\/Raum6-16x12.jpg 16w, https:\/\/www.joblev.de\/wp-content\/uploads\/2026\/03\/Raum6.jpg 1200w\"><a class=\"entire-slide-link\"  href=\"https:\/\/www.joblev.de\/wp-content\/uploads\/2026\/03\/Raum6.jpg\"><\/a><\/div><div class=\"cell\" data-lazy=\"true\"><img loading=\"lazy\" decoding=\"async\" width=\"1024\" height=\"768\"  src=\"data:image\/svg+xml;charset=utf-8,%3Csvg%20xmlns%3D'http%3A%2F%2Fwww.w3.org%2F2000%2Fsvg'%20viewBox%3D'0%200%201024%20768'%2F%3E\" data-nectar-img-src=\"https:\/\/www.joblev.de\/wp-content\/uploads\/2026\/03\/Raum4-1024x768.jpg\" class=\"skip-lazy nectar-lazy attachment-large\" alt=\"\" title=\"Raum4\"  data-nectar-img-srcset=\"https:\/\/www.joblev.de\/wp-content\/uploads\/2026\/03\/Raum4-1024x768.jpg 1024w, https:\/\/www.joblev.de\/wp-content\/uploads\/2026\/03\/Raum4-300x225.jpg 300w, https:\/\/www.joblev.de\/wp-content\/uploads\/2026\/03\/Raum4-768x576.jpg 768w, https:\/\/www.joblev.de\/wp-content\/uploads\/2026\/03\/Raum4-16x12.jpg 16w, https:\/\/www.joblev.de\/wp-content\/uploads\/2026\/03\/Raum4.jpg 1200w\"><a class=\"entire-slide-link\"  href=\"https:\/\/www.joblev.de\/wp-content\/uploads\/2026\/03\/Raum4.jpg\"><\/a><\/div><div class=\"cell\" data-lazy=\"true\"><img loading=\"lazy\" decoding=\"async\" width=\"1024\" height=\"768\"  src=\"data:image\/svg+xml;charset=utf-8,%3Csvg%20xmlns%3D'http%3A%2F%2Fwww.w3.org%2F2000%2Fsvg'%20viewBox%3D'0%200%201024%20768'%2F%3E\" data-nectar-img-src=\"https:\/\/www.joblev.de\/wp-content\/uploads\/2026\/03\/Raum3-1024x768.jpg\" class=\"skip-lazy nectar-lazy attachment-large\" alt=\"\" title=\"Raum3\"  data-nectar-img-srcset=\"https:\/\/www.joblev.de\/wp-content\/uploads\/2026\/03\/Raum3-1024x768.jpg 1024w, https:\/\/www.joblev.de\/wp-content\/uploads\/2026\/03\/Raum3-300x225.jpg 300w, https:\/\/www.joblev.de\/wp-content\/uploads\/2026\/03\/Raum3-768x576.jpg 768w, https:\/\/www.joblev.de\/wp-content\/uploads\/2026\/03\/Raum3-16x12.jpg 16w, https:\/\/www.joblev.de\/wp-content\/uploads\/2026\/03\/Raum3.jpg 1200w\"><a class=\"entire-slide-link\"  href=\"https:\/\/www.joblev.de\/wp-content\/uploads\/2026\/03\/Raum3.jpg\"><\/a><\/div><div class=\"cell\" data-lazy=\"true\"><img loading=\"lazy\" decoding=\"async\" width=\"1024\" height=\"768\"  src=\"data:image\/svg+xml;charset=utf-8,%3Csvg%20xmlns%3D'http%3A%2F%2Fwww.w3.org%2F2000%2Fsvg'%20viewBox%3D'0%200%201024%20768'%2F%3E\" data-nectar-img-src=\"https:\/\/www.joblev.de\/wp-content\/uploads\/2026\/03\/Kueche-1024x768.jpg\" class=\"skip-lazy nectar-lazy attachment-large\" alt=\"\" title=\"K\u00fcche\"  data-nectar-img-srcset=\"https:\/\/www.joblev.de\/wp-content\/uploads\/2026\/03\/Kueche-1024x768.jpg 1024w, https:\/\/www.joblev.de\/wp-content\/uploads\/2026\/03\/Kueche-300x225.jpg 300w, https:\/\/www.joblev.de\/wp-content\/uploads\/2026\/03\/Kueche-768x576.jpg 768w, https:\/\/www.joblev.de\/wp-content\/uploads\/2026\/03\/Kueche-16x12.jpg 16w, https:\/\/www.joblev.de\/wp-content\/uploads\/2026\/03\/Kueche.jpg 1200w\"><a class=\"entire-slide-link\"  href=\"https:\/\/www.joblev.de\/wp-content\/uploads\/2026\/03\/Kueche.jpg\"><\/a><\/div><\/div><\/div><\/div><\/div>\n\t\t<\/div> \n\t<\/div> \n\t\t\t<\/div> \n\t\t<\/div>\n\t<\/div> \n<\/div><\/div>","protected":false},"excerpt":{"rendered":"Besch\u00e4ftigungs- und Qualifizierungsprojekt 'Seniorenbegegnungsst\u00e4tte Doktorsburg' a Mehr Raum f\u00fcr Ihr Angebot Herzlich willkommen in der st\u00e4dtischen Seniorenbegegnungsst\u00e4tte Doktorsburg in Leverkusen-Wiesdorf. Wir freuen uns \u00fcber Ihr Interesse.\u00a0\u00a0\u00a0\u00a0 +++\u00a0\u00a0\u00a0 +Herzlich willkommen in...","protected":false},"author":3,"featured_media":0,"parent":0,"menu_order":0,"comment_status":"closed","ping_status":"closed","template":"","meta":{"footnotes":""},"class_list":["post-3100","page","type-page","status-publish"],"aioseo_notices":[],"_links":{"self":[{"href":"https:\/\/www.joblev.de\/en\/wp-json\/wp\/v2\/pages\/3100","targetHints":{"allow":["GET"]}}],"collection":[{"href":"https:\/\/www.joblev.de\/en\/wp-json\/wp\/v2\/pages"}],"about":[{"href":"https:\/\/www.joblev.de\/en\/wp-json\/wp\/v2\/types\/page"}],"author":[{"embeddable":true,"href":"https:\/\/www.joblev.de\/en\/wp-json\/wp\/v2\/users\/3"}],"replies":[{"embeddable":true,"href":"https:\/\/www.joblev.de\/en\/wp-json\/wp\/v2\/comments?post=3100"}],"version-history":[{"count":20,"href":"https:\/\/www.joblev.de\/en\/wp-json\/wp\/v2\/pages\/3100\/revisions"}],"predecessor-version":[{"id":3141,"href":"https:\/\/www.joblev.de\/en\/wp-json\/wp\/v2\/pages\/3100\/revisions\/3141"}],"wp:attachment":[{"href":"https:\/\/www.joblev.de\/en\/wp-json\/wp\/v2\/media?parent=3100"}],"curies":[{"name":"wp","href":"https:\/\/api.w.org\/{rel}","templated":true}]}}