{"id":311,"date":"2023-09-28T16:34:39","date_gmt":"2023-09-28T14:34:39","guid":{"rendered":"https:\/\/www.joblev.de\/?page_id=311"},"modified":"2026-04-01T12:15:30","modified_gmt":"2026-04-01T10:15:30","slug":"minigolf-im-neulandpark-freizeit-und-beschaeftigung","status":"publish","type":"page","link":"https:\/\/www.joblev.de\/en\/minigolf-im-neulandpark-freizeit-und-beschaeftigung\/","title":{"rendered":"Minigolf im Neulandpark \u2013 Freizeit und Besch\u00e4ftigung"},"content":{"rendered":"<div id=\"intro\"  data-column-margin=\"default\" data-midnight=\"dark\" data-top-percent=\"5%\" data-bottom-percent=\"5%\"  class=\"wpb_row vc_row-fluid vc_row full-width-content vc_row-o-equal-height vc_row-flex vc_row-o-content-middle  right_padding_7vw left_padding_7vw bottom_padding_tablet_12pct right_padding_tablet_20vw right_padding_phone_7vw left_padding_tablet_20vw left_padding_phone_7vw\"  style=\"padding-top: calc(100vw * 0.05); padding-bottom: calc(100vw * 0.05); \"><div class=\"row-bg-wrap\" data-bg-animation=\"none\" data-bg-animation-delay=\"\" data-bg-overlay=\"false\"><div class=\"inner-wrap row-bg-layer\" ><div class=\"row-bg viewport-desktop using-bg-color\"  style=\"background-color: #ffffff; \"><\/div><\/div><\/div><div class=\"row_col_wrap_12 col span_12 dark left\">\n\t<div  class=\"vc_col-sm-12 wpb_column column_container vc_column_container col column_position_static el_spacing_0px\"  data-overlay-color=\"true\" data-padding-pos=\"all\" data-has-bg-color=\"false\" data-bg-color=\"\" data-bg-opacity=\"1\" data-animation=\"\" data-delay=\"0\" >\n\t\t<div class=\"vc_column-inner\" ><div class=\"column-bg-overlay-wrap column-bg-layer\" data-bg-animation=\"none\"><div class=\"column-bg-overlay\"><\/div><div class=\"column-overlay-layer\" style=\"\"><\/div><\/div>\n\t\t\t<div class=\"wpb_wrapper\">\n\t\t\t\t<div id=\"fws_69d291c2842b1\" data-midnight=\"\" data-column-margin=\"default\" class=\"wpb_row vc_row-fluid vc_row inner_row\"  style=\"padding-bottom: 4%; \"><div class=\"row-bg-wrap\"> <div class=\"row-bg\" ><\/div> <\/div><div class=\"row_col_wrap_12_inner col span_12  left\">\n\t<div  class=\"vc_col-sm-12 wpb_column column_container vc_column_container col child_column has-animation no-extra-padding el_spacing_0px inherit_tablet inherit_phone\"   data-padding-pos=\"all\" data-has-bg-color=\"false\" data-bg-color=\"\" data-bg-opacity=\"1\" data-animation=\"fade-in\" data-delay=\"0\" data-animation-offset=\"90%\" >\n\t\t<div class=\"vc_column-inner\" >\n\t\t<div class=\"wpb_wrapper\">\n\t\t\t<div class=\"nectar-highlighted-text font_size_3vw font_size_tablet_4vw font_size_phone_5vw font_line_height_1-4\" data-style=\"scribble\" data-exp=\"default\" data-id=\"circle-highlight2\" data-using-custom-color=\"false\" data-animation-delay=\"false\" data-color=\"\" data-color-gradient=\"\" style=\"\">\n<h3 style=\"text-align: center\">Besch\u00e4ftigungs- und Qualifizierungsprojekt<br \/>\n&#8218;Minigolf im Neulandpark Leverkusen&#8216;<\/h3>\n<\/div>\n\t\t<\/div> \n\t<\/div>\n\t<\/div> \n<\/div><\/div><div class=\"nectar-highlighted-text\" data-style=\"scribble\" data-exp=\"default\" data-user-color=\"true\" style=\"color: #0030b7;\" data-using-custom-color=\"false\" data-animation-delay=\"false\" data-color=\"\" data-color-gradient=\"\">\n<h1 style=\"text-align: center\"><strong><em>Spiel &#8211; Sport &#8211; Spa\u00df<svg class=\"nectar-scribble circle\" role=\"presentation\" viewbox=\"0 0 800 350\" preserveaspectratio=\"none\"><path style=\"animation-duration: 1.8s;\" transform=\"matrix(0.9791300296783447,0,0,0.9791300296783447,400,179)\" stroke-linejoin=\"miter\" fill-opacity=\"0\" pathlength=\"1\" stroke-miterlimit=\"4\" stroke=\"#e1ed00\" stroke-opacity=\"1\" stroke-width=\"14\" d=\" M253,-161 C253,-161 -284.78900146484375,-201.4600067138672 -376,-21 C-469,163 67.62300109863281,174.2100067138672 256,121 C564,34 250.82899475097656,-141.6929931640625 19.10700035095215,-116.93599700927734\"><\/path><\/svg><\/em><\/strong><\/h1>\n<h2><\/h2>\n<\/div>\n\t\t\t<\/div> \n\t\t<\/div>\n\t<\/div> \n<\/div><\/div>\r\n\t\t<div id=\"fws_69d291c285b41\"  data-column-margin=\"90px\" data-midnight=\"dark\" data-top-percent=\"8%\" data-bottom-percent=\"8%\"  class=\"wpb_row vc_row-fluid vc_row full-width-section  left_padding_3vw\"  style=\"padding-top: calc(100vw * 0.08); padding-bottom: calc(100vw * 0.08); \"><div class=\"row-bg-wrap\" data-bg-animation=\"none\" data-bg-animation-delay=\"\" data-bg-overlay=\"false\"><div class=\"inner-wrap row-bg-layer\" ><div class=\"row-bg viewport-desktop\"  style=\"\"><\/div><\/div><\/div><div class=\"row_col_wrap_12 col span_12 dark left\">\n\t<div  class=\"vc_col-sm-9 wpb_column column_container vc_column_container col has-animation padding-1-percent inherit_tablet inherit_phone\"  data-t-w-inherits=\"small_desktop\" data-padding-pos=\"top\" data-has-bg-color=\"false\" data-bg-color=\"\" data-bg-opacity=\"1\" data-animation=\"fade-in-from-bottom\" data-delay=\"0\" >\n\t\t<div class=\"vc_column-inner\" >\n\t\t\t<div class=\"wpb_wrapper\">\n\t\t\t\t<div id=\"fws_69d291c285fa9\" data-midnight=\"\" data-column-margin=\"60px\" class=\"wpb_row vc_row-fluid vc_row inner_row\"  style=\"padding-top: 15px; \"><div class=\"row-bg-wrap\"> <div class=\"row-bg\" ><\/div> <\/div><div class=\"row_col_wrap_12_inner col span_12  left\">\n\t<div  class=\"vc_col-sm-12 wpb_column column_container vc_column_container col child_column no-extra-padding inherit_tablet inherit_phone\"   data-padding-pos=\"all\" data-has-bg-color=\"false\" data-bg-color=\"\" data-bg-opacity=\"1\" data-animation=\"\" data-delay=\"0\" >\n\t\t<div class=\"vc_column-inner\" >\n\t\t<div class=\"wpb_wrapper\">\n\t\t\t\n\t\t<\/div> \n\t<\/div>\n\t<\/div> \n<\/div><\/div><div class=\"nectar-scrolling-text font_size_1.5vw custom_color\" data-style=\"default\" data-s-dir=\"ltr\" data-spacing=\"false\" data-outline-thickness=\"thin\" data-s-speed=\"slower\" data-overflow=\"hidden\" ><div class=\"nectar-scrolling-text-inner\" style=\"color: #000000;\"><div class=\"nectar-scrolling-text-inner__text-chunk\">+++<span style=\"color: #ffffff\">&#8230;<\/span>Die Minigolfanlage ist seit 27. M\u00e4rz wieder ge\u00f6ffnet. Wir freuen uns auf die Sommersaison und das Wiedersehen mit Ihnen.<span style=\"color: #ffffff\">&#8230;<\/span>+++<span style=\"color: #ffffff\">&#8230;<\/span>Die Minigolfanlage ist seit 27. M\u00e4rz wieder ge\u00f6ffnet. Wir freuen uns auf die Sommersaison und das Wiedersehen mit Ihnen.<span style=\"color: #ffffff\">..<\/span><\/div><div class=\"nectar-scrolling-text-inner__text-chunk\">+++<span style=\"color: #ffffff\">&#8230;<\/span>Die Minigolfanlage ist seit 27. M\u00e4rz wieder ge\u00f6ffnet. Wir freuen uns auf die Sommersaison und das Wiedersehen mit Ihnen.<span style=\"color: #ffffff\">&#8230;<\/span>+++<span style=\"color: #ffffff\">&#8230;<\/span>Die Minigolfanlage ist seit 27. M\u00e4rz wieder ge\u00f6ffnet. Wir freuen uns auf die Sommersaison und das Wiedersehen mit Ihnen.<span style=\"color: #ffffff\">..<\/span><\/div><\/div><\/div>\r\n<div class=\"wpb_text_column wpb_content_element\" >\r\n\t<div class=\"wpb_wrapper\">\r\n\t\t<p><strong>Minigolf im Neulandpark<\/strong><\/p>\n<p>Die von der JSL gebaute und als Besch\u00e4ftigungs- und Qualifizierungsprojekt betriebene Minigolfanlage wird j\u00e4hrlich von bis zu 30.000 Besucherinnen und Besuchern zum Spielen, Feiern und f\u00fcr sportliche Aktivit\u00e4ten genutzt \u2013 beste Erholung direkt vor Ort.<\/p>\n<p>Das Angebot stellt eine attraktive Erg\u00e4nzung des Leverkusener Freizeitangebots dar und ist auch bei Kindergeburtstagen sowie Firmen- und Familienfeiern sehr beliebt.<\/p>\n<p>&nbsp;<\/p>\n<p><strong>\u00d6ffnungszeiten<\/strong><\/p>\n<p>Die Anlage ist t\u00e4glich von 12.00 bis 19.00 Uhr ge\u00f6ffnet. Die Zeiten sind jedoch witterungsabh\u00e4ngig.<\/p>\n<p>Die letzte Schl\u00e4gerausgabe erfolgt eine Stunde vor der Schlie\u00dfung.<\/p>\n<p>&nbsp;<\/p>\n<p><strong>Preise f\u00fcr Minigolf<\/strong><\/p>\n<p>Familienkarte: 12,00 \u20ac<br \/>\n2 Erwachsene und 2 Kinder bis 16 Jahre<\/p>\n<p>Partnerkarte: 7,00 \u20ac<br \/>\n2 Erwachsene<\/p>\n<p>Einzelkarte: 4,00 \u20ac<br \/>\n1 Erwachsener<\/p>\n<p>Bonuskarte: 3,00 \u20ac<br \/>\nJugendliche bis 16 Jahre, Rentner, Menschen mit Behinderung<\/p>\n<p>Die Preise gelten f\u00fcr eine Spielrunde.<\/p>\n<p>Kinder bis 6 Jahre spielen kostenfrei.<\/p>\n<p>&nbsp;<\/p>\n<p>&nbsp;<\/p>\n<p><strong>Neue Attraktion auf dem Minigolf-Gel\u00e4nde: Fu\u00dfball-Billard<\/strong><\/p>\n<p>Eine nie zuvor dagewesene Kombination aus Poolbillard und Fu\u00dfball: Es ist die perfekte Mischung aus Ballgef\u00fchl, K\u00f6pfchen und Spa\u00df. Du spielst Fu\u00dfball auf einem \u00fcberdimensional gro\u00dfen Billardtisch \u2013 mit speziellen Fu\u00dfb\u00e4llen.<\/p>\n<p>Wie beim Poolbillard besteht das Set aus sieben \u201eHalben\u201c und sieben \u201eVollen\u201c plus die schwarze Acht. Ziel des Spiels ist es, zu zweit oder im Team gegeneinander mit dem wei\u00dfen Ball die farbigen B\u00e4lle zu versenken und zum Schluss die schwarze Acht im gegen\u00fcberliegenden Loch unterzubringen.<\/p>\n<p>Beim Fu\u00dfball-Billard kommt es aber nicht unbedingt auf fu\u00dfballerisches K\u00f6nnen an, sondern auch auf Kombinationsgabe und etwas Zielsicherheit.<\/p>\n\t<\/div>\r\n<\/div>\r\n\r\n\r\n\r\n<div class=\"img-with-aniamtion-wrap\" data-max-width=\"100%\" data-max-width-mobile=\"default\" data-shadow=\"none\" data-animation=\"none\" >\r\n      <div class=\"inner\">\r\n        <div class=\"hover-wrap\"> \r\n          <div class=\"hover-wrap-inner\">\r\n            <img loading=\"lazy\" decoding=\"async\" class=\"img-with-animation skip-lazy\" data-delay=\"0\" height=\"225\" width=\"300\" data-animation=\"none\" src=\"https:\/\/www.joblev.de\/wp-content\/uploads\/2023\/11\/Fussballbillard-300x225-1.jpg\" alt=\"\" srcset=\"https:\/\/www.joblev.de\/wp-content\/uploads\/2023\/11\/Fussballbillard-300x225-1.jpg 300w, https:\/\/www.joblev.de\/wp-content\/uploads\/2023\/11\/Fussballbillard-300x225-1-16x12.jpg 16w\" sizes=\"auto, (max-width: 300px) 100vw, 300px\" \/>\r\n          <\/div>\r\n        <\/div>\r\n      <\/div>\r\n    <\/div>\r\n<div class=\"wpb_text_column wpb_content_element\" >\r\n\t<div class=\"wpb_wrapper\">\r\n\t\t<p><strong>Preise f\u00fcr Fu\u00dfball-Billard<\/strong><\/p>\n<p>30 Minuten: 10,00 \u20ac<\/p>\n<p>60 Minuten: 20,00 \u20ac<\/p>\n<p>90 Minuten: 30,00 \u20ac<\/p>\n<p>120 Minuten: 40,00 \u20ac<\/p>\n<p>Ball-Pfand: 20,00 \u20ac (bitte ausschlie\u00dflich Barzahlung)<\/p>\n<p>Wir empfehlen eine Spielzeit von mindestens 60 Minuten.<\/p>\n<p>&nbsp;<\/p>\n<p><strong>Arbeiten im Besch\u00e4ftigungs- und Qualifizierungsprojekt \u201aMinigolf im Neulandpark\u2018<\/strong><\/p>\n<p>Interesse an einer Mitarbeit? Bitte informieren Sie sich gleich <a href=\"https:\/\/www.joblev.de\/en\/minigolf-im-neulandpark-freizeit-und-beschaeftigung-2\/\" target=\"_blank\" rel=\"noopener\">hier<\/a>.<\/p>\n\t<\/div>\r\n<\/div>\r\n\r\n\r\n\r\n\n\t\t\t<\/div> \n\t\t<\/div>\n\t<\/div> \n\n\t<div style=\"z-index: 100; \" class=\"vc_col-sm-3 wpb_column column_container vc_column_container col has-animation padding-1-percent inherit_tablet inherit_phone\"  data-t-w-inherits=\"small_desktop\" data-padding-pos=\"top\" data-has-bg-color=\"false\" data-bg-color=\"\" data-bg-opacity=\"1\" data-animation=\"fade-in-from-bottom\" data-delay=\"100\" >\n\t\t<div class=\"vc_column-inner\" >\n\t\t\t<div class=\"wpb_wrapper\">\n\t\t\t\t<div id=\"fws_69d291c287ade\" data-midnight=\"\" data-column-margin=\"none\" class=\"wpb_row vc_row-fluid vc_row inner_row\"  style=\"padding-bottom: 20px; \"><div class=\"row-bg-wrap\"> <div class=\"row-bg\" ><\/div> <\/div><div class=\"row_col_wrap_12_inner col span_12  left\">\n\t<div  class=\"vc_col-sm-12 wpb_column column_container vc_column_container col child_column no-extra-padding inherit_tablet inherit_phone\"   data-padding-pos=\"all\" data-has-bg-color=\"false\" data-bg-color=\"\" data-bg-opacity=\"1\" data-animation=\"\" data-delay=\"0\" >\n\t\t<div class=\"vc_column-inner\" >\n\t\t<div class=\"wpb_wrapper\">\n\t\t\t<div class=\"img-with-aniamtion-wrap\" data-max-width=\"100%\" data-max-width-mobile=\"default\" data-border-radius=\"20px\" data-shadow=\"small_depth\" data-animation=\"grow-in\" >\r\n      <div class=\"inner\">\r\n        <div class=\"hover-wrap\" data-hover-animation=\"zoom-crop\"> \r\n          <div class=\"hover-wrap-inner\">\r\n            <img loading=\"lazy\" decoding=\"async\" class=\"img-with-animation skip-lazy\" data-delay=\"0\" height=\"459\" width=\"1200\" data-animation=\"grow-in\" src=\"https:\/\/www.joblev.de\/wp-content\/uploads\/2024\/04\/Minigolf-im-Neulandpark.jpg\" alt=\"\" srcset=\"https:\/\/www.joblev.de\/wp-content\/uploads\/2024\/04\/Minigolf-im-Neulandpark.jpg 1200w, https:\/\/www.joblev.de\/wp-content\/uploads\/2024\/04\/Minigolf-im-Neulandpark-300x115.jpg 300w, https:\/\/www.joblev.de\/wp-content\/uploads\/2024\/04\/Minigolf-im-Neulandpark-1024x392.jpg 1024w, https:\/\/www.joblev.de\/wp-content\/uploads\/2024\/04\/Minigolf-im-Neulandpark-768x294.jpg 768w, https:\/\/www.joblev.de\/wp-content\/uploads\/2024\/04\/Minigolf-im-Neulandpark-18x7.jpg 18w\" sizes=\"auto, (max-width: 1200px) 100vw, 1200px\" \/>\r\n          <\/div>\r\n        <\/div>\r\n      <\/div>\r\n    <\/div><div class=\"nectar-fancy-ul\" data-list-icon=\"dot\" data-animation=\"false\" data-animation-delay=\"0\" data-spacing=\"default\" data-alignment=\"left\"> <strong>Minigolf im Neulandpark<\/strong><br \/>\nRheinallee 12<br \/>\nTelefon: <a href=\"tel:021435762872\">02 14 &#8211; 35 76 28 72<\/a><br \/>\n51373 Leverkusen-Wiesdorf<\/p>\n<p>&nbsp;<\/p>\n<p>Pia Wimmershoff<br \/>\nTelefon: <a href=\"tel:01637590264\">01 63 \u2013 7 59 02 64<\/a><br \/>\n<a href=\"mailto:pia.wimmershoff@joblev.de\" target=\"_blank\" rel=\"noopener\">pia.wimmershoff@joblev.de<\/a> <\/div><div class=\"divider-wrap\" data-alignment=\"default\"><div style=\"height: 20px;\" class=\"divider\"><\/div><\/div>\n\t\t<\/div> \n\t<\/div>\n\t<\/div> \n<\/div><\/div>\n\t\t\t<\/div> \n\t\t<\/div>\n\t<\/div> \n<\/div><\/div>\r\n\t\t<div id=\"fws_69d291c28850e\"  data-column-margin=\"default\" data-midnight=\"dark\" data-bottom-percent=\"8%\"  class=\"wpb_row vc_row-fluid vc_row full-width-section\"  style=\"padding-top: 0px; padding-bottom: calc(100vw * 0.08); \"><div class=\"row-bg-wrap\" data-bg-animation=\"none\" data-bg-animation-delay=\"\" data-bg-overlay=\"false\"><div class=\"inner-wrap row-bg-layer\" ><div class=\"row-bg viewport-desktop using-bg-color\"  style=\"background-color: #ffffff; \"><\/div><\/div><\/div><div class=\"row_col_wrap_12 col span_12 dark left\">\n\t<div  class=\"vc_col-sm-12 wpb_column column_container vc_column_container col no-extra-padding inherit_tablet inherit_phone\"  data-padding-pos=\"all\" data-has-bg-color=\"false\" data-bg-color=\"\" data-bg-opacity=\"1\" data-animation=\"\" data-delay=\"0\" >\n\t\t<div class=\"vc_column-inner\" >\n\t\t\t<div class=\"wpb_wrapper\">\n\t\t\t\t\n\t<div class=\"wpb_gallery wpb_content_element clearfix\">\n\t\t<div class=\"wpb_wrapper\"><div class=\"wpb_gallery_slidesflickity_static_height_style\" data-onclick=\"link_image\" data-interval=\"5\"><style>.wpb_gallery_slidesflickity_static_height_style .nectar-flickity.instace-69d291c288ccb:not(.masonry) .flickity-slider .cell img {\r\n      height: 500px;\r\n    }\r\n    @media only screen and (max-width: 1300px) {\r\n      .wpb_gallery_slidesflickity_static_height_style .nectar-flickity.instace-69d291c288ccb:not(.masonry) .flickity-slider .cell img {\r\n        height: 400px;\r\n      }\r\n    }\r\n    @media only screen and (max-width: 1000px) {\r\n      .wpb_gallery_slidesflickity_static_height_style .nectar-flickity.instace-69d291c288ccb:not(.masonry) .flickity-slider .cell img {\r\n        height: 350px;\r\n      }\r\n    }\r\n    @media only screen and (max-width: 690px) {\r\n      .wpb_gallery_slidesflickity_static_height_style .nectar-flickity.instace-69d291c288ccb:not(.masonry) .flickity-slider .cell img {\r\n        height: 300px;\r\n      }\r\n    }<\/style><div class=\"nectar-flickity not-initialized instace-69d291c288ccb\"  data-touch-icon-color=\"default\" data-drag-scale=\"\" data-overflow=\"visible\" data-wrap=\"no-wrap\" data-spacing=\"10px\" data-shadow=\"none\" data-autoplay=\"\" data-autoplay-dur=\"\" data-free-scroll=\"\" data-controls=\"touch_total\"><div class=\"flickity-viewport\"> <div class=\"flickity-slider\"><div class=\"cell\" data-lazy=\"true\"><img loading=\"lazy\" decoding=\"async\" width=\"1024\" height=\"768\"  src=\"data:image\/svg+xml;charset=utf-8,%3Csvg%20xmlns%3D'http%3A%2F%2Fwww.w3.org%2F2000%2Fsvg'%20viewBox%3D'0%200%201024%20768'%2F%3E\" data-nectar-img-src=\"https:\/\/www.joblev.de\/wp-content\/uploads\/2023\/09\/Minigolf_l-1024x768.jpg\" class=\"skip-lazy nectar-lazy attachment-large\" alt=\"\" title=\"Minigolf_l\"  data-nectar-img-srcset=\"https:\/\/www.joblev.de\/wp-content\/uploads\/2023\/09\/Minigolf_l-1024x768.jpg 1024w, https:\/\/www.joblev.de\/wp-content\/uploads\/2023\/09\/Minigolf_l-300x225.jpg 300w, https:\/\/www.joblev.de\/wp-content\/uploads\/2023\/09\/Minigolf_l-768x576.jpg 768w, https:\/\/www.joblev.de\/wp-content\/uploads\/2023\/09\/Minigolf_l-16x12.jpg 16w, https:\/\/www.joblev.de\/wp-content\/uploads\/2023\/09\/Minigolf_l.jpg 1200w\"><a class=\"entire-slide-link\"  href=\"https:\/\/www.joblev.de\/wp-content\/uploads\/2023\/09\/Minigolf_l.jpg\"><\/a><\/div><div class=\"cell\" data-lazy=\"true\"><img loading=\"lazy\" decoding=\"async\" width=\"1024\" height=\"768\"  src=\"data:image\/svg+xml;charset=utf-8,%3Csvg%20xmlns%3D'http%3A%2F%2Fwww.w3.org%2F2000%2Fsvg'%20viewBox%3D'0%200%201024%20768'%2F%3E\" data-nectar-img-src=\"https:\/\/www.joblev.de\/wp-content\/uploads\/2023\/09\/Minigolf_j-1024x768.jpg\" class=\"skip-lazy nectar-lazy attachment-large\" alt=\"\" title=\"Minigolf_j\"  data-nectar-img-srcset=\"https:\/\/www.joblev.de\/wp-content\/uploads\/2023\/09\/Minigolf_j-1024x768.jpg 1024w, https:\/\/www.joblev.de\/wp-content\/uploads\/2023\/09\/Minigolf_j-300x225.jpg 300w, https:\/\/www.joblev.de\/wp-content\/uploads\/2023\/09\/Minigolf_j-768x576.jpg 768w, https:\/\/www.joblev.de\/wp-content\/uploads\/2023\/09\/Minigolf_j-16x12.jpg 16w, https:\/\/www.joblev.de\/wp-content\/uploads\/2023\/09\/Minigolf_j.jpg 1200w\"><a class=\"entire-slide-link\"  href=\"https:\/\/www.joblev.de\/wp-content\/uploads\/2023\/09\/Minigolf_j.jpg\"><\/a><\/div><div class=\"cell\" data-lazy=\"true\"><img loading=\"lazy\" decoding=\"async\" width=\"1024\" height=\"768\"  src=\"data:image\/svg+xml;charset=utf-8,%3Csvg%20xmlns%3D'http%3A%2F%2Fwww.w3.org%2F2000%2Fsvg'%20viewBox%3D'0%200%201024%20768'%2F%3E\" data-nectar-img-src=\"https:\/\/www.joblev.de\/wp-content\/uploads\/2023\/09\/Minigolf_i-1024x768.jpg\" class=\"skip-lazy nectar-lazy attachment-large\" alt=\"\" title=\"Minigolf_i\"  data-nectar-img-srcset=\"https:\/\/www.joblev.de\/wp-content\/uploads\/2023\/09\/Minigolf_i-1024x768.jpg 1024w, https:\/\/www.joblev.de\/wp-content\/uploads\/2023\/09\/Minigolf_i-300x225.jpg 300w, https:\/\/www.joblev.de\/wp-content\/uploads\/2023\/09\/Minigolf_i-768x576.jpg 768w, https:\/\/www.joblev.de\/wp-content\/uploads\/2023\/09\/Minigolf_i-16x12.jpg 16w, https:\/\/www.joblev.de\/wp-content\/uploads\/2023\/09\/Minigolf_i.jpg 1200w\"><a class=\"entire-slide-link\"  href=\"https:\/\/www.joblev.de\/wp-content\/uploads\/2023\/09\/Minigolf_i.jpg\"><\/a><\/div><div class=\"cell\" data-lazy=\"true\"><img loading=\"lazy\" decoding=\"async\" width=\"1024\" height=\"768\"  src=\"data:image\/svg+xml;charset=utf-8,%3Csvg%20xmlns%3D'http%3A%2F%2Fwww.w3.org%2F2000%2Fsvg'%20viewBox%3D'0%200%201024%20768'%2F%3E\" data-nectar-img-src=\"https:\/\/www.joblev.de\/wp-content\/uploads\/2023\/09\/Minigolf_h-1024x768.jpg\" class=\"skip-lazy nectar-lazy attachment-large\" alt=\"\" title=\"Minigolf_h\"  data-nectar-img-srcset=\"https:\/\/www.joblev.de\/wp-content\/uploads\/2023\/09\/Minigolf_h-1024x768.jpg 1024w, https:\/\/www.joblev.de\/wp-content\/uploads\/2023\/09\/Minigolf_h-300x225.jpg 300w, https:\/\/www.joblev.de\/wp-content\/uploads\/2023\/09\/Minigolf_h-768x576.jpg 768w, https:\/\/www.joblev.de\/wp-content\/uploads\/2023\/09\/Minigolf_h-16x12.jpg 16w, https:\/\/www.joblev.de\/wp-content\/uploads\/2023\/09\/Minigolf_h.jpg 1200w\"><a class=\"entire-slide-link\"  href=\"https:\/\/www.joblev.de\/wp-content\/uploads\/2023\/09\/Minigolf_h.jpg\"><\/a><\/div><div class=\"cell\" data-lazy=\"true\"><img loading=\"lazy\" decoding=\"async\" width=\"1024\" height=\"768\"  src=\"data:image\/svg+xml;charset=utf-8,%3Csvg%20xmlns%3D'http%3A%2F%2Fwww.w3.org%2F2000%2Fsvg'%20viewBox%3D'0%200%201024%20768'%2F%3E\" data-nectar-img-src=\"https:\/\/www.joblev.de\/wp-content\/uploads\/2023\/09\/Minigolf_g-1024x768.jpg\" class=\"skip-lazy nectar-lazy attachment-large\" alt=\"\" title=\"Minigolf_g\"  data-nectar-img-srcset=\"https:\/\/www.joblev.de\/wp-content\/uploads\/2023\/09\/Minigolf_g-1024x768.jpg 1024w, https:\/\/www.joblev.de\/wp-content\/uploads\/2023\/09\/Minigolf_g-300x225.jpg 300w, https:\/\/www.joblev.de\/wp-content\/uploads\/2023\/09\/Minigolf_g-768x576.jpg 768w, https:\/\/www.joblev.de\/wp-content\/uploads\/2023\/09\/Minigolf_g-16x12.jpg 16w, https:\/\/www.joblev.de\/wp-content\/uploads\/2023\/09\/Minigolf_g.jpg 1200w\"><a class=\"entire-slide-link\"  href=\"https:\/\/www.joblev.de\/wp-content\/uploads\/2023\/09\/Minigolf_g.jpg\"><\/a><\/div><div class=\"cell\" data-lazy=\"true\"><img loading=\"lazy\" decoding=\"async\" width=\"1024\" height=\"768\"  src=\"data:image\/svg+xml;charset=utf-8,%3Csvg%20xmlns%3D'http%3A%2F%2Fwww.w3.org%2F2000%2Fsvg'%20viewBox%3D'0%200%201024%20768'%2F%3E\" data-nectar-img-src=\"https:\/\/www.joblev.de\/wp-content\/uploads\/2023\/09\/Minigolf_d-1-1024x768.jpg\" class=\"skip-lazy nectar-lazy attachment-large\" alt=\"\" title=\"Minigolf_d-1\"  data-nectar-img-srcset=\"https:\/\/www.joblev.de\/wp-content\/uploads\/2023\/09\/Minigolf_d-1-1024x768.jpg 1024w, https:\/\/www.joblev.de\/wp-content\/uploads\/2023\/09\/Minigolf_d-1-300x225.jpg 300w, https:\/\/www.joblev.de\/wp-content\/uploads\/2023\/09\/Minigolf_d-1-768x576.jpg 768w, https:\/\/www.joblev.de\/wp-content\/uploads\/2023\/09\/Minigolf_d-1-16x12.jpg 16w, https:\/\/www.joblev.de\/wp-content\/uploads\/2023\/09\/Minigolf_d-1.jpg 1200w\"><a class=\"entire-slide-link\"  href=\"https:\/\/www.joblev.de\/wp-content\/uploads\/2023\/09\/Minigolf_d-1.jpg\"><\/a><\/div><div class=\"cell\" data-lazy=\"true\"><img loading=\"lazy\" decoding=\"async\" width=\"1024\" height=\"768\"  src=\"data:image\/svg+xml;charset=utf-8,%3Csvg%20xmlns%3D'http%3A%2F%2Fwww.w3.org%2F2000%2Fsvg'%20viewBox%3D'0%200%201024%20768'%2F%3E\" data-nectar-img-src=\"https:\/\/www.joblev.de\/wp-content\/uploads\/2023\/09\/Minigolf_k-1024x768.jpg\" class=\"skip-lazy nectar-lazy attachment-large\" alt=\"\" title=\"Minigolf_k\"  data-nectar-img-srcset=\"https:\/\/www.joblev.de\/wp-content\/uploads\/2023\/09\/Minigolf_k-1024x768.jpg 1024w, https:\/\/www.joblev.de\/wp-content\/uploads\/2023\/09\/Minigolf_k-300x225.jpg 300w, https:\/\/www.joblev.de\/wp-content\/uploads\/2023\/09\/Minigolf_k-768x576.jpg 768w, https:\/\/www.joblev.de\/wp-content\/uploads\/2023\/09\/Minigolf_k-16x12.jpg 16w, https:\/\/www.joblev.de\/wp-content\/uploads\/2023\/09\/Minigolf_k.jpg 1200w\"><a class=\"entire-slide-link\"  href=\"https:\/\/www.joblev.de\/wp-content\/uploads\/2023\/09\/Minigolf_k.jpg\"><\/a><\/div><div class=\"cell\" data-lazy=\"true\"><img loading=\"lazy\" decoding=\"async\" width=\"1024\" height=\"768\"  src=\"data:image\/svg+xml;charset=utf-8,%3Csvg%20xmlns%3D'http%3A%2F%2Fwww.w3.org%2F2000%2Fsvg'%20viewBox%3D'0%200%201024%20768'%2F%3E\" data-nectar-img-src=\"https:\/\/www.joblev.de\/wp-content\/uploads\/2023\/09\/Minigolf_a-1024x768.jpg\" class=\"skip-lazy nectar-lazy attachment-large\" alt=\"\" title=\"Minigolf_a\"  data-nectar-img-srcset=\"https:\/\/www.joblev.de\/wp-content\/uploads\/2023\/09\/Minigolf_a-1024x768.jpg 1024w, https:\/\/www.joblev.de\/wp-content\/uploads\/2023\/09\/Minigolf_a-300x225.jpg 300w, https:\/\/www.joblev.de\/wp-content\/uploads\/2023\/09\/Minigolf_a-768x576.jpg 768w, https:\/\/www.joblev.de\/wp-content\/uploads\/2023\/09\/Minigolf_a-16x12.jpg 16w, https:\/\/www.joblev.de\/wp-content\/uploads\/2023\/09\/Minigolf_a.jpg 1200w\"><a class=\"entire-slide-link\"  href=\"https:\/\/www.joblev.de\/wp-content\/uploads\/2023\/09\/Minigolf_a.jpg\"><\/a><\/div><div class=\"cell\" data-lazy=\"true\"><img loading=\"lazy\" decoding=\"async\" width=\"1024\" height=\"768\"  src=\"data:image\/svg+xml;charset=utf-8,%3Csvg%20xmlns%3D'http%3A%2F%2Fwww.w3.org%2F2000%2Fsvg'%20viewBox%3D'0%200%201024%20768'%2F%3E\" data-nectar-img-src=\"https:\/\/www.joblev.de\/wp-content\/uploads\/2023\/09\/Minigolf_b-1-1024x768.jpg\" class=\"skip-lazy nectar-lazy attachment-large\" alt=\"\" title=\"Minigolf_b-1\"  data-nectar-img-srcset=\"https:\/\/www.joblev.de\/wp-content\/uploads\/2023\/09\/Minigolf_b-1-1024x768.jpg 1024w, https:\/\/www.joblev.de\/wp-content\/uploads\/2023\/09\/Minigolf_b-1-300x225.jpg 300w, https:\/\/www.joblev.de\/wp-content\/uploads\/2023\/09\/Minigolf_b-1-768x576.jpg 768w, https:\/\/www.joblev.de\/wp-content\/uploads\/2023\/09\/Minigolf_b-1-16x12.jpg 16w, https:\/\/www.joblev.de\/wp-content\/uploads\/2023\/09\/Minigolf_b-1.jpg 1200w\"><a class=\"entire-slide-link\"  href=\"https:\/\/www.joblev.de\/wp-content\/uploads\/2023\/09\/Minigolf_b-1.jpg\"><\/a><\/div><\/div><\/div><\/div><\/div>\n\t\t<\/div> \n\t<\/div> \n\t\t\t<\/div> \n\t\t<\/div>\n\t<\/div> \n<\/div><\/div>","protected":false},"excerpt":{"rendered":"Besch\u00e4ftigungs- und Qualifizierungsprojekt 'Minigolf im Neulandpark Leverkusen' Spiel - Sport - Spa\u00df +++...Die Minigolfanlage ist seit 27. M\u00e4rz wieder ge\u00f6ffnet. Wir freuen uns auf die Sommersaison und das Wiedersehen mit...","protected":false},"author":1,"featured_media":0,"parent":0,"menu_order":0,"comment_status":"closed","ping_status":"closed","template":"","meta":{"footnotes":""},"class_list":["post-311","page","type-page","status-publish"],"aioseo_notices":[],"_links":{"self":[{"href":"https:\/\/www.joblev.de\/en\/wp-json\/wp\/v2\/pages\/311","targetHints":{"allow":["GET"]}}],"collection":[{"href":"https:\/\/www.joblev.de\/en\/wp-json\/wp\/v2\/pages"}],"about":[{"href":"https:\/\/www.joblev.de\/en\/wp-json\/wp\/v2\/types\/page"}],"author":[{"embeddable":true,"href":"https:\/\/www.joblev.de\/en\/wp-json\/wp\/v2\/users\/1"}],"replies":[{"embeddable":true,"href":"https:\/\/www.joblev.de\/en\/wp-json\/wp\/v2\/comments?post=311"}],"version-history":[{"count":84,"href":"https:\/\/www.joblev.de\/en\/wp-json\/wp\/v2\/pages\/311\/revisions"}],"predecessor-version":[{"id":3170,"href":"https:\/\/www.joblev.de\/en\/wp-json\/wp\/v2\/pages\/311\/revisions\/3170"}],"wp:attachment":[{"href":"https:\/\/www.joblev.de\/en\/wp-json\/wp\/v2\/media?parent=311"}],"curies":[{"name":"wp","href":"https:\/\/api.w.org\/{rel}","templated":true}]}}