{"id":328,"date":"2023-09-28T17:16:19","date_gmt":"2023-09-28T15:16:19","guid":{"rendered":"https:\/\/www.joblev.de\/?page_id=328"},"modified":"2026-04-08T12:44:42","modified_gmt":"2026-04-08T10:44:42","slug":"nah-am-menschen-die-jsl-im-quartier","status":"publish","type":"page","link":"https:\/\/www.joblev.de\/en\/die-jsl-im-quartier\/nah-am-menschen-die-jsl-im-quartier\/","title":{"rendered":"Nah am Menschen \u2013 Die JSL im Quartier"},"content":{"rendered":"<div id=\"fws_6a04a0eede015\"  data-column-margin=\"90px\" data-midnight=\"dark\" data-top-percent=\"2%\" data-bottom-percent=\"8%\"  class=\"wpb_row vc_row-fluid vc_row full-width-section\"  style=\"padding-top: calc(100vw * 0.02); padding-bottom: calc(100vw * 0.08); \"><div class=\"row-bg-wrap\" data-bg-animation=\"none\" data-bg-animation-delay=\"\" data-bg-overlay=\"false\"><div class=\"inner-wrap row-bg-layer\" ><div class=\"row-bg viewport-desktop using-bg-color\"  style=\"background-color: #e8f0ff; \"><\/div><\/div><\/div><div class=\"row_col_wrap_12 col span_12 dark left\">\n\t<div  class=\"vc_col-sm-9 wpb_column column_container vc_column_container col has-animation padding-1-percent inherit_tablet inherit_phone\"  data-t-w-inherits=\"small_desktop\" data-padding-pos=\"top\" data-has-bg-color=\"false\" data-bg-color=\"\" data-bg-opacity=\"1\" data-animation=\"fade-in-from-bottom\" data-delay=\"0\" >\n\t\t<div class=\"vc_column-inner\" >\n\t\t\t<div class=\"wpb_wrapper\">\n\t\t\t\t\r\n<div class=\"wpb_text_column wpb_content_element\" >\r\n\t<div class=\"wpb_wrapper\">\r\n\t\t<h2>Nah am Menschen \u2013 Die JSL im Quartier<\/h2>\n\t<\/div>\r\n<\/div>\r\n\r\n\r\n\r\n<div id=\"fws_6a04a0eede406\" data-midnight=\"\" data-column-margin=\"60px\" class=\"wpb_row vc_row-fluid vc_row inner_row\"  style=\"padding-top: 15px; \"><div class=\"row-bg-wrap\"> <div class=\"row-bg\" ><\/div> <\/div><div class=\"row_col_wrap_12_inner col span_12  left\">\n\t<div  class=\"vc_col-sm-12 wpb_column column_container vc_column_container col child_column no-extra-padding inherit_tablet inherit_phone\"   data-padding-pos=\"all\" data-has-bg-color=\"false\" data-bg-color=\"\" data-bg-opacity=\"1\" data-animation=\"\" data-delay=\"0\" >\n\t\t<div class=\"vc_column-inner\" >\n\t\t<div class=\"wpb_wrapper\">\n\t\t\t\r\n<div class=\"wpb_text_column wpb_content_element\" >\r\n\t<div class=\"wpb_wrapper\">\r\n\t\t<p>Nutzen Sie unsere offenen Beratungsangebote in den Stadtteilb\u00fcros der JSL in Opladen, Rheindorf, Wiesdorf und Steinb\u00fcchel.<\/p>\n\t<\/div>\r\n<\/div>\r\n\r\n\r\n\r\n\n\t\t<\/div> \n\t<\/div>\n\t<\/div> \n<\/div><\/div><div id=\"fws_6a04a0eede5e3\" data-midnight=\"\" data-column-margin=\"60px\" class=\"wpb_row vc_row-fluid vc_row inner_row  vc_custom_1706517158074\"  style=\"padding-top: 15px; \"><div class=\"row-bg-wrap\"> <div class=\"row-bg\" ><\/div> <\/div><div class=\"row_col_wrap_12_inner col span_12  left\">\n\t<div  class=\"vc_col-sm-6 wpb_column column_container vc_column_container col child_column padding-5-percent inherit_tablet inherit_phone\"   data-padding-pos=\"left\" data-has-bg-color=\"false\" data-bg-color=\"\" data-bg-opacity=\"1\" data-animation=\"\" data-delay=\"0\" >\n\t\t<div class=\"vc_column-inner\" >\n\t\t<div class=\"wpb_wrapper\">\n\t\t\t\r\n<div class=\"wpb_text_column wpb_content_element  vc_custom_1770110996626\" >\r\n\t<div class=\"wpb_wrapper\">\r\n\t\t<p><strong>Welche T\u00e4tigkeit wird ausgef\u00fchrt? <\/strong><\/p>\n<ul>\n<li>Beratung und Vermittlung von Hilfeangeboten f\u00fcr alle Leverkusener B\u00fcrgerinnen und B\u00fcrger innerhalb der verschiedenartigen Unterst\u00fctzungsangebote im kommunalen Hilfenetzwerk<\/li>\n<li>Unterst\u00fctzung bei der Arbeitsplatzsuche<\/li>\n<li>Information zu Integrations- und Sprachangeboten<\/li>\n<li>Unterst\u00fctzung bei Beh\u00f6rdenangelegenheiten \/ Ausf\u00fcllhilfen<\/li>\n<li>Bei Bedarf Begleitung zu Terminen<\/li>\n<\/ul>\n<p><strong>Welche Kenntnisse und F\u00e4higkeiten werden vermittelt?<\/strong><\/p>\n<ul>\n<li>Informationen \u00fcber Beratungs- und Unterst\u00fctzungsangebote im Leverkusener Hilfenetzwerk (Fachspezifische Beratungsstellen und Ansprechpartner)<\/li>\n<li>Auf Wunsch Kontaktaufnahme mit der jeweiligen zust\u00e4ndigen Beh\u00f6rde \/ Beratungseinrichtung<\/li>\n<\/ul>\n\t<\/div>\r\n<\/div>\r\n\r\n\r\n\r\n\n\t\t<\/div> \n\t<\/div>\n\t<\/div> \n\n\t<div  class=\"vc_col-sm-6 wpb_column column_container vc_column_container col child_column padding-2-percent inherit_tablet padding-5-percent_phone\"   data-padding-pos=\"left\" data-has-bg-color=\"false\" data-bg-color=\"\" data-bg-opacity=\"1\" data-animation=\"\" data-delay=\"0\" >\n\t\t<div class=\"vc_column-inner\" >\n\t\t<div class=\"wpb_wrapper\">\n\t\t\t\r\n<div class=\"wpb_text_column wpb_content_element\" >\r\n\t<div class=\"wpb_wrapper\">\r\n\t\t<p><strong>Welche Voraussetzungen bestehen f\u00fcr eine Mitarbeit?<\/strong><\/p>\n<ul>\n<li>Keine Voraussetzungen<\/li>\n<\/ul>\n<p><strong>Wann ist der Einstieg m\u00f6glich?<\/strong><\/p>\n<ul>\n<li>Jederzeit zu den \u00d6ffnungszeiten unserer Stadtteilb\u00fcros und nach Vereinbarung<\/li>\n<\/ul>\n<p><strong>Wie lange ist die Mitarbeit m\u00f6glich?<\/strong><\/p>\n<ul>\n<li>Keine Begrenzung<\/li>\n<\/ul>\n<p><strong>Anmeldung<\/strong><\/p>\n<ul>\n<li>Vereinbaren Sie einen Termin in einem unserer Stadtteilb\u00fcros oder kommen Sie zu unseren \u00d6ffnungszeiten vorbei.<\/li>\n<\/ul>\n\t<\/div>\r\n<\/div>\r\n\r\n\r\n\r\n\n\t\t<\/div> \n\t<\/div>\n\t<\/div> \n<\/div><\/div>\n\t\t\t<\/div> \n\t\t<\/div>\n\t<\/div> \n\n\t<div style=\"z-index: 100; \" class=\"vc_col-sm-3 wpb_column column_container vc_column_container col has-animation padding-1-percent inherit_tablet inherit_phone\"  data-t-w-inherits=\"small_desktop\" data-padding-pos=\"top\" data-has-bg-color=\"false\" data-bg-color=\"\" data-bg-opacity=\"1\" data-animation=\"fade-in-from-bottom\" data-delay=\"100\" >\n\t\t<div class=\"vc_column-inner\" >\n\t\t\t<div class=\"wpb_wrapper\">\n\t\t\t\t<div id=\"fws_6a04a0eede8fe\" data-midnight=\"\" data-column-margin=\"none\" class=\"wpb_row vc_row-fluid vc_row inner_row\"  style=\"padding-bottom: 20px; \"><div class=\"row-bg-wrap\"> <div class=\"row-bg\" ><\/div> <\/div><div class=\"row_col_wrap_12_inner col span_12  left\">\n\t<div  class=\"vc_col-sm-12 wpb_column column_container vc_column_container col child_column no-extra-padding inherit_tablet inherit_phone\"   data-padding-pos=\"all\" data-has-bg-color=\"false\" data-bg-color=\"\" data-bg-opacity=\"1\" data-animation=\"\" data-delay=\"0\" >\n\t\t<div class=\"vc_column-inner\" >\n\t\t<div class=\"wpb_wrapper\">\n\t\t\t<div class=\"img-with-aniamtion-wrap\" data-max-width=\"100%\" data-max-width-mobile=\"default\" data-border-radius=\"20px\" data-shadow=\"small_depth\" data-animation=\"grow-in\" >\r\n      <div class=\"inner\">\r\n        <div class=\"hover-wrap\" data-hover-animation=\"zoom-crop\"> \r\n          <div class=\"hover-wrap-inner\">\r\n            <a href=\"https:\/\/www.joblev.de\/wp-content\/uploads\/2025\/04\/Gerichtsstrasse.jpg\" class=\"pp\">\r\n              <img loading=\"lazy\" decoding=\"async\" class=\"img-with-animation skip-lazy\" data-delay=\"0\" height=\"979\" width=\"1200\" data-animation=\"grow-in\" src=\"https:\/\/www.joblev.de\/wp-content\/uploads\/2025\/04\/Gerichtsstrasse.jpg\" alt=\"\" srcset=\"https:\/\/www.joblev.de\/wp-content\/uploads\/2025\/04\/Gerichtsstrasse.jpg 1200w, https:\/\/www.joblev.de\/wp-content\/uploads\/2025\/04\/Gerichtsstrasse-300x245.jpg 300w, https:\/\/www.joblev.de\/wp-content\/uploads\/2025\/04\/Gerichtsstrasse-1024x835.jpg 1024w, https:\/\/www.joblev.de\/wp-content\/uploads\/2025\/04\/Gerichtsstrasse-768x627.jpg 768w, https:\/\/www.joblev.de\/wp-content\/uploads\/2025\/04\/Gerichtsstrasse-15x12.jpg 15w\" sizes=\"auto, (max-width: 1200px) 100vw, 1200px\" \/>\r\n            <\/a>\r\n          <\/div>\r\n        <\/div>\r\n      <\/div>\r\n      <\/div><div class=\"nectar-fancy-ul\" data-list-icon=\"dot\" data-animation=\"false\" data-animation-delay=\"0\" data-spacing=\"default\" data-alignment=\"left\"> <strong>Stadtteilb\u00fcro Opladen<\/strong><br \/>\nGerichtsstra\u00dfe 8<br \/>\n51379 Leverkusen-Opladen<br \/>\nTelefon <a href=\"tel:02171947411\">0 21 71 \u2013 94 74 11<\/a><\/p>\n<p>&nbsp;<\/p>\n<p><strong>\u00d6ffnungszeiten<br \/>\n<\/strong><\/p>\n<p>Montag von 09.00 bis 14.00 Uhr<br \/>\nDienstag von 09.00 bis 14.00 Uhr<br \/>\nMittwoch von 09.00 bis 14.00 Uhr<br \/>\nDonnerstag von 09.00 bis 12. 00 Uhr und von 13.00 bis 16.00 Uhr<br \/>\nFreitag von\u00a009.00 bis 14.00 Uhr<\/p>\n <\/div><div class=\"divider-wrap\" data-alignment=\"default\"><div style=\"height: 20px;\" class=\"divider\"><\/div><\/div><div class=\"img-with-aniamtion-wrap\" data-max-width=\"100%\" data-max-width-mobile=\"default\" data-border-radius=\"20px\" data-shadow=\"small_depth\" data-animation=\"none\" >\r\n      <div class=\"inner\">\r\n        <div class=\"hover-wrap\" data-hover-animation=\"zoom-crop\"> \r\n          <div class=\"hover-wrap-inner\">\r\n            <a href=\"https:\/\/www.joblev.de\/wp-content\/uploads\/2025\/06\/Elbestr.jpg\" class=\"pp\">\r\n              <img loading=\"lazy\" decoding=\"async\" class=\"img-with-animation skip-lazy\" data-delay=\"0\" height=\"800\" width=\"1200\" data-animation=\"none\" src=\"https:\/\/www.joblev.de\/wp-content\/uploads\/2025\/06\/Elbestr.jpg\" alt=\"\" srcset=\"https:\/\/www.joblev.de\/wp-content\/uploads\/2025\/06\/Elbestr.jpg 1200w, https:\/\/www.joblev.de\/wp-content\/uploads\/2025\/06\/Elbestr-300x200.jpg 300w, https:\/\/www.joblev.de\/wp-content\/uploads\/2025\/06\/Elbestr-1024x683.jpg 1024w, https:\/\/www.joblev.de\/wp-content\/uploads\/2025\/06\/Elbestr-768x512.jpg 768w, https:\/\/www.joblev.de\/wp-content\/uploads\/2025\/06\/Elbestr-18x12.jpg 18w, https:\/\/www.joblev.de\/wp-content\/uploads\/2025\/06\/Elbestr-900x600.jpg 900w\" sizes=\"auto, (max-width: 1200px) 100vw, 1200px\" \/>\r\n            <\/a>\r\n          <\/div>\r\n        <\/div>\r\n      <\/div>\r\n      <\/div><div class=\"nectar-fancy-ul\" data-list-icon=\"dot\" data-animation=\"false\" data-animation-delay=\"0\" data-spacing=\"default\" data-alignment=\"left\"> <strong>Stadtteilb\u00fcro Rheindorf<\/strong><br \/>\nElbestra\u00dfe 23<br \/>\n51371 Leverkusen-Rheindorf<br \/>\nTelefon <a href=\"tel:021427075\">02 14 &#8211; 2 70 75<\/a><\/p>\n<p>&nbsp;<\/p>\n<p><strong>\u00d6ffnungszeiten<\/strong><\/p>\n<p>Montag, Dienstag, Mittwoch, Freitag<br \/>\nvon 9.00 bis 12.00 Uhr und<br \/>\nvon 13.00 bis 15.00 Uhr<br \/>\nDonnerstag<br \/>\nvon 9.00 bis 12.00 Uhr <\/div><div class=\"divider-wrap\" data-alignment=\"default\"><div style=\"height: 20px;\" class=\"divider\"><\/div><\/div><div class=\"img-with-aniamtion-wrap\" data-max-width=\"100%\" data-max-width-mobile=\"default\" data-border-radius=\"20px\" data-shadow=\"small_depth\" data-animation=\"none\" >\r\n      <div class=\"inner\">\r\n        <div class=\"hover-wrap\" data-hover-animation=\"zoom-crop\"> \r\n          <div class=\"hover-wrap-inner\">\r\n            <a href=\"https:\/\/www.joblev.de\/wp-content\/uploads\/2025\/04\/Luminaden.jpg\" class=\"pp\">\r\n              <img loading=\"lazy\" decoding=\"async\" class=\"img-with-animation skip-lazy\" data-delay=\"0\" height=\"692\" width=\"1200\" data-animation=\"none\" src=\"https:\/\/www.joblev.de\/wp-content\/uploads\/2025\/04\/Luminaden.jpg\" alt=\"\" srcset=\"https:\/\/www.joblev.de\/wp-content\/uploads\/2025\/04\/Luminaden.jpg 1200w, https:\/\/www.joblev.de\/wp-content\/uploads\/2025\/04\/Luminaden-300x173.jpg 300w, https:\/\/www.joblev.de\/wp-content\/uploads\/2025\/04\/Luminaden-1024x591.jpg 1024w, https:\/\/www.joblev.de\/wp-content\/uploads\/2025\/04\/Luminaden-768x443.jpg 768w, https:\/\/www.joblev.de\/wp-content\/uploads\/2025\/04\/Luminaden-18x10.jpg 18w\" sizes=\"auto, (max-width: 1200px) 100vw, 1200px\" \/>\r\n            <\/a>\r\n          <\/div>\r\n        <\/div>\r\n      <\/div>\r\n      <\/div><div class=\"nectar-fancy-ul\" data-list-icon=\"dot\" data-animation=\"false\" data-animation-delay=\"0\" data-spacing=\"default\" data-alignment=\"left\"> <strong>Stadtteilb\u00fcro Wiesdorf im Service-Point Integration<\/strong><br \/>\nLuminaden-Passage in der Fu\u00dfg\u00e4ngerzone<br \/>\nWiesdorfer Platz 34a<br \/>\n51373 Leverkusen-Wiesdorf<br \/>\nTelefon <a href=\"tel:021420616054\">02 14 \u2013 20 61 60 54<\/a><\/p>\n<p>&nbsp;<\/p>\n<p><strong>\u00d6ffnungszeiten<\/strong><\/p>\n<p>Dienstag von 13.00 bis 16.30 Uhr<br \/>\nDonnerstag von 13.00 bis 16.30 Uhr<br \/>\nFreitag von 11.00 bis 13.00 Uhr <\/div><div class=\"divider-wrap\" data-alignment=\"default\"><div style=\"height: 20px;\" class=\"divider\"><\/div><\/div><div class=\"img-with-aniamtion-wrap\" data-max-width=\"100%\" data-max-width-mobile=\"default\" data-border-radius=\"20px\" data-shadow=\"small_depth\" data-animation=\"none\" >\r\n      <div class=\"inner\">\r\n        <div class=\"hover-wrap\" data-hover-animation=\"zoom-crop\"> \r\n          <div class=\"hover-wrap-inner\">\r\n            <a href=\"https:\/\/www.joblev.de\/wp-content\/uploads\/2024\/10\/nahammenschen1.jpg\" class=\"pp\">\r\n              <img loading=\"lazy\" decoding=\"async\" class=\"img-with-animation skip-lazy\" data-delay=\"0\" height=\"800\" width=\"1200\" data-animation=\"none\" src=\"https:\/\/www.joblev.de\/wp-content\/uploads\/2024\/10\/nahammenschen1.jpg\" alt=\"\" srcset=\"https:\/\/www.joblev.de\/wp-content\/uploads\/2024\/10\/nahammenschen1.jpg 1200w, https:\/\/www.joblev.de\/wp-content\/uploads\/2024\/10\/nahammenschen1-300x200.jpg 300w, https:\/\/www.joblev.de\/wp-content\/uploads\/2024\/10\/nahammenschen1-1024x683.jpg 1024w, https:\/\/www.joblev.de\/wp-content\/uploads\/2024\/10\/nahammenschen1-768x512.jpg 768w, https:\/\/www.joblev.de\/wp-content\/uploads\/2024\/10\/nahammenschen1-18x12.jpg 18w, https:\/\/www.joblev.de\/wp-content\/uploads\/2024\/10\/nahammenschen1-900x600.jpg 900w\" sizes=\"auto, (max-width: 1200px) 100vw, 1200px\" \/>\r\n            <\/a>\r\n          <\/div>\r\n        <\/div>\r\n      <\/div>\r\n      <\/div><div class=\"nectar-fancy-ul\" data-list-icon=\"dot\" data-animation=\"false\" data-animation-delay=\"0\" data-spacing=\"default\" data-alignment=\"left\"> <strong>Stadtteilb\u00fcro Steinb\u00fcchel<\/strong><br \/>\nK\u00e4the-Kollwitz-Stra\u00dfe 26<br \/>\n51377 Leverkusen-Steinb\u00fcchel<br \/>\nTelefon <a href=\"tel:021431497550\">02 14 &#8211; 31 49 75 50<\/a><\/p>\n<p>&nbsp;<\/p>\n<p><strong>\u00d6ffnungszeiten<\/strong><\/p>\n<p>Montag von 9.00 bis 13.00 Uhr<br \/>\nDienstag von 9.00 bis 13.00 Uhr<br \/>\nDonnerstag von 12.00 bis 15.00 Uhr <\/div>\n\t\t<\/div> \n\t<\/div>\n\t<\/div> \n<\/div><\/div>\n\t\t\t<\/div> \n\t\t<\/div>\n\t<\/div> \n<\/div><\/div>","protected":false},"excerpt":{"rendered":"Nah am Menschen \u2013 Die JSL im Quartier Nutzen Sie unsere offenen Beratungsangebote in den Stadtteilb\u00fcros der JSL in Opladen, Rheindorf, Wiesdorf und Steinb\u00fcchel. Welche T\u00e4tigkeit wird ausgef\u00fchrt? Beratung und...","protected":false},"author":1,"featured_media":0,"parent":292,"menu_order":0,"comment_status":"closed","ping_status":"closed","template":"","meta":{"footnotes":""},"class_list":["post-328","page","type-page","status-publish"],"aioseo_notices":[],"_links":{"self":[{"href":"https:\/\/www.joblev.de\/en\/wp-json\/wp\/v2\/pages\/328","targetHints":{"allow":["GET"]}}],"collection":[{"href":"https:\/\/www.joblev.de\/en\/wp-json\/wp\/v2\/pages"}],"about":[{"href":"https:\/\/www.joblev.de\/en\/wp-json\/wp\/v2\/types\/page"}],"author":[{"embeddable":true,"href":"https:\/\/www.joblev.de\/en\/wp-json\/wp\/v2\/users\/1"}],"replies":[{"embeddable":true,"href":"https:\/\/www.joblev.de\/en\/wp-json\/wp\/v2\/comments?post=328"}],"version-history":[{"count":38,"href":"https:\/\/www.joblev.de\/en\/wp-json\/wp\/v2\/pages\/328\/revisions"}],"predecessor-version":[{"id":3195,"href":"https:\/\/www.joblev.de\/en\/wp-json\/wp\/v2\/pages\/328\/revisions\/3195"}],"up":[{"embeddable":true,"href":"https:\/\/www.joblev.de\/en\/wp-json\/wp\/v2\/pages\/292"}],"wp:attachment":[{"href":"https:\/\/www.joblev.de\/en\/wp-json\/wp\/v2\/media?parent=328"}],"curies":[{"name":"wp","href":"https:\/\/api.w.org\/{rel}","templated":true}]}}