{"id":448,"date":"2023-11-10T15:10:57","date_gmt":"2023-11-10T14:10:57","guid":{"rendered":"https:\/\/www.joblev.de\/?page_id=448"},"modified":"2025-02-06T11:02:36","modified_gmt":"2025-02-06T10:02:36","slug":"betreuung-und-taetigkeiten","status":"publish","type":"page","link":"https:\/\/www.joblev.de\/en\/beratung-und-vermittlung\/betreuung-und-taetigkeiten\/","title":{"rendered":"Betreuung und T\u00e4tigkeiten"},"content":{"rendered":"<div id=\"fws_6a05e40e2449d\"  data-column-margin=\"90px\" data-midnight=\"dark\" data-top-percent=\"2%\" data-bottom-percent=\"8%\"  class=\"wpb_row vc_row-fluid vc_row full-width-section\"  style=\"padding-top: calc(100vw * 0.02); padding-bottom: calc(100vw * 0.08); \"><div class=\"row-bg-wrap\" data-bg-animation=\"none\" data-bg-animation-delay=\"\" data-bg-overlay=\"false\"><div class=\"inner-wrap row-bg-layer\" ><div class=\"row-bg viewport-desktop using-bg-color\"  style=\"background-color: #e8f0ff; \"><\/div><\/div><\/div><div class=\"row_col_wrap_12 col span_12 dark left\">\n\t<div  class=\"vc_col-sm-9 wpb_column column_container vc_column_container col has-animation padding-1-percent inherit_tablet inherit_phone\"  data-t-w-inherits=\"small_desktop\" data-padding-pos=\"top\" data-has-bg-color=\"false\" data-bg-color=\"\" data-bg-opacity=\"1\" data-animation=\"fade-in-from-bottom\" data-delay=\"0\" >\n\t\t<div class=\"vc_column-inner\" >\n\t\t\t<div class=\"wpb_wrapper\">\n\t\t\t\t\r\n<div class=\"wpb_text_column wpb_content_element\" >\r\n\t<div class=\"wpb_wrapper\">\r\n\t\t<h2>Betreuung und T\u00e4tigkeiten<\/h2>\n\t<\/div>\r\n<\/div>\r\n\r\n\r\n\r\n<div id=\"fws_6a05e40e24b98\" data-midnight=\"\" data-column-margin=\"60px\" class=\"wpb_row vc_row-fluid vc_row inner_row\"  style=\"padding-top: 15px; \"><div class=\"row-bg-wrap\"> <div class=\"row-bg\" ><\/div> <\/div><div class=\"row_col_wrap_12_inner col span_12  left\">\n\t<div  class=\"vc_col-sm-12 wpb_column column_container vc_column_container col child_column no-extra-padding inherit_tablet inherit_phone\"   data-padding-pos=\"all\" data-has-bg-color=\"false\" data-bg-color=\"\" data-bg-opacity=\"1\" data-animation=\"\" data-delay=\"0\" >\n\t\t<div class=\"vc_column-inner\" >\n\t\t<div class=\"wpb_wrapper\">\n\t\t\t\r\n<div class=\"wpb_text_column wpb_content_element\" >\r\n\t<div class=\"wpb_wrapper\">\r\n\t\t<p>Ort: verschiedene Einsatzfelder im Leverkusener Stadtgebiet<\/p>\n\t<\/div>\r\n<\/div>\r\n\r\n\r\n\r\n\n\t\t<\/div> \n\t<\/div>\n\t<\/div> \n<\/div><\/div><div id=\"fws_6a05e40e250cb\" data-midnight=\"\" data-column-margin=\"60px\" class=\"wpb_row vc_row-fluid vc_row inner_row  vc_custom_1706495854821\"  style=\"padding-top: 15px; \"><div class=\"row-bg-wrap\"> <div class=\"row-bg\" ><\/div> <\/div><div class=\"row_col_wrap_12_inner col span_12  left\">\n\t<div  class=\"vc_col-sm-6 wpb_column column_container vc_column_container col child_column padding-5-percent inherit_tablet inherit_phone\"   data-padding-pos=\"left\" data-has-bg-color=\"false\" data-bg-color=\"\" data-bg-opacity=\"1\" data-animation=\"\" data-delay=\"0\" >\n\t\t<div class=\"vc_column-inner\" >\n\t\t<div class=\"wpb_wrapper\">\n\t\t\t\r\n<div class=\"wpb_text_column wpb_content_element  vc_custom_1738836154333\" >\r\n\t<div class=\"wpb_wrapper\">\r\n\t\t<p><strong>Welche T\u00e4tigkeit wird ausgef\u00fchrt?<\/strong><\/p>\n<ul>\n<li>Verschiedene T\u00e4tigkeitsfelder im Bereich Gartenlandschaftspflege \/ Umwelt<\/li>\n<li>Beispiele:\n<ul>\n<li>Umweltschutz \/ Parkreinigung im Wilhelm Dopatka Park<\/li>\n<li>Mithilfe bei der Leverkusener Tafel e.V.<\/li>\n<li>Umweltschutz \/ leichte Gartent\u00e4tigkeiten im NaturGut Ophoven<\/li>\n<\/ul>\n<\/li>\n<li>Die T\u00e4tigkeiten finden zus\u00e4tzlich zu den Arbeiten der Haupt- und ehrenamtlichen Mitarbeitenden der Einrichtungen statt.<\/li>\n<li>Mithilfe in der Fahrradwerkstatt<\/li>\n<\/ul>\n<p>&nbsp;<\/p>\n<p><strong>Welche Kenntnisse und F\u00e4higkeiten werden vermittelt?<\/strong><\/p>\n<ul>\n<li>Kenntnisse im Umweltschutz<\/li>\n<li>Unterweisung in Maschinenkunde und \u2013pflege (Heckenschere, Freischneider, Laubblasger\u00e4t, Rasenm\u00e4her, ect)<\/li>\n<li>Arbeiten im Team<\/li>\n<li>Sicheres und strukturiertes Arbeiten<\/li>\n<\/ul>\n<p><strong>\u00a0<\/strong><\/p>\n<p><strong>Welche Voraussetzungen bestehen f\u00fcr eine Mitarbeit?<\/strong><\/p>\n<ul>\n<li>Bereitschaft zur Arbeit im Freien<\/li>\n<li>Bereitschaft zur Teamarbeit<\/li>\n<li>Nach Anweisungen arbeiten<\/li>\n<\/ul>\n\t<\/div>\r\n<\/div>\r\n\r\n\r\n\r\n\n\t\t<\/div> \n\t<\/div>\n\t<\/div> \n\n\t<div  class=\"vc_col-sm-6 wpb_column column_container vc_column_container col child_column padding-2-percent inherit_tablet inherit_phone\"   data-padding-pos=\"right\" data-has-bg-color=\"false\" data-bg-color=\"\" data-bg-opacity=\"1\" data-animation=\"\" data-delay=\"0\" >\n\t\t<div class=\"vc_column-inner\" >\n\t\t<div class=\"wpb_wrapper\">\n\t\t\t\r\n<div class=\"wpb_text_column wpb_content_element\" >\r\n\t<div class=\"wpb_wrapper\">\r\n\t\t<p><strong>Wann ist der Einstieg m\u00f6glich?<\/strong><\/p>\n<ul>\n<li>Jederzeit nach Zuweisung des Jobcenters Arbeit und Grundsicherung Leverkusen \/ Sozialamt Leverkusen<\/li>\n<\/ul>\n<p><strong>\u00a0<\/strong><\/p>\n<p><strong>Wie lange ist die Mitarbeit m\u00f6glich?<\/strong><\/p>\n<ul>\n<li>Zun\u00e4chst sechs Monate Laufzeit<\/li>\n<li>Eine Verl\u00e4ngerung der Teilnahme ist m\u00f6glich<\/li>\n<\/ul>\n<p><strong>\u00a0<\/strong><\/p>\n<p><strong>Anmeldung<\/strong><\/p>\n<ul>\n<li>Bitte sprechen Sie eine Mitarbeit bei uns mit Ihrer Beratung im Jobcenter Arbeit und Grundsicherung Leverkusen \/ Sozialamt Leverkusen ab.<\/li>\n<li>Das Jobcenter Arbeit und Grundsicherung \/ Sozialamt Leverkusen pr\u00fcft die Voraussetzungen und weist in die Ma\u00dfnahme zu.<\/li>\n<li>Gerne k\u00f6nnen Sie vorab eine unverbindlichen Ersttermin bei uns vereinbaren.<\/li>\n<\/ul>\n\t<\/div>\r\n<\/div>\r\n\r\n\r\n\r\n\n\t\t<\/div> \n\t<\/div>\n\t<\/div> \n<\/div><\/div>\n\t\t\t<\/div> \n\t\t<\/div>\n\t<\/div> \n\n\t<div style=\"z-index: 100; \" class=\"vc_col-sm-3 wpb_column column_container vc_column_container col has-animation padding-1-percent inherit_tablet inherit_phone\"  data-t-w-inherits=\"small_desktop\" data-padding-pos=\"top\" data-has-bg-color=\"false\" data-bg-color=\"\" data-bg-opacity=\"1\" data-animation=\"fade-in-from-bottom\" data-delay=\"100\" >\n\t\t<div class=\"vc_column-inner\" >\n\t\t\t<div class=\"wpb_wrapper\">\n\t\t\t\t<div id=\"fws_6a05e40e25afd\" data-midnight=\"\" data-column-margin=\"none\" class=\"wpb_row vc_row-fluid vc_row inner_row\"  style=\"padding-bottom: 20px; \"><div class=\"row-bg-wrap\"> <div class=\"row-bg\" ><\/div> <\/div><div class=\"row_col_wrap_12_inner col span_12  left\">\n\t<div  class=\"vc_col-sm-12 wpb_column column_container vc_column_container col child_column no-extra-padding inherit_tablet inherit_phone\"   data-padding-pos=\"all\" data-has-bg-color=\"false\" data-bg-color=\"\" data-bg-opacity=\"1\" data-animation=\"\" data-delay=\"0\" >\n\t\t<div class=\"vc_column-inner\" >\n\t\t<div class=\"wpb_wrapper\">\n\t\t\t<div class=\"img-with-aniamtion-wrap\" data-max-width=\"100%\" data-max-width-mobile=\"default\" data-border-radius=\"20px\" data-shadow=\"small_depth\" data-animation=\"grow-in\" >\r\n      <div class=\"inner\">\r\n        <div class=\"hover-wrap\" data-hover-animation=\"zoom-crop\"> \r\n          <div class=\"hover-wrap-inner\">\r\n            <img loading=\"lazy\" decoding=\"async\" class=\"img-with-animation skip-lazy\" data-delay=\"0\" height=\"541\" width=\"749\" data-animation=\"grow-in\" src=\"https:\/\/www.joblev.de\/wp-content\/uploads\/2023\/10\/Bildschirm\u00adfoto-2023-10-09-um-12.43.02-e1699627748464.png\" alt=\"\" srcset=\"https:\/\/www.joblev.de\/wp-content\/uploads\/2023\/10\/Bildschirm\u00adfoto-2023-10-09-um-12.43.02-e1699627748464.png 749w, https:\/\/www.joblev.de\/wp-content\/uploads\/2023\/10\/Bildschirm\u00adfoto-2023-10-09-um-12.43.02-e1699627748464-300x217.png 300w, https:\/\/www.joblev.de\/wp-content\/uploads\/2023\/10\/Bildschirm\u00adfoto-2023-10-09-um-12.43.02-e1699627748464-18x12.png 18w\" sizes=\"auto, (max-width: 749px) 100vw, 749px\" \/>\r\n          <\/div>\r\n        <\/div>\r\n      <\/div>\r\n    <\/div><div class=\"nectar-fancy-ul\" data-list-icon=\"dot\" data-animation=\"false\" data-animation-delay=\"0\" data-spacing=\"default\" data-alignment=\"left\"> Nicole Lucia<br \/>\n<a href=\"tel:02171947422\">Telefon 0 21 71 \u2013 94 74 22 <\/a><br \/>\n<a href=\"mailto:nicole.lucia@joblev.de\">nicole.lucia@joblev.de<\/a> <\/div><div class=\"divider-wrap\" data-alignment=\"default\"><div style=\"height: 20px;\" class=\"divider\"><\/div><\/div><div class=\"img-with-aniamtion-wrap\" data-max-width=\"100%\" data-max-width-mobile=\"default\" data-border-radius=\"20px\" data-shadow=\"small_depth\" data-animation=\"none\" >\r\n      <div class=\"inner\">\r\n        <div class=\"hover-wrap\" data-hover-animation=\"zoom-crop\"> \r\n          <div class=\"hover-wrap-inner\">\r\n            <img loading=\"lazy\" decoding=\"async\" class=\"img-with-animation skip-lazy\" data-delay=\"0\" height=\"541\" width=\"749\" data-animation=\"none\" src=\"https:\/\/www.joblev.de\/wp-content\/uploads\/2023\/10\/Bildschirm\u00adfoto-2023-10-09-um-12.43.02-e1699627748464.png\" alt=\"\" srcset=\"https:\/\/www.joblev.de\/wp-content\/uploads\/2023\/10\/Bildschirm\u00adfoto-2023-10-09-um-12.43.02-e1699627748464.png 749w, https:\/\/www.joblev.de\/wp-content\/uploads\/2023\/10\/Bildschirm\u00adfoto-2023-10-09-um-12.43.02-e1699627748464-300x217.png 300w, https:\/\/www.joblev.de\/wp-content\/uploads\/2023\/10\/Bildschirm\u00adfoto-2023-10-09-um-12.43.02-e1699627748464-18x12.png 18w\" sizes=\"auto, (max-width: 749px) 100vw, 749px\" \/>\r\n          <\/div>\r\n        <\/div>\r\n      <\/div>\r\n    <\/div><div class=\"nectar-fancy-ul\" data-list-icon=\"dot\" data-animation=\"false\" data-animation-delay=\"0\" data-spacing=\"default\" data-alignment=\"left\"> Vertretung<br \/>\nMartin Fikenscher<br \/>\n<a href=\"tel:02171947435\">Telefon: 0 21 71 \u2013 94 74 35<\/a><br \/>\n<a href=\"mailto:martin.fikenscher@joblev.de\">martin.fikenscher@joblev.de<\/a> <\/div><div class=\"divider-wrap\" data-alignment=\"default\"><div style=\"height: 20px;\" class=\"divider\"><\/div><\/div>\n\t\t<\/div> \n\t<\/div>\n\t<\/div> \n<\/div><\/div>\n\t\t\t<\/div> \n\t\t<\/div>\n\t<\/div> \n<\/div><\/div>\r\n\t\t<div id=\"fws_6a05e40e26725\"  data-column-margin=\"default\" data-midnight=\"dark\"  class=\"wpb_row vc_row-fluid vc_row full-width-section\"  style=\"padding-top: 0px; padding-bottom: 0px; \"><div class=\"row-bg-wrap\" data-bg-animation=\"none\" data-bg-animation-delay=\"\" data-bg-overlay=\"false\"><div class=\"inner-wrap row-bg-layer\" ><div class=\"row-bg viewport-desktop using-bg-color\"  style=\"background-color: #e8f0ff; \"><\/div><\/div><\/div><div class=\"row_col_wrap_12 col span_12 dark left\">\n\t<div  class=\"vc_col-sm-12 wpb_column column_container vc_column_container col no-extra-padding inherit_tablet inherit_phone\"  data-padding-pos=\"all\" data-has-bg-color=\"false\" data-bg-color=\"\" data-bg-opacity=\"1\" data-animation=\"\" data-delay=\"0\" >\n\t\t<div class=\"vc_column-inner\" >\n\t\t\t<div class=\"wpb_wrapper\">\n\t\t\t\t\n\t<div class=\"wpb_gallery wpb_content_element clearfix\">\n\t\t<div class=\"wpb_wrapper\"><div class=\"wpb_gallery_slidesflickity_static_height_style\" data-onclick=\"link_image\" data-interval=\"5\"><style>.wpb_gallery_slidesflickity_static_height_style .nectar-flickity.instace-6a05e40e26eac:not(.masonry) .flickity-slider .cell img {\r\n      height: 500px;\r\n    }\r\n    @media only screen and (max-width: 1300px) {\r\n      .wpb_gallery_slidesflickity_static_height_style .nectar-flickity.instace-6a05e40e26eac:not(.masonry) .flickity-slider .cell img {\r\n        height: 400px;\r\n      }\r\n    }\r\n    @media only screen and (max-width: 1000px) {\r\n      .wpb_gallery_slidesflickity_static_height_style .nectar-flickity.instace-6a05e40e26eac:not(.masonry) .flickity-slider .cell img {\r\n        height: 350px;\r\n      }\r\n    }\r\n    @media only screen and (max-width: 690px) {\r\n      .wpb_gallery_slidesflickity_static_height_style .nectar-flickity.instace-6a05e40e26eac:not(.masonry) .flickity-slider .cell img {\r\n        height: 300px;\r\n      }\r\n    }<\/style><div class=\"nectar-flickity not-initialized instace-6a05e40e26eac\"  data-touch-icon-color=\"default\" data-drag-scale=\"\" data-overflow=\"visible\" data-wrap=\"no-wrap\" data-spacing=\"10px\" data-shadow=\"none\" data-autoplay=\"\" data-autoplay-dur=\"\" data-free-scroll=\"\" data-controls=\"touch_total\"><div class=\"flickity-viewport\"> <div class=\"flickity-slider\"><div class=\"cell\" data-lazy=\"true\"><img loading=\"lazy\" decoding=\"async\" width=\"1024\" height=\"683\"  src=\"data:image\/svg+xml;charset=utf-8,%3Csvg%20xmlns%3D'http%3A%2F%2Fwww.w3.org%2F2000%2Fsvg'%20viewBox%3D'0%200%201024%20683'%2F%3E\" data-nectar-img-src=\"https:\/\/www.joblev.de\/wp-content\/uploads\/2023\/10\/2-Ebene_Betreuung-und-Taetigkeiten-1024x683.jpg\" class=\"skip-lazy nectar-lazy attachment-large\" alt=\"\" title=\"2 Ebene_Betreuung und Ta\u0308tigkeiten\"  data-nectar-img-srcset=\"https:\/\/www.joblev.de\/wp-content\/uploads\/2023\/10\/2-Ebene_Betreuung-und-Taetigkeiten-1024x683.jpg 1024w, https:\/\/www.joblev.de\/wp-content\/uploads\/2023\/10\/2-Ebene_Betreuung-und-Taetigkeiten-300x200.jpg 300w, https:\/\/www.joblev.de\/wp-content\/uploads\/2023\/10\/2-Ebene_Betreuung-und-Taetigkeiten-768x512.jpg 768w, https:\/\/www.joblev.de\/wp-content\/uploads\/2023\/10\/2-Ebene_Betreuung-und-Taetigkeiten-1536x1024.jpg 1536w, https:\/\/www.joblev.de\/wp-content\/uploads\/2023\/10\/2-Ebene_Betreuung-und-Taetigkeiten-2048x1365.jpg 2048w, https:\/\/www.joblev.de\/wp-content\/uploads\/2023\/10\/2-Ebene_Betreuung-und-Taetigkeiten-18x12.jpg 18w, https:\/\/www.joblev.de\/wp-content\/uploads\/2023\/10\/2-Ebene_Betreuung-und-Taetigkeiten-900x600.jpg 900w\"><a class=\"entire-slide-link\"  href=\"https:\/\/www.joblev.de\/wp-content\/uploads\/2023\/10\/2-Ebene_Betreuung-und-Taetigkeiten-scaled.jpg\"><\/a><\/div><div class=\"cell\" data-lazy=\"true\"><img loading=\"lazy\" decoding=\"async\" width=\"1024\" height=\"683\"  src=\"data:image\/svg+xml;charset=utf-8,%3Csvg%20xmlns%3D'http%3A%2F%2Fwww.w3.org%2F2000%2Fsvg'%20viewBox%3D'0%200%201024%20683'%2F%3E\" data-nectar-img-src=\"https:\/\/www.joblev.de\/wp-content\/uploads\/2023\/10\/2-Ebene_Garten-Landschaftsbau-1-1024x683.jpg\" class=\"skip-lazy nectar-lazy attachment-large\" alt=\"\" title=\"2 Ebene_Garten-Landschaftsbau\"  data-nectar-img-srcset=\"https:\/\/www.joblev.de\/wp-content\/uploads\/2023\/10\/2-Ebene_Garten-Landschaftsbau-1-1024x683.jpg 1024w, https:\/\/www.joblev.de\/wp-content\/uploads\/2023\/10\/2-Ebene_Garten-Landschaftsbau-1-300x200.jpg 300w, https:\/\/www.joblev.de\/wp-content\/uploads\/2023\/10\/2-Ebene_Garten-Landschaftsbau-1-768x512.jpg 768w, https:\/\/www.joblev.de\/wp-content\/uploads\/2023\/10\/2-Ebene_Garten-Landschaftsbau-1-1536x1024.jpg 1536w, https:\/\/www.joblev.de\/wp-content\/uploads\/2023\/10\/2-Ebene_Garten-Landschaftsbau-1-2048x1365.jpg 2048w, https:\/\/www.joblev.de\/wp-content\/uploads\/2023\/10\/2-Ebene_Garten-Landschaftsbau-1-18x12.jpg 18w, https:\/\/www.joblev.de\/wp-content\/uploads\/2023\/10\/2-Ebene_Garten-Landschaftsbau-1-900x600.jpg 900w\"><a class=\"entire-slide-link\"  href=\"https:\/\/www.joblev.de\/wp-content\/uploads\/2023\/10\/2-Ebene_Garten-Landschaftsbau-1-scaled.jpg\"><\/a><\/div><div class=\"cell\" data-lazy=\"true\"><img loading=\"lazy\" decoding=\"async\" width=\"1024\" height=\"724\"  src=\"data:image\/svg+xml;charset=utf-8,%3Csvg%20xmlns%3D'http%3A%2F%2Fwww.w3.org%2F2000%2Fsvg'%20viewBox%3D'0%200%201024%20724'%2F%3E\" data-nectar-img-src=\"https:\/\/www.joblev.de\/wp-content\/uploads\/2023\/10\/2-Ebene_Radwege-1024x724.jpg\" class=\"skip-lazy nectar-lazy attachment-large\" alt=\"\" title=\"2 Ebene_Radwege\"  data-nectar-img-srcset=\"https:\/\/www.joblev.de\/wp-content\/uploads\/2023\/10\/2-Ebene_Radwege-1024x724.jpg 1024w, https:\/\/www.joblev.de\/wp-content\/uploads\/2023\/10\/2-Ebene_Radwege-300x212.jpg 300w, https:\/\/www.joblev.de\/wp-content\/uploads\/2023\/10\/2-Ebene_Radwege-768x543.jpg 768w, https:\/\/www.joblev.de\/wp-content\/uploads\/2023\/10\/2-Ebene_Radwege-1536x1086.jpg 1536w, https:\/\/www.joblev.de\/wp-content\/uploads\/2023\/10\/2-Ebene_Radwege-18x12.jpg 18w, https:\/\/www.joblev.de\/wp-content\/uploads\/2023\/10\/2-Ebene_Radwege.jpg 1754w\"><a class=\"entire-slide-link\"  href=\"https:\/\/www.joblev.de\/wp-content\/uploads\/2023\/10\/2-Ebene_Radwege.jpg\"><\/a><\/div><div class=\"cell\" data-lazy=\"true\"><img loading=\"lazy\" decoding=\"async\" width=\"1024\" height=\"642\"  src=\"data:image\/svg+xml;charset=utf-8,%3Csvg%20xmlns%3D'http%3A%2F%2Fwww.w3.org%2F2000%2Fsvg'%20viewBox%3D'0%200%201024%20642'%2F%3E\" data-nectar-img-src=\"https:\/\/www.joblev.de\/wp-content\/uploads\/2023\/10\/2-Ebene_Nistkaesten_Urban-Gardening-1024x642.jpg\" class=\"skip-lazy nectar-lazy attachment-large\" alt=\"\" title=\"2 Ebene_Nistka\u0308sten_Urban Gardening\"  data-nectar-img-srcset=\"https:\/\/www.joblev.de\/wp-content\/uploads\/2023\/10\/2-Ebene_Nistkaesten_Urban-Gardening-1024x642.jpg 1024w, https:\/\/www.joblev.de\/wp-content\/uploads\/2023\/10\/2-Ebene_Nistkaesten_Urban-Gardening-300x188.jpg 300w, https:\/\/www.joblev.de\/wp-content\/uploads\/2023\/10\/2-Ebene_Nistkaesten_Urban-Gardening-768x481.jpg 768w, https:\/\/www.joblev.de\/wp-content\/uploads\/2023\/10\/2-Ebene_Nistkaesten_Urban-Gardening-1536x963.jpg 1536w, https:\/\/www.joblev.de\/wp-content\/uploads\/2023\/10\/2-Ebene_Nistkaesten_Urban-Gardening-2048x1284.jpg 2048w, https:\/\/www.joblev.de\/wp-content\/uploads\/2023\/10\/2-Ebene_Nistkaesten_Urban-Gardening-18x12.jpg 18w\"><a class=\"entire-slide-link\"  href=\"https:\/\/www.joblev.de\/wp-content\/uploads\/2023\/10\/2-Ebene_Nistkaesten_Urban-Gardening-scaled.jpg\"><\/a><\/div><\/div><\/div><\/div><\/div>\n\t\t<\/div> \n\t<\/div> \n\t\t\t<\/div> \n\t\t<\/div>\n\t<\/div> \n<\/div><\/div>","protected":false},"excerpt":{"rendered":"Betreuung und T\u00e4tigkeiten Ort: verschiedene Einsatzfelder im Leverkusener Stadtgebiet Welche T\u00e4tigkeit wird ausgef\u00fchrt? Verschiedene T\u00e4tigkeitsfelder im Bereich Gartenlandschaftspflege \/ Umwelt Beispiele: Umweltschutz \/ Parkreinigung im Wilhelm Dopatka Park Mithilfe bei...","protected":false},"author":1,"featured_media":0,"parent":307,"menu_order":0,"comment_status":"closed","ping_status":"closed","template":"","meta":{"footnotes":""},"class_list":["post-448","page","type-page","status-publish"],"aioseo_notices":[],"_links":{"self":[{"href":"https:\/\/www.joblev.de\/en\/wp-json\/wp\/v2\/pages\/448","targetHints":{"allow":["GET"]}}],"collection":[{"href":"https:\/\/www.joblev.de\/en\/wp-json\/wp\/v2\/pages"}],"about":[{"href":"https:\/\/www.joblev.de\/en\/wp-json\/wp\/v2\/types\/page"}],"author":[{"embeddable":true,"href":"https:\/\/www.joblev.de\/en\/wp-json\/wp\/v2\/users\/1"}],"replies":[{"embeddable":true,"href":"https:\/\/www.joblev.de\/en\/wp-json\/wp\/v2\/comments?post=448"}],"version-history":[{"count":2,"href":"https:\/\/www.joblev.de\/en\/wp-json\/wp\/v2\/pages\/448\/revisions"}],"predecessor-version":[{"id":2217,"href":"https:\/\/www.joblev.de\/en\/wp-json\/wp\/v2\/pages\/448\/revisions\/2217"}],"up":[{"embeddable":true,"href":"https:\/\/www.joblev.de\/en\/wp-json\/wp\/v2\/pages\/307"}],"wp:attachment":[{"href":"https:\/\/www.joblev.de\/en\/wp-json\/wp\/v2\/media?parent=448"}],"curies":[{"name":"wp","href":"https:\/\/api.w.org\/{rel}","templated":true}]}}