{"id":483,"date":"2023-11-10T16:33:57","date_gmt":"2023-11-10T15:33:57","guid":{"rendered":"https:\/\/www.joblev.de\/?page_id=483"},"modified":"2026-03-11T08:41:45","modified_gmt":"2026-03-11T07:41:45","slug":"berufssprachkurse-deutsch","status":"publish","type":"page","link":"https:\/\/www.joblev.de\/en\/beratung-und-vermittlung\/berufssprachkurse-deutsch\/","title":{"rendered":"Berufssprachkurse Deutsch"},"content":{"rendered":"<div id=\"fws_6a04aba92a181\"  data-column-margin=\"90px\" data-midnight=\"dark\" data-top-percent=\"2%\" data-bottom-percent=\"8%\"  class=\"wpb_row vc_row-fluid vc_row full-width-section\"  style=\"padding-top: calc(100vw * 0.02); padding-bottom: calc(100vw * 0.08); \"><div class=\"row-bg-wrap\" data-bg-animation=\"none\" data-bg-animation-delay=\"\" data-bg-overlay=\"false\"><div class=\"inner-wrap row-bg-layer\" ><div class=\"row-bg viewport-desktop using-bg-color\"  style=\"background-color: #e8f0ff; \"><\/div><\/div><\/div><div class=\"row_col_wrap_12 col span_12 dark left\">\n\t<div  class=\"vc_col-sm-9 wpb_column column_container vc_column_container col has-animation padding-1-percent inherit_tablet inherit_phone\"  data-t-w-inherits=\"small_desktop\" data-padding-pos=\"top\" data-has-bg-color=\"false\" data-bg-color=\"\" data-bg-opacity=\"1\" data-animation=\"fade-in-from-bottom\" data-delay=\"0\" >\n\t\t<div class=\"vc_column-inner\" >\n\t\t\t<div class=\"wpb_wrapper\">\n\t\t\t\t\r\n<div class=\"wpb_text_column wpb_content_element\" >\r\n\t<div class=\"wpb_wrapper\">\r\n\t\t<h2><\/h2>\n<h2><strong>Berufssprachkurse Deutsch Leverkusen<\/strong><\/h2>\n\t<\/div>\r\n<\/div>\r\n\r\n\r\n\r\n\r\n<div class=\"wpb_text_column wpb_content_element\" >\r\n\t<div class=\"wpb_wrapper\">\r\n\t\t\t<\/div>\r\n<\/div>\r\n\r\n\r\n\r\n<div id=\"fws_6a04aba92a5c9\" data-midnight=\"\" data-column-margin=\"60px\" class=\"wpb_row vc_row-fluid vc_row inner_row  vc_custom_1706518625373\"  style=\"padding-top: 15px; \"><div class=\"row-bg-wrap\"> <div class=\"row-bg\" ><\/div> <\/div><div class=\"row_col_wrap_12_inner col span_12  left\">\n\t<div  class=\"vc_col-sm-6 wpb_column column_container vc_column_container col child_column padding-5-percent inherit_tablet inherit_phone\"   data-padding-pos=\"left\" data-has-bg-color=\"false\" data-bg-color=\"\" data-bg-opacity=\"1\" data-animation=\"\" data-delay=\"0\" >\n\t\t<div class=\"vc_column-inner\" >\n\t\t<div class=\"wpb_wrapper\">\n\t\t\t\r\n<div class=\"wpb_text_column wpb_content_element  vc_custom_1770717551049\" >\r\n\t<div class=\"wpb_wrapper\">\r\n\t\t<p><strong>Berufssprachkurse Deutsch<\/strong><\/p>\n<p>Die Berufssprachkurse Deutsch erweitern das Sprachf\u00f6rderangebot des Bundes f\u00fcr Menschen mit Migrationshintergrund.<\/p>\n<p>\ud83c\udfaf Ziel ist es, die Chancen der Teilnehmenden auf Integration in den Arbeitsmarkt, in eine Ausbildung oder in weiterf\u00fchrende Qualifizierungsma\u00dfnahmen zu verbessern \u2013 bzw. ihre Besch\u00e4ftigungsf\u00e4higkeit zu erhalten.<\/p>\n<p>\ud83d\udcbc Berufssprachkurse vermitteln arbeitsuchenden und berufst\u00e4tigen Migrantinnen und Migranten sowie Gefl\u00fcchteten berufsbezogene Deutschkenntnisse zur Vorbereitung auf den Arbeitsmarkt. Dar\u00fcber hinaus f\u00f6rdern sie gezielt die sprachliche Handlungsf\u00e4higkeit im beruflichen Alltag und verbessern somit die Integrationschancen.<\/p>\n<p><strong>Inhalt<\/strong><\/p>\n<p>\ud83d\udde3\ufe0f Die Kurse sind allgemein berufsbezogen ausgerichtet. Neben dem Ausbau der allgemeinen Sprachkompetenz werden insbesondere sprachliche F\u00e4higkeiten vermittelt, die im Berufsalltag ben\u00f6tigt werden.<\/p>\n<p>\ud83d\udcc4 Alle Kurse schlie\u00dfen mit der Zertifikatspr\u00fcfung Deutsch-Test f\u00fcr den Beruf (DTB) ab.<\/p>\n<p><strong>Voraussetzungen f\u00fcr die Teilnahme<\/strong><\/p>\n<p>F\u00fcr die Teilnahme an einem Berufssprachkurs ben\u00f6tigen Sie eine Teilnahmeberechtigung.<\/p>\n<ul>\n<li>Wenn Sie arbeitsuchend sind oder Leistungen nach dem SGB II oder SGB III beziehen, wenden Sie sich bitte an Ihre Beraterin oder Ihren Berater im Jobcenter oder bei der Agentur f\u00fcr Arbeit.<\/li>\n<li>Wenn Sie berufst\u00e4tig sind, sich in Ausbildung befinden oder ein Anerkennungsverfahren durchlaufen und keine Leistungen nach dem SGB II oder III beziehen, k\u00f6nnen Sie die Teilnahmeberechtigung direkt beim BAMF beantragen.<\/li>\n<\/ul>\n<p>\ud83d\udcdd Wir unterst\u00fctzen Sie gerne bei der Antragstellung.<\/p>\n<p>\ud83d\udd24 Zus\u00e4tzlich ben\u00f6tigen Sie ein Sprachzertifikat, das nicht \u00e4lter als 6 Monate ist:<\/p>\n<ul>\n<li>F\u00fcr den B1-Kurs: ein A2-Zertifikat<\/li>\n<li>F\u00fcr den B2-Kurs: ein B1-Zertifikat<\/li>\n<\/ul>\n<p>\ud83d\udccc Sollte Ihr Zertifikat \u00e4lter als 6 Monate sein, m\u00fcssen Sie einen <strong>Einstufungstest<\/strong> absolvieren. Bei entsprechendem Ergebnis ist anschlie\u00dfend die Anmeldung zum gew\u00fcnschten Kurs m\u00f6glich.<\/p>\n\t<\/div>\r\n<\/div>\r\n\r\n\r\n\r\n\n\t\t<\/div> \n\t<\/div>\n\t<\/div> \n\n\t<div  class=\"vc_col-sm-6 wpb_column column_container vc_column_container col child_column padding-2-percent inherit_tablet padding-5-percent_phone\"   data-padding-pos=\"left\" data-has-bg-color=\"false\" data-bg-color=\"\" data-bg-opacity=\"1\" data-animation=\"\" data-delay=\"0\" >\n\t\t<div class=\"vc_column-inner\" >\n\t\t<div class=\"wpb_wrapper\">\n\t\t\t\r\n<div class=\"wpb_text_column wpb_content_element\" >\r\n\t<div class=\"wpb_wrapper\">\r\n\t\t<p><strong>Dauer<\/strong><\/p>\n<ul>\n<li>\u23f3 <strong>B1-Kurs<\/strong>: 400 Unterrichtseinheiten (UE) \u00e0 45 Minuten<\/li>\n<li>\u23f3 <strong>B2-Kurs<\/strong>: 500 Unterrichtseinheiten (UE) \u00e0 45 Minuten, davon 100 UE im <strong>Br\u00fcckenelement<\/strong>, in dem zentrale Inhalte des B1-Niveaus in beruflichen Kontexten wiederholt und gefestigt werden<\/li>\n<\/ul>\n<p><strong>N\u00e4chster Kurs<\/strong><\/p>\n<p>\ud83d\udcda <strong>Kursart<\/strong>: Berufssprachkurs B2<br \/>\n\ud83d\udcc5 <strong>Zeitraum<\/strong>: 24.03.2026 \u2013 voraussichtlich bis 07.10.2026<br \/>\n<strong>\ud83d\udd58 Kurszeiten:<\/strong> Montag bis Freitag, 9:00 \u2013 12:15 Uhr<br \/>\n\ud83d\udccc <strong>Kursort<\/strong><strong>: <\/strong>Rathenaustra\u00dfe 70, 51373 Leverkusen<br \/>\n\ud83d\udc65 <strong>Pl\u00e4tze<\/strong>: 18 Pl\u00e4tze<\/p>\n<p><strong>Anmeldung<\/strong><\/p>\n<p>\ud83d\udccd Vereinbaren Sie einen Termin mit Frau <strong>Danitza Arag\u00f3n<\/strong>. Sie erreichen sie<br \/>\n\ud83d\udce7 per E-Mail unter <a href=\"mailto:danitza.aragon@joblev.de\">danitza.aragon@joblev.de<\/a><br \/>\n\ud83d\udcde oder telefonisch unter <strong>0 21 71 &#8211; 94 74 31<\/strong><\/p>\n<p>&nbsp;<\/p>\n<p><img loading=\"lazy\" decoding=\"async\" class=\"alignnone wp-image-1373\" src=\"https:\/\/www.joblev.de\/wp-content\/uploads\/2024\/05\/AZAV-Traegerzulassung-300x255.jpg\" alt=\"\" width=\"224\" height=\"190\" srcset=\"https:\/\/www.joblev.de\/wp-content\/uploads\/2024\/05\/AZAV-Traegerzulassung-300x255.jpg 300w, https:\/\/www.joblev.de\/wp-content\/uploads\/2024\/05\/AZAV-Traegerzulassung-14x12.jpg 14w, https:\/\/www.joblev.de\/wp-content\/uploads\/2024\/05\/AZAV-Traegerzulassung.jpg 628w\" sizes=\"auto, (max-width: 224px) 100vw, 224px\" \/><\/p>\n\t<\/div>\r\n<\/div>\r\n\r\n\r\n\r\n\n\t\t<\/div> \n\t<\/div>\n\t<\/div> \n<\/div><\/div><div id=\"fws_6a04aba92a964\" data-midnight=\"\" data-column-margin=\"60px\" class=\"wpb_row vc_row-fluid vc_row inner_row  vc_custom_1706518625373\"  style=\"padding-top: 15px; \"><div class=\"row-bg-wrap\"> <div class=\"row-bg\" ><\/div> <\/div><div class=\"row_col_wrap_12_inner col span_12  left\">\n\t<div  class=\"vc_col-sm-6 wpb_column column_container vc_column_container col child_column padding-5-percent inherit_tablet inherit_phone\"   data-padding-pos=\"left\" data-has-bg-color=\"false\" data-bg-color=\"\" data-bg-opacity=\"1\" data-animation=\"\" data-delay=\"0\" >\n\t\t<div class=\"vc_column-inner\" >\n\t\t<div class=\"wpb_wrapper\">\n\t\t\t\r\n<div class=\"wpb_text_column wpb_content_element  vc_custom_1716891355466\" >\r\n\t<div class=\"wpb_wrapper\">\r\n\t\t<p><strong>Welche T\u00e4tigkeit wird ausgef\u00fchrt? <\/strong><\/p>\n<p>Die Berufssprachkurse erweitern das Sprachf\u00f6rderangebot des Bundes f\u00fcr Menschen mit Migrationshintergrund.<\/p>\n<p>Ziel ist die Verbesserung der Chancen der Teilnehmenden auf Integration in den Arbeitsmarkt, in die Ausbildung oder in weiterf\u00fchrende Ma\u00dfnahmen bzw. der Erhalt der Besch\u00e4ftigungsf\u00e4higkeit.<\/p>\n<p>Berufssprachkurse vermitteln arbeitsuchenden und besch\u00e4ftigten Migrantinnen und Migranten ebenso wie Gefl\u00fcchteten berufsbezogene Deutschkenntnisse zur Vorbereitung auf den Arbeitsmarkt. Berufssprachkurse bieten Zugewanderten, EU-B\u00fcrgerinnen und -B\u00fcrgern sowie Deutschen mit Migrationshintergrund die M\u00f6glichkeit, die Chancen zur Integration in den Arbeitsmarkt, in die Ausbildung oder in weiterf\u00fchrende Ma\u00dfnahmen zu verbessern.<\/p>\n<p>&nbsp;<\/p>\n<p><strong>Welche Kenntnisse und F\u00e4higkeiten werden vermittelt?<\/strong><\/p>\n<p>Der Kurs B1 hat zum Ziel das Sprachniveau B1 des Gemeinsamen Europ\u00e4ischen Referenzrahmens (GER) zu erreichen.<\/p>\n<p>Der Kurs B2 hat zum Ziel das Sprachniveau B2 des Gemeinsamen Europ\u00e4ischen Referenzrahmens (GER) zu erreichen.<\/p>\n<p>Der Sprachunterricht hat eine allgemeine berufsbezogene Ausrichtung. Die Kurse schlie\u00dfen mit einer Zertifikatspr\u00fcfung Deutsch-Test f\u00fcr den Beruf ab.<\/p>\n<p>&nbsp;<\/p>\n<p><strong>Welche Voraussetzungen bestehen f\u00fcr eine Mitarbeit?<\/strong><\/p>\n<p>Sie ben\u00f6tigen eine Teilnahmeberechtigung. Wenden Sie sich hier an Ihre Beraterin oder Berater von dem Jobcenter oder der Arbeitsagentur.<\/p>\n<p>Wenn Sie bereits arbeiten oder sich in einem Ausbildungsverh\u00e4ltnis oder im Anerkennungsverfahren befinden und keine Leistungen nach\u00a0SGB\u00a0II oder\u00a0SGB\u00a0III beziehen, k\u00f6nnen Sie direkt beim\u00a0BAMF\u00a0einen Antrag auf Teilnahmeberechtigung stellen.<\/p>\n<p>Wir helfen Ihnen gerne bei der Antragstellung.<\/p>\n\t<\/div>\r\n<\/div>\r\n\r\n\r\n\r\n\n\t\t<\/div> \n\t<\/div>\n\t<\/div> \n\n\t<div  class=\"vc_col-sm-6 wpb_column column_container vc_column_container col child_column padding-2-percent inherit_tablet padding-5-percent_phone\"   data-padding-pos=\"left\" data-has-bg-color=\"false\" data-bg-color=\"\" data-bg-opacity=\"1\" data-animation=\"\" data-delay=\"0\" >\n\t\t<div class=\"vc_column-inner\" >\n\t\t<div class=\"wpb_wrapper\">\n\t\t\t\r\n<div class=\"wpb_text_column wpb_content_element\" >\r\n\t<div class=\"wpb_wrapper\">\r\n\t\t<p><strong>Wann ist der Einstieg m\u00f6glich?<\/strong><\/p>\n<p>Die geplanten Berufssprachkurse aller Tr\u00e4ger in Leverkusen teilen wir Ihnen gerne mit.<\/p>\n<p>Die aktuelle Kursplanung finden Sie auch auf der Seite KURSNET der Bundesagentur f\u00fcr Arbeit.<\/p>\n<p>&nbsp;<\/p>\n<p><strong>Wie lange ist die Mitarbeit m\u00f6glich?<\/strong><\/p>\n<p>Der Kurs B1 umfasst 400 Unterrichtseinheiten.<\/p>\n<p>Der B2 Kurs umfasst mit dem Br\u00fcckenelement 500 Unterrichtseinheiten. In dem Br\u00fcckenelement werden die bereits bekannten B1-Inhalte aus dem Integrationskurs mit berufsweltlichen Kontexten in 100 Unterrichtseinheiten wiederholt und gefestigt.<\/p>\n<p>&nbsp;<\/p>\n<p><strong>Anmeldung<\/strong><\/p>\n<ul>\n<li>Das Jobcenter Arbeit und Grundsicherung pr\u00fcft die Voraussetzungen und weist in die Ma\u00dfnahme zu.<\/li>\n<li>Bitte sprechen Sie eine Teilnahme bei uns mit Ihrer Beratung im Jobcenter oder der Bundesagentur f\u00fcr Arbeit ab.<\/li>\n<li>Eine Beratung in unseren Stadtteilb\u00fcros ist m\u00f6glich.<\/li>\n<\/ul>\n<p><img loading=\"lazy\" decoding=\"async\" class=\"alignnone wp-image-1373\" src=\"https:\/\/www.joblev.de\/wp-content\/uploads\/2024\/05\/AZAV-Traegerzulassung-300x255.jpg\" alt=\"\" width=\"269\" height=\"229\" srcset=\"https:\/\/www.joblev.de\/wp-content\/uploads\/2024\/05\/AZAV-Traegerzulassung-300x255.jpg 300w, https:\/\/www.joblev.de\/wp-content\/uploads\/2024\/05\/AZAV-Traegerzulassung-14x12.jpg 14w, https:\/\/www.joblev.de\/wp-content\/uploads\/2024\/05\/AZAV-Traegerzulassung.jpg 628w\" sizes=\"auto, (max-width: 269px) 100vw, 269px\" \/><\/p>\n\t<\/div>\r\n<\/div>\r\n\r\n\r\n\r\n\n\t\t<\/div> \n\t<\/div>\n\t<\/div> \n<\/div><\/div>\n\t\t\t<\/div> \n\t\t<\/div>\n\t<\/div> \n\n\t<div style=\"z-index: 100; \" class=\"vc_col-sm-3 wpb_column column_container vc_column_container col has-animation padding-1-percent inherit_tablet inherit_phone\"  data-t-w-inherits=\"small_desktop\" data-padding-pos=\"top\" data-has-bg-color=\"false\" data-bg-color=\"\" data-bg-opacity=\"1\" data-animation=\"fade-in-from-bottom\" data-delay=\"100\" >\n\t\t<div class=\"vc_column-inner\" >\n\t\t\t<div class=\"wpb_wrapper\">\n\t\t\t\t<div id=\"fws_6a04aba92ac69\" data-midnight=\"\" data-column-margin=\"none\" class=\"wpb_row vc_row-fluid vc_row inner_row\"  style=\"padding-bottom: 20px; \"><div class=\"row-bg-wrap\"> <div class=\"row-bg\" ><\/div> <\/div><div class=\"row_col_wrap_12_inner col span_12  left\">\n\t<div  class=\"vc_col-sm-12 wpb_column column_container vc_column_container col child_column no-extra-padding inherit_tablet inherit_phone\"   data-padding-pos=\"all\" data-has-bg-color=\"false\" data-bg-color=\"\" data-bg-opacity=\"1\" data-animation=\"\" data-delay=\"0\" >\n\t\t<div class=\"vc_column-inner\" >\n\t\t<div class=\"wpb_wrapper\">\n\t\t\t<div class=\"img-with-aniamtion-wrap\" data-max-width=\"100%\" data-max-width-mobile=\"default\" data-border-radius=\"20px\" data-shadow=\"small_depth\" data-animation=\"grow-in\" >\r\n      <div class=\"inner\">\r\n        <div class=\"hover-wrap\" data-hover-animation=\"zoom-crop\"> \r\n          <div class=\"hover-wrap-inner\">\r\n            <img loading=\"lazy\" decoding=\"async\" class=\"img-with-animation skip-lazy\" data-delay=\"0\" height=\"541\" width=\"749\" data-animation=\"grow-in\" src=\"https:\/\/www.joblev.de\/wp-content\/uploads\/2023\/10\/Bildschirm\u00adfoto-2023-10-09-um-12.43.02-e1699627748464.png\" alt=\"\" srcset=\"https:\/\/www.joblev.de\/wp-content\/uploads\/2023\/10\/Bildschirm\u00adfoto-2023-10-09-um-12.43.02-e1699627748464.png 749w, https:\/\/www.joblev.de\/wp-content\/uploads\/2023\/10\/Bildschirm\u00adfoto-2023-10-09-um-12.43.02-e1699627748464-300x217.png 300w, https:\/\/www.joblev.de\/wp-content\/uploads\/2023\/10\/Bildschirm\u00adfoto-2023-10-09-um-12.43.02-e1699627748464-18x12.png 18w\" sizes=\"auto, (max-width: 749px) 100vw, 749px\" \/>\r\n          <\/div>\r\n        <\/div>\r\n      <\/div>\r\n    <\/div><div class=\"nectar-fancy-ul\" data-list-icon=\"dot\" data-animation=\"false\" data-animation-delay=\"0\" data-spacing=\"default\" data-alignment=\"left\"> Danitza Arag\u00f3n<br \/>\nLeitung Sprache<br \/>\nDozentin Deutsch<br \/>\nTelefon <a href=\"tel:02171947431\">0 21 71 \u2013 94 74 31<\/a><br \/>\n<a href=\"mailto:danitza.aragon@joblev.de\">danitza.aragon@joblev.de<\/a> <\/div><div class=\"divider-wrap\" data-alignment=\"default\"><div style=\"height: 20px;\" class=\"divider\"><\/div><\/div>\n\t\t<\/div> \n\t<\/div>\n\t<\/div> \n<\/div><\/div>\n\t\t\t<\/div> \n\t\t<\/div>\n\t<\/div> \n<\/div><\/div>\r\n\t\t<div id=\"fws_6a04aba92b1da\"  data-column-margin=\"default\" data-midnight=\"dark\"  class=\"wpb_row vc_row-fluid vc_row full-width-section\"  style=\"padding-top: 0px; padding-bottom: 0px; \"><div class=\"row-bg-wrap\" data-bg-animation=\"none\" data-bg-animation-delay=\"\" data-bg-overlay=\"false\"><div class=\"inner-wrap row-bg-layer\" ><div class=\"row-bg viewport-desktop using-bg-color\"  style=\"background-color: #e8f0ff; \"><\/div><\/div><\/div><div class=\"row_col_wrap_12 col span_12 dark left\">\n\t<div  class=\"vc_col-sm-12 wpb_column column_container vc_column_container col no-extra-padding inherit_tablet inherit_phone\"  data-padding-pos=\"all\" data-has-bg-color=\"false\" data-bg-color=\"\" data-bg-opacity=\"1\" data-animation=\"\" data-delay=\"0\" >\n\t\t<div class=\"vc_column-inner\" >\n\t\t\t<div class=\"wpb_wrapper\">\n\t\t\t\t\n\t<div class=\"wpb_gallery wpb_content_element clearfix\">\n\t\t<div class=\"wpb_wrapper\"><div class=\"wpb_gallery_slidesflickity_static_height_style\" data-onclick=\"link_image\" data-interval=\"5\"><style>.wpb_gallery_slidesflickity_static_height_style .nectar-flickity.instace-6a04aba92b786:not(.masonry) .flickity-slider .cell img {\r\n      height: 500px;\r\n    }\r\n    @media only screen and (max-width: 1300px) {\r\n      .wpb_gallery_slidesflickity_static_height_style .nectar-flickity.instace-6a04aba92b786:not(.masonry) .flickity-slider .cell img {\r\n        height: 400px;\r\n      }\r\n    }\r\n    @media only screen and (max-width: 1000px) {\r\n      .wpb_gallery_slidesflickity_static_height_style .nectar-flickity.instace-6a04aba92b786:not(.masonry) .flickity-slider .cell img {\r\n        height: 350px;\r\n      }\r\n    }\r\n    @media only screen and (max-width: 690px) {\r\n      .wpb_gallery_slidesflickity_static_height_style .nectar-flickity.instace-6a04aba92b786:not(.masonry) .flickity-slider .cell img {\r\n        height: 300px;\r\n      }\r\n    }<\/style><div class=\"nectar-flickity not-initialized instace-6a04aba92b786\"  data-touch-icon-color=\"default\" data-drag-scale=\"\" data-overflow=\"visible\" data-wrap=\"no-wrap\" data-spacing=\"10px\" data-shadow=\"none\" data-autoplay=\"\" data-autoplay-dur=\"\" data-free-scroll=\"\" data-controls=\"touch_total\"><div class=\"flickity-viewport\"> <div class=\"flickity-slider\"><div class=\"cell\" data-lazy=\"true\"><img loading=\"lazy\" decoding=\"async\" width=\"1024\" height=\"683\"  src=\"data:image\/svg+xml;charset=utf-8,%3Csvg%20xmlns%3D'http%3A%2F%2Fwww.w3.org%2F2000%2Fsvg'%20viewBox%3D'0%200%201024%20683'%2F%3E\" data-nectar-img-src=\"https:\/\/www.joblev.de\/wp-content\/uploads\/2023\/12\/unbenannt-60836-1024x683.jpg\" class=\"skip-lazy nectar-lazy attachment-large\" alt=\"\" title=\"unbenannt-60836\"  data-nectar-img-srcset=\"https:\/\/www.joblev.de\/wp-content\/uploads\/2023\/12\/unbenannt-60836-1024x683.jpg 1024w, https:\/\/www.joblev.de\/wp-content\/uploads\/2023\/12\/unbenannt-60836-300x200.jpg 300w, https:\/\/www.joblev.de\/wp-content\/uploads\/2023\/12\/unbenannt-60836-768x512.jpg 768w, https:\/\/www.joblev.de\/wp-content\/uploads\/2023\/12\/unbenannt-60836-18x12.jpg 18w, https:\/\/www.joblev.de\/wp-content\/uploads\/2023\/12\/unbenannt-60836-900x600.jpg 900w, https:\/\/www.joblev.de\/wp-content\/uploads\/2023\/12\/unbenannt-60836.jpg 1200w\"><a class=\"entire-slide-link\"  href=\"https:\/\/www.joblev.de\/wp-content\/uploads\/2023\/12\/unbenannt-60836.jpg\"><\/a><\/div><div class=\"cell\" data-lazy=\"true\"><img loading=\"lazy\" decoding=\"async\" width=\"1024\" height=\"683\"  src=\"data:image\/svg+xml;charset=utf-8,%3Csvg%20xmlns%3D'http%3A%2F%2Fwww.w3.org%2F2000%2Fsvg'%20viewBox%3D'0%200%201024%20683'%2F%3E\" data-nectar-img-src=\"https:\/\/www.joblev.de\/wp-content\/uploads\/2023\/12\/unbenannt-60845-1024x683.jpg\" class=\"skip-lazy nectar-lazy attachment-large\" alt=\"\" title=\"unbenannt-60845\"  data-nectar-img-srcset=\"https:\/\/www.joblev.de\/wp-content\/uploads\/2023\/12\/unbenannt-60845-1024x683.jpg 1024w, https:\/\/www.joblev.de\/wp-content\/uploads\/2023\/12\/unbenannt-60845-300x200.jpg 300w, https:\/\/www.joblev.de\/wp-content\/uploads\/2023\/12\/unbenannt-60845-768x512.jpg 768w, https:\/\/www.joblev.de\/wp-content\/uploads\/2023\/12\/unbenannt-60845-18x12.jpg 18w, https:\/\/www.joblev.de\/wp-content\/uploads\/2023\/12\/unbenannt-60845-900x600.jpg 900w, https:\/\/www.joblev.de\/wp-content\/uploads\/2023\/12\/unbenannt-60845.jpg 1200w\"><a class=\"entire-slide-link\"  href=\"https:\/\/www.joblev.de\/wp-content\/uploads\/2023\/12\/unbenannt-60845.jpg\"><\/a><\/div><div class=\"cell\" data-lazy=\"true\"><img loading=\"lazy\" decoding=\"async\" width=\"1024\" height=\"683\"  src=\"data:image\/svg+xml;charset=utf-8,%3Csvg%20xmlns%3D'http%3A%2F%2Fwww.w3.org%2F2000%2Fsvg'%20viewBox%3D'0%200%201024%20683'%2F%3E\" data-nectar-img-src=\"https:\/\/www.joblev.de\/wp-content\/uploads\/2023\/12\/unbenannt-60869-1024x683.jpg\" class=\"skip-lazy nectar-lazy attachment-large\" alt=\"\" title=\"unbenannt-60869\"  data-nectar-img-srcset=\"https:\/\/www.joblev.de\/wp-content\/uploads\/2023\/12\/unbenannt-60869-1024x683.jpg 1024w, https:\/\/www.joblev.de\/wp-content\/uploads\/2023\/12\/unbenannt-60869-300x200.jpg 300w, https:\/\/www.joblev.de\/wp-content\/uploads\/2023\/12\/unbenannt-60869-768x512.jpg 768w, https:\/\/www.joblev.de\/wp-content\/uploads\/2023\/12\/unbenannt-60869-18x12.jpg 18w, https:\/\/www.joblev.de\/wp-content\/uploads\/2023\/12\/unbenannt-60869-900x600.jpg 900w, https:\/\/www.joblev.de\/wp-content\/uploads\/2023\/12\/unbenannt-60869.jpg 1200w\"><a class=\"entire-slide-link\"  href=\"https:\/\/www.joblev.de\/wp-content\/uploads\/2023\/12\/unbenannt-60869.jpg\"><\/a><\/div><\/div><\/div><\/div><\/div>\n\t\t<\/div> \n\t<\/div> \n\t\t\t<\/div> \n\t\t<\/div>\n\t<\/div> \n<\/div><\/div>","protected":false},"excerpt":{"rendered":"Berufssprachkurse Deutsch Leverkusen Berufssprachkurse Deutsch Die Berufssprachkurse Deutsch erweitern das Sprachf\u00f6rderangebot des Bundes f\u00fcr Menschen mit Migrationshintergrund. \ud83c\udfaf Ziel ist es, die Chancen der Teilnehmenden auf Integration in den Arbeitsmarkt,...","protected":false},"author":1,"featured_media":0,"parent":307,"menu_order":0,"comment_status":"closed","ping_status":"closed","template":"","meta":{"footnotes":""},"class_list":["post-483","page","type-page","status-publish"],"aioseo_notices":[],"_links":{"self":[{"href":"https:\/\/www.joblev.de\/en\/wp-json\/wp\/v2\/pages\/483","targetHints":{"allow":["GET"]}}],"collection":[{"href":"https:\/\/www.joblev.de\/en\/wp-json\/wp\/v2\/pages"}],"about":[{"href":"https:\/\/www.joblev.de\/en\/wp-json\/wp\/v2\/types\/page"}],"author":[{"embeddable":true,"href":"https:\/\/www.joblev.de\/en\/wp-json\/wp\/v2\/users\/1"}],"replies":[{"embeddable":true,"href":"https:\/\/www.joblev.de\/en\/wp-json\/wp\/v2\/comments?post=483"}],"version-history":[{"count":41,"href":"https:\/\/www.joblev.de\/en\/wp-json\/wp\/v2\/pages\/483\/revisions"}],"predecessor-version":[{"id":3143,"href":"https:\/\/www.joblev.de\/en\/wp-json\/wp\/v2\/pages\/483\/revisions\/3143"}],"up":[{"embeddable":true,"href":"https:\/\/www.joblev.de\/en\/wp-json\/wp\/v2\/pages\/307"}],"wp:attachment":[{"href":"https:\/\/www.joblev.de\/en\/wp-json\/wp\/v2\/media?parent=483"}],"curies":[{"name":"wp","href":"https:\/\/api.w.org\/{rel}","templated":true}]}}